{"id":7671,"date":"2025-05-05T16:51:59","date_gmt":"2025-05-05T14:51:59","guid":{"rendered":"https:\/\/www.kaspar-spirituosen.de\/shop\/produkt\/2017-chateauneuf-du-pape-la-bastide-st-dominique-075-lt\/"},"modified":"2025-10-24T16:15:39","modified_gmt":"2025-10-24T14:15:39","slug":"2019-chateauneuf-du-pape-la-bastide-st-dominique-075-lt","status":"publish","type":"product","link":"https:\/\/www.kaspar-spirituosen.de\/shop\/produkt\/2019-chateauneuf-du-pape-la-bastide-st-dominique-075-lt\/","title":{"rendered":"2019 Ch\u00e2teauneuf-du-Pape La Bastide St. Dominique 0,75 lt."},"content":{"rendered":"","protected":false},"excerpt":{"rendered":"<p>Das Weingut von \u00c9ric Bonnet umfasst 8 ha Rebland, die mit 40 Jahre alten Rebst\u00f6cken bepflanzt sind. Es werden die Rebsorten Grenache, Syrah, Mourvedre und Cinsault angebaut. W\u00e4hrend die Maischestandzeit 21 Tage betr\u00e4gt, wird der Wein 24 Monate lang in den traditionellen Beton-Tank gelagert. Das Weingut f\u00fcllt j\u00e4hrlich nur 35.000 Flaschen ab. Nicht verpassen!<\/p>\n<p>Schwarze Oliven, mediterrane Kr\u00e4uter, pechschwarze Frucht, ausladend und \u00fcppig wie ein Rubens! Im Mund dann zun\u00e4chst viel, viel Frucht und eine unheimlich hohe Viskosit\u00e4t. Dieser Ch\u00e2teauneuf flie\u00dft nicht, er rollt \u00fcber die Zunge und verstr\u00f6mt ein Aroma von eingelegten Kirschen. Bei dieser Gerbstoffstruktur kommen uns vor Freude die Tr\u00e4nen: reif, saftig und und doch straff. Der gesamte Wein ist total vom Gerbstoff durchzogen. Wie die Fettmaserung bei einem guten St\u00fcck Fleisch. Ein toller Wein, der sich \u00fcber Tage stabil in der Flasche h\u00e4lt.<\/p>\n<p>Enth\u00e4lt Sulfite, 0,75 L, 15 %<\/p>\n<p>LA BASTIDE SAINT DOMINIQUE<br \/>\n1358 CHEMIN ST DOMINIQUE<br \/>\n84350 COURTHEZON<br \/>\n: +33 (0) 4 90 70 85 32<br \/>\nfax : +33 (0) 4 90 70 76 64<br \/>\ncontact@bastidesaintdominique.com<br \/>\nwww.bastidesaintdominique.com<\/p>\n","protected":false},"featured_media":31346,"comment_status":"closed","ping_status":"closed","template":"","meta":{"_acf_changed":false},"product_brand":[],"product_cat":[230],"product_tag":[1098],"class_list":{"0":"post-7671","1":"product","2":"type-product","3":"status-publish","4":"has-post-thumbnail","6":"product_cat-unkategorisiert","7":"product_tag-la-bastide-saint-dominique-chateuneuf-chateauneuf-du-pape-rhone-rhone-rotwein-wein-weinbau-weine-weinprobe-weinkeller-weinversand-weinanbaugebiet-rolf-kaspar-essen-nrw","9":"first","10":"instock","11":"taxable","12":"shipping-taxable","13":"purchasable","14":"product-type-simple"},"acf":[],"_links":{"self":[{"href":"https:\/\/www.kaspar-spirituosen.de\/shop\/wp-json\/wp\/v2\/product\/7671","targetHints":{"allow":["GET"]}}],"collection":[{"href":"https:\/\/www.kaspar-spirituosen.de\/shop\/wp-json\/wp\/v2\/product"}],"about":[{"href":"https:\/\/www.kaspar-spirituosen.de\/shop\/wp-json\/wp\/v2\/types\/product"}],"replies":[{"embeddable":true,"href":"https:\/\/www.kaspar-spirituosen.de\/shop\/wp-json\/wp\/v2\/comments?post=7671"}],"wp:featuredmedia":[{"embeddable":true,"href":"https:\/\/www.kaspar-spirituosen.de\/shop\/wp-json\/wp\/v2\/media\/31346"}],"wp:attachment":[{"href":"https:\/\/www.kaspar-spirituosen.de\/shop\/wp-json\/wp\/v2\/media?parent=7671"}],"wp:term":[{"taxonomy":"product_brand","embeddable":true,"href":"https:\/\/www.kaspar-spirituosen.de\/shop\/wp-json\/wp\/v2\/product_brand?post=7671"},{"taxonomy":"product_cat","embeddable":true,"href":"https:\/\/www.kaspar-spirituosen.de\/shop\/wp-json\/wp\/v2\/product_cat?post=7671"},{"taxonomy":"product_tag","embeddable":true,"href":"https:\/\/www.kaspar-spirituosen.de\/shop\/wp-json\/wp\/v2\/product_tag?post=7671"}],"curies":[{"name":"wp","href":"https:\/\/api.w.org\/{rel}","templated":true}]}}