{"id":7688,"date":"2025-05-05T16:51:59","date_gmt":"2025-05-05T14:51:59","guid":{"rendered":"https:\/\/www.kaspar-spirituosen.de\/shop\/produkt\/muscat-de-rivesaltes-chateau-pezilla-075-lt\/"},"modified":"2025-10-24T16:15:40","modified_gmt":"2025-10-24T14:15:40","slug":"muscat-de-rivesaltes-chateau-pezilla-075-lt","status":"publish","type":"product","link":"https:\/\/www.kaspar-spirituosen.de\/shop\/produkt\/muscat-de-rivesaltes-chateau-pezilla-075-lt\/","title":{"rendered":"Muscat de Rivesaltes, Chateau Pezilla 0,75 lt."},"content":{"rendered":"","protected":false},"excerpt":{"rendered":"<p><strong>C\u00f4tes du Roussillon, Frankreich<\/strong><\/p>\n<p>Diese Spezialit\u00e4t aus dem S\u00fcden Frankreichs besteht aus der hocharomatischen Muscat a petits Grains und der etwas weniger ausdrucksstarken Muscat d&#8217;Alexandrie. Da die Verg\u00e4rung des Weines gestoppt wurde, liegt der Alkoholgehalt zwar bei 15,5 %, doch der sorgt f\u00fcr ein langes, aromatisches Leben. Ein Wein f\u00fcr sehr viele Anl\u00e4sse.<\/p>\n<div class=\"kno-ecr-pt kno-fb-ctx _hdf\" data-dtype=\"d3bn\" data-ved=\"0ahUKEwi4-MOpyMbQAhUsP5oKHef2C5gQ3B0IggEoADAS\">Arnaud de Villeneuve &#8211; Chateau Pezilla<\/div>\n<div class=\"kp-header\" data-ved=\"0ahUKEwi4-MOpyMbQAhUsP5oKHef2C5gQ3z4IdSgA\">\n<div>\n<div class=\"_b1m kp-hc\">\n<div class=\"mod\" data-hveid=\"134\" data-md=\"87\" data-ved=\"0ahUKEwi4-MOpyMbQAhUsP5oKHef2C5gQkzkIhgEwEw\">\n<div class=\"_mr _Jdp vk_gy\">Cave \u00e0 vins<\/div>\n<\/div>\n<\/div>\n<\/div>\n<\/div>\n<div class=\"mod\" style=\"clear: none;\" data-md=\"1002\" data-ved=\"0ahUKEwi4-MOpyMbQAhUsP5oKHef2C5gQkCkIiAEoAjAV\">\n<div class=\"_eFb\">\n<div class=\"_mr kno-fb-ctx\" data-dtype=\"d3adr\" data-ved=\"0ahUKEwi4-MOpyMbQAhUsP5oKHef2C5gQghwIiQEoADAV\"><span class=\"_xdb\"><a class=\"fl\" href=\"https:\/\/www.google.de\/search?biw=1280&amp;bih=913&amp;q=arnaud+de+villeneuve+-+chateau+pezilla+adresse&amp;stick=H4sIAAAAAAAAAOPgE-LRT9c3NMrNMcozSTbVks1OttLPyU9OLMnMz4MzrBJTUopSi4sB5_jSTi8AAAA&amp;sa=X&amp;ved=0ahUKEwi4-MOpyMbQAhUsP5oKHef2C5gQ6BMIigEwFQ\" data-ved=\"0ahUKEwi4-MOpyMbQAhUsP5oKHef2C5gQ6BMIigEwFQ\">Adresse<\/a>: <\/span><span class=\"_Xbe\">29 Avenue du Canigou, 66370 P\u00e9zilla-la-Rivi\u00e8re, Frankreich<\/span><\/div>\n<\/div>\n<\/div>\n<div class=\"_eFb\">\n<div class=\"_mr kno-fb-ctx\" data-dtype=\"d3ph\" data-ved=\"0ahUKEwi4-MOpyMbQAhUsP5oKHef2C5gQ8I0BCIwBKAAwFg\"><span class=\"_xdb\"><a class=\"fl\" href=\"https:\/\/www.google.de\/search?biw=1280&amp;bih=913&amp;q=arnaud+de+villeneuve+-+chateau+pezilla+telefon&amp;stick=H4sIAAAAAAAAAOPgE-LRT9c3NMrNMcozSTbV0s9OttJPzs_JSU0uyczP08_Oyy_PSU1JT40vSMxLzSnWz0gsji_IyM9LtQKTABfGa0dBAAAA&amp;sa=X&amp;ved=0ahUKEwi4-MOpyMbQAhUsP5oKHef2C5gQ6BMIjQEwFg\" data-ved=\"0ahUKEwi4-MOpyMbQAhUsP5oKHef2C5gQ6BMIjQEwFg\">Telefon<\/a>: <\/span><span class=\"_Xbe _ZWk kno-fv\"><span data-dtype=\"d3ph\">+33 4 68 92 00 09<\/span><\/span><\/div>\n<div class=\"_mr kno-fb-ctx\" data-dtype=\"d3ph\" data-ved=\"0ahUKEwi4-MOpyMbQAhUsP5oKHef2C5gQ8I0BCIwBKAAwFg\"><span style=\"font-family: Arial, Verdana, Helvetica; font-size: 18px;\">enth\u00e4lt Sulfite<\/span><\/div>\n<\/div>\n<p>&nbsp;<\/p>\n<p>&nbsp;<\/p>\n<p>&nbsp;<\/p>\n<p>&nbsp;<\/p>\n","protected":false},"featured_media":31351,"comment_status":"closed","ping_status":"closed","template":"","meta":{"_acf_changed":false},"product_brand":[],"product_cat":[1538],"product_tag":[1115],"class_list":{"0":"post-7688","1":"product","2":"type-product","3":"status-publish","4":"has-post-thumbnail","6":"product_cat-suessweine","7":"product_tag-muscat-des-rivesaltes-vignerons-de-pezilla-suesswein-suess-suess-suesswein-weisswein-weiss-weiss-wein-franzoesisch-weisswein-rolf-kaspar-nrw-essen-fachhandel-frankreich","9":"first","10":"outofstock","11":"taxable","12":"shipping-taxable","13":"purchasable","14":"product-type-simple"},"acf":[],"_links":{"self":[{"href":"https:\/\/www.kaspar-spirituosen.de\/shop\/wp-json\/wp\/v2\/product\/7688","targetHints":{"allow":["GET"]}}],"collection":[{"href":"https:\/\/www.kaspar-spirituosen.de\/shop\/wp-json\/wp\/v2\/product"}],"about":[{"href":"https:\/\/www.kaspar-spirituosen.de\/shop\/wp-json\/wp\/v2\/types\/product"}],"replies":[{"embeddable":true,"href":"https:\/\/www.kaspar-spirituosen.de\/shop\/wp-json\/wp\/v2\/comments?post=7688"}],"wp:featuredmedia":[{"embeddable":true,"href":"https:\/\/www.kaspar-spirituosen.de\/shop\/wp-json\/wp\/v2\/media\/31351"}],"wp:attachment":[{"href":"https:\/\/www.kaspar-spirituosen.de\/shop\/wp-json\/wp\/v2\/media?parent=7688"}],"wp:term":[{"taxonomy":"product_brand","embeddable":true,"href":"https:\/\/www.kaspar-spirituosen.de\/shop\/wp-json\/wp\/v2\/product_brand?post=7688"},{"taxonomy":"product_cat","embeddable":true,"href":"https:\/\/www.kaspar-spirituosen.de\/shop\/wp-json\/wp\/v2\/product_cat?post=7688"},{"taxonomy":"product_tag","embeddable":true,"href":"https:\/\/www.kaspar-spirituosen.de\/shop\/wp-json\/wp\/v2\/product_tag?post=7688"}],"curies":[{"name":"wp","href":"https:\/\/api.w.org\/{rel}","templated":true}]}}