{"id":7696,"date":"2025-05-05T16:52:12","date_gmt":"2025-05-05T14:52:12","guid":{"rendered":"https:\/\/www.kaspar-spirituosen.de\/shop\/produkt\/2020-domaine-des-enfants-suis-letoile-075-lt\/"},"modified":"2026-02-27T20:53:28","modified_gmt":"2026-02-27T19:53:28","slug":"2020-domaine-des-enfants-suis-letoile-075-lt","status":"publish","type":"product","link":"https:\/\/www.kaspar-spirituosen.de\/shop\/produkt\/2020-domaine-des-enfants-suis-letoile-075-lt\/","title":{"rendered":"2020 Domaine des Enfants &#8222;suis l&#8217;\u00e9toile&#8220; 0,75 lt."},"content":{"rendered":"<p style=\"font-size: 16px; font-family: Arial, Verdana, Helvetica;\"><strong style=\"font-size: 16px;\">Roussillion, Frankreich<\/strong><\/p>\n<p style=\"font-size: 16px; font-family: Arial, Verdana, Helvetica;\">Die Domaine des Enfants wurde im Jahre 2006 gegr\u00fcndet. Mehr als die H\u00e4lfte der 21 ha Weinberge wurden vor dem zweiten Weltkrieg und damit vor der ersten Kartierung gepflanzt, einige von ihnen sind \u00fcber 100 Jahre alt. Ziel war es von Anfang an, nicht nur tolle Weine zu machen, sondern diese einmalige, vom Verschwinden bedrohte Kulturlandschaft zu erhalten und dieses Erbe zu bewahren.<\/p>\n<p style=\"font-size: 16px; font-family: Arial, Verdana, Helvetica;\">Der Erstwein, &#8222;<strong style=\"font-size: 16px;\">suis l&#8217;\u00e9toile<\/strong>&#8222;, ist eine Cuv\u00e9e der alten Grenache- und Carignanparzellen sowie Syrah. Auch hier ist die prozentuale Zusammensetzung jahrgangsabh\u00e4ngig. Er wird 18 Monate in franz\u00f6sischen F\u00e4ssern verschiedener Gr\u00f6\u00dfe ausgebaut<\/p>\n<p style=\"font-size: 16px; font-family: Arial, Verdana, Helvetica;\">Enth\u00e4lt Sulfite, 0,75 L, 14% vol.<\/p>\n<p>Domaine des Enfants<br \/>\nMarcel B\u00fchler<br \/>\n8 Bis Boulevard Pierre Bascou<br \/>\n66220 Saint-Paul-de-Fenouillet<br \/>\nFrankreich<br \/>\nTelefon:+33 4 68 28 53 29<\/p>\n","protected":false},"excerpt":{"rendered":"<p style=\"font-size: 16px; font-family: Arial, Verdana, Helvetica;\"><strong style=\"font-size: 16px;\">Roussillion, Frankreich<\/strong><\/p>\n<p style=\"font-size: 16px; font-family: Arial, Verdana, Helvetica;\">Die Domaine des Enfants wurde im Jahre 2006 gegr\u00fcndet. Mehr als die H\u00e4lfte der 21 ha Weinberge wurden vor dem zweiten Weltkrieg und damit vor der ersten Kartierung gepflanzt, einige von ihnen sind \u00fcber 100 Jahre alt. Ziel war es von Anfang an, nicht nur tolle Weine zu machen, sondern diese einmalige, vom Verschwinden bedrohte Kulturlandschaft zu erhalten und dieses Erbe zu bewahren.<\/p>\n<p style=\"font-size: 16px; font-family: Arial, Verdana, Helvetica;\">Der Erstwein, &#8222;<strong style=\"font-size: 16px;\">suis l&#8217;\u00e9toile<\/strong>&#8222;, ist eine Cuv\u00e9e der alten Grenache- und Carignanparzellen sowie Syrah. Auch hier ist die prozentuale Zusammensetzung jahrgangsabh\u00e4ngig. Er wird 18 Monate in franz\u00f6sischen F\u00e4ssern verschiedener Gr\u00f6\u00dfe ausgebaut<\/p>\n<p style=\"font-size: 16px; font-family: Arial, Verdana, Helvetica;\">Enth\u00e4lt Sulfite, 0,75 L, 14% vol.<\/p>\n<p>Domaine des Enfants<br \/>\nMarcel B\u00fchler<br \/>\n8 Bis Boulevard Pierre Bascou<br \/>\n66220 Saint-Paul-de-Fenouillet<br \/>\nFrankreich<br \/>\nTelefon:+33 4 68 28 53 29<\/p>\n","protected":false},"featured_media":31355,"comment_status":"closed","ping_status":"closed","template":"","meta":{"_acf_changed":false},"product_brand":[],"product_cat":[1505,1514,1516],"product_tag":[1121],"class_list":{"0":"post-7696","1":"product","2":"type-product","3":"status-publish","4":"has-post-thumbnail","6":"product_cat-rotweine","7":"product_cat-frankreich","8":"product_cat-languedoc-roussillon-und-der-suedwesten","9":"product_tag-grenache-kaspar-frankreich-franzoesisch-rolf-nrw-essen-rousillon-wein-weine-syrah-rotwein-carignan-enfant","11":"first","12":"instock","13":"taxable","14":"shipping-taxable","15":"purchasable","16":"product-type-simple"},"acf":[],"_links":{"self":[{"href":"https:\/\/www.kaspar-spirituosen.de\/shop\/wp-json\/wp\/v2\/product\/7696","targetHints":{"allow":["GET"]}}],"collection":[{"href":"https:\/\/www.kaspar-spirituosen.de\/shop\/wp-json\/wp\/v2\/product"}],"about":[{"href":"https:\/\/www.kaspar-spirituosen.de\/shop\/wp-json\/wp\/v2\/types\/product"}],"replies":[{"embeddable":true,"href":"https:\/\/www.kaspar-spirituosen.de\/shop\/wp-json\/wp\/v2\/comments?post=7696"}],"wp:featuredmedia":[{"embeddable":true,"href":"https:\/\/www.kaspar-spirituosen.de\/shop\/wp-json\/wp\/v2\/media\/31355"}],"wp:attachment":[{"href":"https:\/\/www.kaspar-spirituosen.de\/shop\/wp-json\/wp\/v2\/media?parent=7696"}],"wp:term":[{"taxonomy":"product_brand","embeddable":true,"href":"https:\/\/www.kaspar-spirituosen.de\/shop\/wp-json\/wp\/v2\/product_brand?post=7696"},{"taxonomy":"product_cat","embeddable":true,"href":"https:\/\/www.kaspar-spirituosen.de\/shop\/wp-json\/wp\/v2\/product_cat?post=7696"},{"taxonomy":"product_tag","embeddable":true,"href":"https:\/\/www.kaspar-spirituosen.de\/shop\/wp-json\/wp\/v2\/product_tag?post=7696"}],"curies":[{"name":"wp","href":"https:\/\/api.w.org\/{rel}","templated":true}]}}