{"id":7698,"date":"2025-05-05T16:52:12","date_gmt":"2025-05-05T14:52:12","guid":{"rendered":"https:\/\/www.kaspar-spirituosen.de\/shop\/produkt\/2019-domaine-des-enfants-lenfant-perdu-075-lt\/"},"modified":"2025-12-03T14:21:32","modified_gmt":"2025-12-03T13:21:32","slug":"2019-domaine-des-enfants-lenfant-perdu-075-lt","status":"publish","type":"product","link":"https:\/\/www.kaspar-spirituosen.de\/shop\/produkt\/2019-domaine-des-enfants-lenfant-perdu-075-lt\/","title":{"rendered":"2019 Domaine des Enfants &#8222;l&#8217;enfant perdu&#8220; 0,75 lt."},"content":{"rendered":"<p style=\"font-size: 16px; font-family: Arial, Verdana, Helvetica;\"><strong style=\"font-size: 16px;\">Roussillion, Frankreich<\/strong><\/p>\n<p style=\"font-size: 16px; font-family: Arial, Verdana, Helvetica;\">Die Domaine des Enfants wurde im Jahre 2006 gegr\u00fcndet. Mehr als die H\u00e4lfte der 21 ha Weinberge wurden vor dem zweiten Weltkrieg und damit vor der ersten Kartierung gepflanzt, einige von ihnen sind \u00fcber 100 Jahre alt. Ziel war es von Anfang an, nicht nur tolle Weine zu machen, sondern diese einmalige, vom Verschwinden bedrohte Kulturlandschaft zu erhalten und dieses Erbe zu bewahren.<\/p>\n<p style=\"font-size: 16px; font-family: Arial, Verdana, Helvetica;\">&#8222;<strong style=\"font-size: 16px;\">L&#8217;enfant perdu<\/strong>&#8220; ist der Zweitwein der Domaine, ohne ein typischer Zweitwein zu sein. Die Zusammensetzung ist von Jahr zu Jahr verschieden, je nachdem welche Parzellen f\u00fcr die Erstweine ausgew\u00e4hlt werden, er enth\u00e4lt jedoch immer alle vier angebauten Traubensorten, Grenache, Carignan, Lladoner Pelut und Syrah. Generell besteht der Zweitwein zu rund zwei Drittel aus Trauben aus den j\u00fcngeren Anlagen, wobei j\u00fcngere Anlagen ein Alter\u00a0<strong style=\"font-size: 16px;\">zwischen 10 und 50<\/strong>\u00a0Jahren bedeutet! Der Wein wird je zur H\u00e4lfte in franz\u00f6sischen F\u00e4ssern und im Betontank ausgebaut.<\/p>\n<p style=\"font-size: 16px; font-family: Arial, Verdana, Helvetica;\">Enth\u00e4lt Sulfite, 0,75 L, 14,5 % vol.<\/p>\n<p>Domaine des Enfants<br \/>\nMarcel B\u00fchler<br \/>\n8 Bis Boulevard Pierre Bascou<br \/>\n66220 Saint-Paul-de-Fenouillet<br \/>\nFrankreich<br \/>\nTelefon:+33 4 68 28 53 29<\/p>\n","protected":false},"excerpt":{"rendered":"<p style=\"font-size: 16px; font-family: Arial, Verdana, Helvetica;\"><strong style=\"font-size: 16px;\">Roussillion, Frankreich<\/strong><\/p>\n<p style=\"font-size: 16px; font-family: Arial, Verdana, Helvetica;\">Die Domaine des Enfants wurde im Jahre 2006 gegr\u00fcndet. Mehr als die H\u00e4lfte der 21 ha Weinberge wurden vor dem zweiten Weltkrieg und damit vor der ersten Kartierung gepflanzt, einige von ihnen sind \u00fcber 100 Jahre alt. Ziel war es von Anfang an, nicht nur tolle Weine zu machen, sondern diese einmalige, vom Verschwinden bedrohte Kulturlandschaft zu erhalten und dieses Erbe zu bewahren.<\/p>\n<p style=\"font-size: 16px; font-family: Arial, Verdana, Helvetica;\">&#8222;<strong style=\"font-size: 16px;\">L&#8217;enfant perdu<\/strong>&#8220; ist der Zweitwein der Domaine, ohne ein typischer Zweitwein zu sein. Die Zusammensetzung ist von Jahr zu Jahr verschieden, je nachdem welche Parzellen f\u00fcr die Erstweine ausgew\u00e4hlt werden, er enth\u00e4lt jedoch immer alle vier angebauten Traubensorten, Grenache, Carignan, Lladoner Pelut und Syrah. Generell besteht der Zweitwein zu rund zwei Drittel aus Trauben aus den j\u00fcngeren Anlagen, wobei j\u00fcngere Anlagen ein Alter\u00a0<strong style=\"font-size: 16px;\">zwischen 10 und 50<\/strong>\u00a0Jahren bedeutet! Der Wein wird je zur H\u00e4lfte in franz\u00f6sischen F\u00e4ssern und im Betontank ausgebaut.<\/p>\n<p style=\"font-size: 16px; font-family: Arial, Verdana, Helvetica;\">Enth\u00e4lt Sulfite, 0,75 L, 14,5 % vol.<\/p>\n<p>Domaine des Enfants<br \/>\nMarcel B\u00fchler<br \/>\n8 Bis Boulevard Pierre Bascou<br \/>\n66220 Saint-Paul-de-Fenouillet<br \/>\nFrankreich<br \/>\nTelefon:+33 4 68 28 53 29<\/p>\n","protected":false},"featured_media":31356,"comment_status":"closed","ping_status":"closed","template":"","meta":{"_acf_changed":false},"product_brand":[],"product_cat":[1505,1514,1516],"product_tag":[1119],"class_list":{"0":"post-7698","1":"product","2":"type-product","3":"status-publish","4":"has-post-thumbnail","6":"product_cat-rotweine","7":"product_cat-frankreich","8":"product_cat-languedoc-roussillon-und-der-suedwesten","9":"product_tag-grenache-kaspar-frankreich-franzoesisch-rolf-nrw-essen-rousillon-wein-weine-syrah-rotwein-carignan","11":"first","12":"instock","13":"taxable","14":"shipping-taxable","15":"purchasable","16":"product-type-simple"},"acf":[],"_links":{"self":[{"href":"https:\/\/www.kaspar-spirituosen.de\/shop\/wp-json\/wp\/v2\/product\/7698","targetHints":{"allow":["GET"]}}],"collection":[{"href":"https:\/\/www.kaspar-spirituosen.de\/shop\/wp-json\/wp\/v2\/product"}],"about":[{"href":"https:\/\/www.kaspar-spirituosen.de\/shop\/wp-json\/wp\/v2\/types\/product"}],"replies":[{"embeddable":true,"href":"https:\/\/www.kaspar-spirituosen.de\/shop\/wp-json\/wp\/v2\/comments?post=7698"}],"wp:featuredmedia":[{"embeddable":true,"href":"https:\/\/www.kaspar-spirituosen.de\/shop\/wp-json\/wp\/v2\/media\/31356"}],"wp:attachment":[{"href":"https:\/\/www.kaspar-spirituosen.de\/shop\/wp-json\/wp\/v2\/media?parent=7698"}],"wp:term":[{"taxonomy":"product_brand","embeddable":true,"href":"https:\/\/www.kaspar-spirituosen.de\/shop\/wp-json\/wp\/v2\/product_brand?post=7698"},{"taxonomy":"product_cat","embeddable":true,"href":"https:\/\/www.kaspar-spirituosen.de\/shop\/wp-json\/wp\/v2\/product_cat?post=7698"},{"taxonomy":"product_tag","embeddable":true,"href":"https:\/\/www.kaspar-spirituosen.de\/shop\/wp-json\/wp\/v2\/product_tag?post=7698"}],"curies":[{"name":"wp","href":"https:\/\/api.w.org\/{rel}","templated":true}]}}