{"id":7704,"date":"2025-05-05T16:52:12","date_gmt":"2025-05-05T14:52:12","guid":{"rendered":"https:\/\/www.kaspar-spirituosen.de\/shop\/produkt\/2023-graves-dardonneau-sauvignon-blanc-075-lt\/"},"modified":"2025-10-24T16:15:32","modified_gmt":"2025-10-24T14:15:32","slug":"2023-graves-dardonneau-sauvignon-blanc-075-lt","status":"publish","type":"product","link":"https:\/\/www.kaspar-spirituosen.de\/shop\/produkt\/2023-graves-dardonneau-sauvignon-blanc-075-lt\/","title":{"rendered":"2023 Graves d&#8217;Ardonneau Sauvignon Blanc 0,75 lt."},"content":{"rendered":"<p><b>Cotes de Blaye (Bordeaux) , Frankreich<\/b><\/p>\n<p>Seit 1763 kultiviert die Familie Rey in der Gemeinde St. Mariens ihre Liebe zum Weinbau und nat\u00fcrlich zum Wein. 1960 \u00fcbernahm Simon Rey Leitung des Weingutes, und seit 1973 f\u00fcllte man die eigenen Weine unter dem Namen &#8222;Domaine des Graves d\u2019Ardonneau&#8220; ab.<br \/>\nDer <b>Sauvignon Blanc<\/b>,\u00a05 Monate im Edelstahltank ausgebaut, ist ein klassisch fruchtiger, sch\u00f6n ausgewogener Wei\u00dfwein mit angenehmer S\u00e4ure.<\/p>\n<p>Wein<br \/>\nAlkoholgehalt 13 %vol.<br \/>\nEnth\u00e4lt Sulfite<br \/>\nSimon REY et Fils Proprietaires a Saint Mariens, 33620, France<\/p>\n","protected":false},"excerpt":{"rendered":"<p><b>Cotes de Blaye (Bordeaux) , Frankreich<\/b><\/p>\n<p>Seit 1763 kultiviert die Familie Rey in der Gemeinde St. Mariens ihre Liebe zum Weinbau und nat\u00fcrlich zum Wein. 1960 \u00fcbernahm Simon Rey Leitung des Weingutes, und seit 1973 f\u00fcllte man die eigenen Weine unter dem Namen &#8222;Domaine des Graves d\u2019Ardonneau&#8220; ab.<br \/>\nDer <b>Sauvignon Blanc<\/b>,\u00a05 Monate im Edelstahltank ausgebaut, ist ein klassisch fruchtiger, sch\u00f6n ausgewogener Wei\u00dfwein mit angenehmer S\u00e4ure.<\/p>\n<p>Wein<br \/>\nAlkoholgehalt 13 % vol.<br \/>\nEnth\u00e4lt Sulfite<br \/>\nSimon REY et Fils Proprietaires a Saint Mariens, 33620, France<\/p>\n","protected":false},"featured_media":31359,"comment_status":"closed","ping_status":"closed","template":"","meta":{"_acf_changed":false},"product_brand":[],"product_cat":[1526,1534],"product_tag":[1123],"class_list":{"0":"post-7704","1":"product","2":"type-product","3":"status-publish","4":"has-post-thumbnail","6":"product_cat-weissweine","7":"product_cat-frankreich-02-2","8":"product_tag-frankreich-franzoesisch-bordeaux-weisswein-weiss-weiss-weisswein-wein-domaine-rolf-kaspar-essen-wein-weine-weinprobe","10":"first","11":"instock","12":"taxable","13":"shipping-taxable","14":"purchasable","15":"product-type-simple"},"acf":[],"_links":{"self":[{"href":"https:\/\/www.kaspar-spirituosen.de\/shop\/wp-json\/wp\/v2\/product\/7704","targetHints":{"allow":["GET"]}}],"collection":[{"href":"https:\/\/www.kaspar-spirituosen.de\/shop\/wp-json\/wp\/v2\/product"}],"about":[{"href":"https:\/\/www.kaspar-spirituosen.de\/shop\/wp-json\/wp\/v2\/types\/product"}],"replies":[{"embeddable":true,"href":"https:\/\/www.kaspar-spirituosen.de\/shop\/wp-json\/wp\/v2\/comments?post=7704"}],"wp:featuredmedia":[{"embeddable":true,"href":"https:\/\/www.kaspar-spirituosen.de\/shop\/wp-json\/wp\/v2\/media\/31359"}],"wp:attachment":[{"href":"https:\/\/www.kaspar-spirituosen.de\/shop\/wp-json\/wp\/v2\/media?parent=7704"}],"wp:term":[{"taxonomy":"product_brand","embeddable":true,"href":"https:\/\/www.kaspar-spirituosen.de\/shop\/wp-json\/wp\/v2\/product_brand?post=7704"},{"taxonomy":"product_cat","embeddable":true,"href":"https:\/\/www.kaspar-spirituosen.de\/shop\/wp-json\/wp\/v2\/product_cat?post=7704"},{"taxonomy":"product_tag","embeddable":true,"href":"https:\/\/www.kaspar-spirituosen.de\/shop\/wp-json\/wp\/v2\/product_tag?post=7704"}],"curies":[{"name":"wp","href":"https:\/\/api.w.org\/{rel}","templated":true}]}}