{"id":7710,"date":"2025-05-05T16:52:12","date_gmt":"2025-05-05T14:52:12","guid":{"rendered":"https:\/\/www.kaspar-spirituosen.de\/shop\/produkt\/2023-graves-dardonneau-cuvee-prestige-blanc-075-lt\/"},"modified":"2025-10-24T16:15:33","modified_gmt":"2025-10-24T14:15:33","slug":"2024-graves-dardonneau-cuvee-prestige-blanc-075-lt","status":"publish","type":"product","link":"https:\/\/www.kaspar-spirituosen.de\/shop\/produkt\/2024-graves-dardonneau-cuvee-prestige-blanc-075-lt\/","title":{"rendered":"2024 Graves d&#8217;Ardonneau Cuv\u00e9e Prestige Blanc 0,75 lt"},"content":{"rendered":"<p><strong>Graves, Frankreich<\/strong><\/p>\n<p>Seit 1763 kultiviert die Familie Rey in der Gemeinde St. Mariens ihre Liebe zum Weinbau und nat\u00fcrlich zum Wein. 1960 \u00fcbernahm Simon Rex Leitung des Weingutes, und seit 1973 f\u00fcllte man die eigenen Weine unter dem Namen &#8222;Domaine des Graves d\u2019Ardonneau&#8220; ab.<\/p>\n<p>Der <strong>Cuv\u00e9e Prestige Blanc<\/strong>, 8 Monate im neuen Holzfass ausgebaut, verzaubert mit seiner vollmundig-cremigen Art, seinen dezenten Citrusfrucht-Aromen und seiner angenehmen Holznote.<br \/>\nLaut der <a href=\"https:\/\/www.gravesdardonneau.com\/vins\/\">Homepage<\/a> des Weingutes besteht der Wein aus 60% Sauvignon Blanc und 10% Colombard. Ich werde da wohl noch mal nachfragen&#8230;.. \ud83d\ude09<\/p>\n<p>Wein<br \/>\nAlkoholgehalt 13%vol.<br \/>\nEnth\u00e4lt Sulfite<br \/>\nSimon REY et Fils Proprietaires a Saint Mariens, 33620, France<\/p>\n<p>&nbsp;<\/p>\n","protected":false},"excerpt":{"rendered":"<p><strong>Graves, Frankreich<\/strong><\/p>\n<p>Seit 1763 kultiviert die Familie Rey in der Gemeinde St. Mariens ihre Liebe zum Weinbau und nat\u00fcrlich zum Wein. 1960 \u00fcbernahm Simon Rex Leitung des Weingutes, und seit 1973 f\u00fcllte man die eigenen Weine unter dem Namen &#8222;Domaine des Graves d\u2019Ardonneau&#8220; ab.<\/p>\n<p>Der <strong>Cuv\u00e9e Prestige Blanc<\/strong>, 8 Monate im neuen Holzfass ausgebaut, verzaubert mit seiner vollmundig-cremigen Art, seinen dezenten Citrusfrucht-Aromen und seiner angenehmen Holznote.<br \/>\nLaut der <a href=\"https:\/\/www.gravesdardonneau.com\/vins\/\">Homepage<\/a> des Weingutes besteht der Wein aus 60% Sauvignon Blanc und 10% Colombard. Ich werde da wohl noch mal nachfragen&#8230;.. \ud83d\ude09<\/p>\n<p>Wein<br \/>\nAlkoholgehalt 13%vol.<br \/>\nEnth\u00e4lt Sulfite<br \/>\nSimon REY et Fils Proprietaires a Saint Mariens, 33620, France<\/p>\n<p>&nbsp;<\/p>\n<p>&nbsp;<\/p>\n","protected":false},"featured_media":31361,"comment_status":"closed","ping_status":"closed","template":"","meta":{"_acf_changed":false},"product_brand":[],"product_cat":[1526,1534],"product_tag":[1123],"class_list":{"0":"post-7710","1":"product","2":"type-product","3":"status-publish","4":"has-post-thumbnail","6":"product_cat-weissweine","7":"product_cat-frankreich-02-2","8":"product_tag-frankreich-franzoesisch-bordeaux-weisswein-weiss-weiss-weisswein-wein-domaine-rolf-kaspar-essen-wein-weine-weinprobe","10":"first","11":"instock","12":"taxable","13":"shipping-taxable","14":"purchasable","15":"product-type-simple"},"acf":[],"_links":{"self":[{"href":"https:\/\/www.kaspar-spirituosen.de\/shop\/wp-json\/wp\/v2\/product\/7710","targetHints":{"allow":["GET"]}}],"collection":[{"href":"https:\/\/www.kaspar-spirituosen.de\/shop\/wp-json\/wp\/v2\/product"}],"about":[{"href":"https:\/\/www.kaspar-spirituosen.de\/shop\/wp-json\/wp\/v2\/types\/product"}],"replies":[{"embeddable":true,"href":"https:\/\/www.kaspar-spirituosen.de\/shop\/wp-json\/wp\/v2\/comments?post=7710"}],"wp:featuredmedia":[{"embeddable":true,"href":"https:\/\/www.kaspar-spirituosen.de\/shop\/wp-json\/wp\/v2\/media\/31361"}],"wp:attachment":[{"href":"https:\/\/www.kaspar-spirituosen.de\/shop\/wp-json\/wp\/v2\/media?parent=7710"}],"wp:term":[{"taxonomy":"product_brand","embeddable":true,"href":"https:\/\/www.kaspar-spirituosen.de\/shop\/wp-json\/wp\/v2\/product_brand?post=7710"},{"taxonomy":"product_cat","embeddable":true,"href":"https:\/\/www.kaspar-spirituosen.de\/shop\/wp-json\/wp\/v2\/product_cat?post=7710"},{"taxonomy":"product_tag","embeddable":true,"href":"https:\/\/www.kaspar-spirituosen.de\/shop\/wp-json\/wp\/v2\/product_tag?post=7710"}],"curies":[{"name":"wp","href":"https:\/\/api.w.org\/{rel}","templated":true}]}}