{"id":7718,"date":"2025-05-05T16:52:12","date_gmt":"2025-05-05T14:52:12","guid":{"rendered":"https:\/\/www.kaspar-spirituosen.de\/shop\/produkt\/2023-langhe-favorita-vermentino-fallegro-doc-gianni-gagliardo-075-lt\/"},"modified":"2026-04-09T17:22:16","modified_gmt":"2026-04-09T15:22:16","slug":"2023-langhe-favorita-vermentino-fallegro-doc-gianni-gagliardo-075-lt","status":"publish","type":"product","link":"https:\/\/www.kaspar-spirituosen.de\/shop\/produkt\/2023-langhe-favorita-vermentino-fallegro-doc-gianni-gagliardo-075-lt\/","title":{"rendered":"2023 Langhe Favorita (Vermentino) &#8222;Fallegro&#8220; DOC, Gianni Gagliardo, 0,75 lt"},"content":{"rendered":"","protected":false},"excerpt":{"rendered":"<p><b>Piemont<\/b><\/p>\n<p>Das Weingut Gianni Gagliardo liegt in La Morra, mitten im Langhe des Barolo !<\/p>\n<p>Dieses wunderbare Land hat perfekte, nat\u00fcrliche Voraussetzungen f\u00fcr die Herstellung von weltklasse Weinen und so viele andere kulinarische K\u00f6stlichkeiten und urspr\u00fcnglicher Kultur, wie Tr\u00fcffel oder Haseln\u00fcsse, traditionelle Dorffeste, Jahrhunderte alte Burgen und vieles mehr.<\/p>\n<p><b>Langhe Favorita (Vermentino) &#8222;Fallegro&#8220; DOC, pure Eleganz ohne Holzfasseinsatz !! Einer der besten Weissweine des Piemont &#8211; grandios !<\/b><\/p>\n<p>Geografische Herkunft: Roero<br \/>\nRebsorte: Vermentino<br \/>\nAusbau: 4 Monate im Stahltank vor der Flaschenabf\u00fcllung<\/p>\n<p>Wein<br \/>\nAlkoholgehalt 12,5 % vol., 0,75 L<br \/>\nEnth\u00e4lt Sulfite<br \/>\nGianni Gagliardo srl, B.ta Serra dei Turchi 88, 12064 La Morra, Italien<\/p>\n","protected":false},"featured_media":31364,"comment_status":"closed","ping_status":"closed","template":"","meta":{"_acf_changed":false},"product_brand":[],"product_cat":[1526,1533],"product_tag":[1130],"class_list":{"0":"post-7718","1":"product","2":"type-product","3":"status-publish","4":"has-post-thumbnail","6":"product_cat-weissweine","7":"product_cat-italien-zypern-02-2","8":"product_tag-gianni-gagliardo-piemont-piemonteser-essen-nrw-rolf-kaspar-wein-weine-weissweinn-italien-italienisch-langhe-favorita-vermentino-fallegro-doc-la-morra","10":"first","11":"outofstock","12":"taxable","13":"shipping-taxable","14":"purchasable","15":"product-type-simple"},"acf":[],"_links":{"self":[{"href":"https:\/\/www.kaspar-spirituosen.de\/shop\/wp-json\/wp\/v2\/product\/7718","targetHints":{"allow":["GET"]}}],"collection":[{"href":"https:\/\/www.kaspar-spirituosen.de\/shop\/wp-json\/wp\/v2\/product"}],"about":[{"href":"https:\/\/www.kaspar-spirituosen.de\/shop\/wp-json\/wp\/v2\/types\/product"}],"replies":[{"embeddable":true,"href":"https:\/\/www.kaspar-spirituosen.de\/shop\/wp-json\/wp\/v2\/comments?post=7718"}],"wp:featuredmedia":[{"embeddable":true,"href":"https:\/\/www.kaspar-spirituosen.de\/shop\/wp-json\/wp\/v2\/media\/31364"}],"wp:attachment":[{"href":"https:\/\/www.kaspar-spirituosen.de\/shop\/wp-json\/wp\/v2\/media?parent=7718"}],"wp:term":[{"taxonomy":"product_brand","embeddable":true,"href":"https:\/\/www.kaspar-spirituosen.de\/shop\/wp-json\/wp\/v2\/product_brand?post=7718"},{"taxonomy":"product_cat","embeddable":true,"href":"https:\/\/www.kaspar-spirituosen.de\/shop\/wp-json\/wp\/v2\/product_cat?post=7718"},{"taxonomy":"product_tag","embeddable":true,"href":"https:\/\/www.kaspar-spirituosen.de\/shop\/wp-json\/wp\/v2\/product_tag?post=7718"}],"curies":[{"name":"wp","href":"https:\/\/api.w.org\/{rel}","templated":true}]}}