{"id":7742,"date":"2025-05-05T16:52:24","date_gmt":"2025-05-05T14:52:24","guid":{"rendered":"https:\/\/www.kaspar-spirituosen.de\/shop\/produkt\/2022-primitivo-di-manduria-80old-wines-cignomoro-075-lt\/"},"modified":"2025-10-24T16:15:23","modified_gmt":"2025-10-24T14:15:23","slug":"2022-primitivo-di-manduria-80old-wines-cignomoro-075-lt","status":"publish","type":"product","link":"https:\/\/www.kaspar-spirituosen.de\/shop\/produkt\/2022-primitivo-di-manduria-80old-wines-cignomoro-075-lt\/","title":{"rendered":"2022 Primitivo di Manduria 80old wines CIGNOMORO 0,75 lt"},"content":{"rendered":"<p>Namensgebend f\u00fcr die Appelation ist die Stadt Manduria, in diesem Fall aus Tarent. Extrem dichter, stoffiger und mengenm\u00e4\u00dfig limitierter Primitivo aus Apulien, mit einem &#8222;unendlichen Abgang&#8220; ! Dieser Rotwein enstammt \u00fcber 80 Jahre alten Weinreben und wurde in franz\u00f6sichen und spanischen Barrique-F\u00e4ssern gelagert. Ein ultimatives Primitivo-Erlebnis.<\/p>\n<p>Wein<br \/>\nAlkoholgehalt 14,50 %vol.<br \/>\nEnth\u00e4lt Sulfite<br \/>\nCIGNOMORO, Contrada Ferrari km 7, 74015 Martina Franco (TA), Italien, Tel.: 00393341219936<\/p>\n","protected":false},"excerpt":{"rendered":"<p>Namensgebend f\u00fcr die Appelation ist die Stadt Manduria, in diesem Fall aus Tarent. Extrem dichter, stoffiger und mengenm\u00e4\u00dfig limitierter Primitivo aus Apulien, mit einem &#8222;unendlichen Abgang&#8220; ! Dieser Rotwein enstammt \u00fcber 80 Jahre alten Weinreben und wurde in franz\u00f6sichen und spanischen Barrique-F\u00e4ssern gelagert. Ein ultimatives Primitivo-Erlebnis.<\/p>\n<p>Wein<br \/>\nAlkoholgehalt 14,50 %vol.<br \/>\nEnth\u00e4lt Sulfite<br \/>\nCIGNOMORO, Contrada Ferrari km 7, 74015 Martina Franco (TA), Italien, Tel.: 00393341219936<\/p>\n<p>&nbsp;<\/p>\n","protected":false},"featured_media":31369,"comment_status":"closed","ping_status":"closed","template":"","meta":{"_acf_changed":false},"product_brand":[],"product_cat":[1505,1511,1513],"product_tag":[1157,1145,1143,1142,1154,359,579,1151,1150,385,1156,1144,1148,578,1147,1146,1149,1152,1153],"class_list":{"0":"post-7742","1":"product","2":"type-product","3":"status-publish","4":"has-post-thumbnail","6":"product_cat-rotweine","7":"product_cat-italien-zypern","8":"product_cat-der-sueden-von-den-abruzzen-bis-sizilien-sowie-zypern","9":"product_tag-1157","10":"product_tag-apulien","11":"product_tag-cigno","12":"product_tag-cignomoro","13":"product_tag-duesseldorf","14":"product_tag-essen","15":"product_tag-fachhandel","16":"product_tag-italien","17":"product_tag-italienisch","18":"product_tag-kaspar","19":"product_tag-manduria","20":"product_tag-moro","21":"product_tag-nero","22":"product_tag-nrw","23":"product_tag-pepe","24":"product_tag-primitivo","25":"product_tag-puglia","26":"product_tag-rolf","27":"product_tag-weinhandel","29":"first","30":"instock","31":"taxable","32":"shipping-taxable","33":"purchasable","34":"product-type-simple"},"acf":[],"_links":{"self":[{"href":"https:\/\/www.kaspar-spirituosen.de\/shop\/wp-json\/wp\/v2\/product\/7742","targetHints":{"allow":["GET"]}}],"collection":[{"href":"https:\/\/www.kaspar-spirituosen.de\/shop\/wp-json\/wp\/v2\/product"}],"about":[{"href":"https:\/\/www.kaspar-spirituosen.de\/shop\/wp-json\/wp\/v2\/types\/product"}],"replies":[{"embeddable":true,"href":"https:\/\/www.kaspar-spirituosen.de\/shop\/wp-json\/wp\/v2\/comments?post=7742"}],"wp:featuredmedia":[{"embeddable":true,"href":"https:\/\/www.kaspar-spirituosen.de\/shop\/wp-json\/wp\/v2\/media\/31369"}],"wp:attachment":[{"href":"https:\/\/www.kaspar-spirituosen.de\/shop\/wp-json\/wp\/v2\/media?parent=7742"}],"wp:term":[{"taxonomy":"product_brand","embeddable":true,"href":"https:\/\/www.kaspar-spirituosen.de\/shop\/wp-json\/wp\/v2\/product_brand?post=7742"},{"taxonomy":"product_cat","embeddable":true,"href":"https:\/\/www.kaspar-spirituosen.de\/shop\/wp-json\/wp\/v2\/product_cat?post=7742"},{"taxonomy":"product_tag","embeddable":true,"href":"https:\/\/www.kaspar-spirituosen.de\/shop\/wp-json\/wp\/v2\/product_tag?post=7742"}],"curies":[{"name":"wp","href":"https:\/\/api.w.org\/{rel}","templated":true}]}}