{"id":7748,"date":"2025-05-05T16:52:24","date_gmt":"2025-05-05T14:52:24","guid":{"rendered":"https:\/\/www.kaspar-spirituosen.de\/shop\/produkt\/2020-negroamaro-salento-50old-wines-cignomoro-075-lt\/"},"modified":"2025-10-24T16:15:26","modified_gmt":"2025-10-24T14:15:26","slug":"2020-negroamaro-salento-50old-wines-cignomoro-075-lt","status":"publish","type":"product","link":"https:\/\/www.kaspar-spirituosen.de\/shop\/produkt\/2020-negroamaro-salento-50old-wines-cignomoro-075-lt\/","title":{"rendered":"2020 Negroamaro Salento 50old wines CIGNOMORO 0,75 lt"},"content":{"rendered":"<p>Der neueste Rotwein vom privaten Weingut CignoMoro aus Apulien. Ebenfalls ein extrem dichter, stoffiger und mengenm\u00e4\u00dfig limitierter Negroamaro aus Apulien ! Dieser Rotwein enstammt \u00fcber 50 Jahre alten Weinreben und wurde 10 Monate lang in Barriques zur Reifung gebracht !<\/p>\n<p>Wein<br \/>\nAlkoholgehalt 14,00 %vol.<br \/>\nEnth\u00e4lt Sulfite<br \/>\nCIGNOMORO, Contrada Ferrari km 7, 74015 Martina Franco (TA), Italien, Tel.: 00393341219936<\/p>\n","protected":false},"excerpt":{"rendered":"<p>Der neueste Rotwein vom privaten Weingut CignoMoro aus Apulien. Ebenfalls ein extrem dichter, stoffiger und mengenm\u00e4\u00dfig limitierter Negroamaro aus Apulien ! Dieser Rotwein enstammt \u00fcber 50 Jahre alten Weinreben !<\/p>\n<p>Wein<br \/>\nAlkoholgehalt 14,00 %vol.<br \/>\nEnth\u00e4lt Sulfite<br \/>\nCIGNOMORO, Contrada Ferrari km 7, 74015 Martina Franco (TA), Italien, Tel.: 00393341219936<\/p>\n<p>&nbsp;<\/p>\n","protected":false},"featured_media":31372,"comment_status":"closed","ping_status":"closed","template":"","meta":{"_acf_changed":false},"product_brand":[],"product_cat":[1505,1511,1513],"product_tag":[1162,1157,1145,1143,1142,1154,359,579,1151,1150,385,1156,1144,1161,1148,578,1147,1146,1149,1152,1153],"class_list":{"0":"post-7748","1":"product","2":"type-product","3":"status-publish","4":"has-post-thumbnail","6":"product_cat-rotweine","7":"product_cat-italien-zypern","8":"product_cat-der-sueden-von-den-abruzzen-bis-sizilien-sowie-zypern","9":"product_tag-1162","10":"product_tag-1157","11":"product_tag-apulien","12":"product_tag-cigno","13":"product_tag-cignomoro","14":"product_tag-duesseldorf","15":"product_tag-essen","16":"product_tag-fachhandel","17":"product_tag-italien","18":"product_tag-italienisch","19":"product_tag-kaspar","20":"product_tag-manduria","21":"product_tag-moro","22":"product_tag-negroamaro","23":"product_tag-nero","24":"product_tag-nrw","25":"product_tag-pepe","26":"product_tag-primitivo","27":"product_tag-puglia","28":"product_tag-rolf","29":"product_tag-weinhandel","31":"first","32":"instock","33":"taxable","34":"shipping-taxable","35":"purchasable","36":"product-type-simple"},"acf":[],"_links":{"self":[{"href":"https:\/\/www.kaspar-spirituosen.de\/shop\/wp-json\/wp\/v2\/product\/7748","targetHints":{"allow":["GET"]}}],"collection":[{"href":"https:\/\/www.kaspar-spirituosen.de\/shop\/wp-json\/wp\/v2\/product"}],"about":[{"href":"https:\/\/www.kaspar-spirituosen.de\/shop\/wp-json\/wp\/v2\/types\/product"}],"replies":[{"embeddable":true,"href":"https:\/\/www.kaspar-spirituosen.de\/shop\/wp-json\/wp\/v2\/comments?post=7748"}],"wp:featuredmedia":[{"embeddable":true,"href":"https:\/\/www.kaspar-spirituosen.de\/shop\/wp-json\/wp\/v2\/media\/31372"}],"wp:attachment":[{"href":"https:\/\/www.kaspar-spirituosen.de\/shop\/wp-json\/wp\/v2\/media?parent=7748"}],"wp:term":[{"taxonomy":"product_brand","embeddable":true,"href":"https:\/\/www.kaspar-spirituosen.de\/shop\/wp-json\/wp\/v2\/product_brand?post=7748"},{"taxonomy":"product_cat","embeddable":true,"href":"https:\/\/www.kaspar-spirituosen.de\/shop\/wp-json\/wp\/v2\/product_cat?post=7748"},{"taxonomy":"product_tag","embeddable":true,"href":"https:\/\/www.kaspar-spirituosen.de\/shop\/wp-json\/wp\/v2\/product_tag?post=7748"}],"curies":[{"name":"wp","href":"https:\/\/api.w.org\/{rel}","templated":true}]}}