{"id":7758,"date":"2025-05-05T16:52:24","date_gmt":"2025-05-05T14:52:24","guid":{"rendered":"https:\/\/www.kaspar-spirituosen.de\/shop\/produkt\/2021-fava-barbera-nizza-docg-075l\/"},"modified":"2025-10-24T16:15:28","modified_gmt":"2025-10-24T14:15:28","slug":"2021-fava-barbera-nizza-docg-075l","status":"publish","type":"product","link":"https:\/\/www.kaspar-spirituosen.de\/shop\/produkt\/2021-fava-barbera-nizza-docg-075l\/","title":{"rendered":"2021 Fava Barbera Nizza DOCG 0,75l"},"content":{"rendered":"<p><strong>Piemont, Italien<\/strong><\/p>\n<p>Im Auge intensives rubinrot, fester Farbkern. Fast undurchdringlich. Der lange Ausbau in Barriques verfeinerte das Bouquet und brachte neben den Aromen von schwarzen Beeren, Pflaumen und etwas Lakritz auch die Vanille und leichte R\u00f6staromen mit ins Spiel. WOW! Im Mund bemerkt die Zunge dann so richtig, wie durchtrainiert er tats\u00e4chlich ist. Viel ehrliches reifes Tannin. Alles in diesem Wein verschmelzt zu einer Einheit. Die S\u00e4ure kommt gekonnt und fein zur Geltung. Der Ausklang am Gaumen und m\u00e4chtig und druckvoll.<\/p>\n<p>Der Grundstein f\u00fcr qualitativ hochwertigen Weinbau wurde in den sp\u00e4ten f\u00fcnfziger Jahren gelegt als begonnen wurde, die Weine selbst abzuf\u00fcllen. Die Weine werden aus bis zu 70 Jahre alten Reben vinifiziert.<\/p>\n<p><span style=\"font-family: Arial, Verdana, Helvetica; font-size: 16px;\">Wein, Nizza DOCG<\/span><br \/>\nAlkoholgehalt 14,5 %vol.<br \/>\nEnth\u00e4lt Sulfite<br \/>\nTenuta Garetto di Garetto Alessandro, SanSan Asti-Mare 30, Agliano Terme (AT) 14041 &#8211; Italien<\/p>\n","protected":false},"excerpt":{"rendered":"<p><span style=\"font-size: 16px;\">Wein, Nizza DOCG<\/span><\/p>\n<p>Alkoholgehalt 14,5 %vol.<br \/>\nEnth\u00e4lt Sulfite<br \/>\nTenuta Garetto di Garetto Alessandro, SanSan Asti-Mare 30, Agliano Terme (AT) 14041 &#8211; Italien<\/p>\n","protected":false},"featured_media":31377,"comment_status":"closed","ping_status":"closed","template":"","meta":{"_acf_changed":false},"product_brand":[],"product_cat":[1505,1511,1512],"product_tag":[1170],"class_list":{"0":"post-7758","1":"product","2":"type-product","3":"status-publish","4":"has-post-thumbnail","6":"product_cat-rotweine","7":"product_cat-italien-zypern","8":"product_cat-der-norden-vom-trentino-bis-zur-toskana","9":"product_tag-fava-barbera-asti-tenuta-garetto-essen-nrw-rolf-kaspar-piemont-wein-weine-italien-italienisch","11":"first","12":"outofstock","13":"taxable","14":"shipping-taxable","15":"purchasable","16":"product-type-simple"},"acf":[],"_links":{"self":[{"href":"https:\/\/www.kaspar-spirituosen.de\/shop\/wp-json\/wp\/v2\/product\/7758","targetHints":{"allow":["GET"]}}],"collection":[{"href":"https:\/\/www.kaspar-spirituosen.de\/shop\/wp-json\/wp\/v2\/product"}],"about":[{"href":"https:\/\/www.kaspar-spirituosen.de\/shop\/wp-json\/wp\/v2\/types\/product"}],"replies":[{"embeddable":true,"href":"https:\/\/www.kaspar-spirituosen.de\/shop\/wp-json\/wp\/v2\/comments?post=7758"}],"wp:featuredmedia":[{"embeddable":true,"href":"https:\/\/www.kaspar-spirituosen.de\/shop\/wp-json\/wp\/v2\/media\/31377"}],"wp:attachment":[{"href":"https:\/\/www.kaspar-spirituosen.de\/shop\/wp-json\/wp\/v2\/media?parent=7758"}],"wp:term":[{"taxonomy":"product_brand","embeddable":true,"href":"https:\/\/www.kaspar-spirituosen.de\/shop\/wp-json\/wp\/v2\/product_brand?post=7758"},{"taxonomy":"product_cat","embeddable":true,"href":"https:\/\/www.kaspar-spirituosen.de\/shop\/wp-json\/wp\/v2\/product_cat?post=7758"},{"taxonomy":"product_tag","embeddable":true,"href":"https:\/\/www.kaspar-spirituosen.de\/shop\/wp-json\/wp\/v2\/product_tag?post=7758"}],"curies":[{"name":"wp","href":"https:\/\/api.w.org\/{rel}","templated":true}]}}