{"id":7788,"date":"2025-05-05T16:52:37","date_gmt":"2025-05-05T14:52:37","guid":{"rendered":"https:\/\/www.kaspar-spirituosen.de\/shop\/produkt\/2020-sister-moon-toscana-igt-tenuta-il-palagio-075-lt\/"},"modified":"2025-10-24T16:15:18","modified_gmt":"2025-10-24T14:15:18","slug":"2020-sister-moon-toscana-igt-tenuta-il-palagio-075-lt","status":"publish","type":"product","link":"https:\/\/www.kaspar-spirituosen.de\/shop\/produkt\/2020-sister-moon-toscana-igt-tenuta-il-palagio-075-lt\/","title":{"rendered":"2020 &#8222;Sister Moon&#8220; Toscana IGT, Tenuta Il Palagio 0,75 lt."},"content":{"rendered":"","protected":false},"excerpt":{"rendered":"<p><b>Toskana, Italien<\/b><\/p>\n<p>Rebsorten: Sangiovese 40 %, Cabernet Sauvignon 30 %, Merlot 30 % ! Der Jahrgang 2015 wurde mit 92 Parker-Punkten pr\u00e4miert !<\/p>\n<p>&#8222;Sister Moon&#8220;, I.G.T., 14 % Alkohol, 0,75 L, enth\u00e4lt Sulfite<\/p>\n<p>Gro\u00dfer &#8222;Super-Tuscan&#8220;, der es auch mit der Konkurrenz aufnehmen kann, wie &#8222;Tignanello&#8220;, Sassicaia oder Ornellaia !<\/p>\n<p>Sehr komplexer, lagerf\u00e4higer Rotwein, welcher 15-18 Monate in Eichenholzf\u00e4ssern gelagert wurde ! Das Weingut &#8222;Il Palagio&#8220; geh\u00f6rt dem ber\u00fchmten engl. Musiker &#8222;<a href=\"http:\/\/www.sting.com\" data-link-type=\"external\" data-type=\"linkpicker\">Sting<\/a>&#8220; !<\/p>\n<p>Tenuta Il Palagio, <span class=\"_Xbe\">Via Sant&#8217;Andrea, 11, 50063 Figline Valdarno AR, Italien, Tel.:\u00a0<\/span> <span class=\"_Xbe _ZWk kno-fv\"><span data-dtype=\"d3ph\">+39 055 950 2652, <\/span><\/span><a href=\"https:\/\/tenutailpalagio.com\/\" data-link-type=\"external\" data-type=\"linkpicker\">Il Palagio<\/a><\/p>\n","protected":false},"featured_media":31385,"comment_status":"closed","ping_status":"closed","template":"","meta":{"_acf_changed":false},"product_brand":[],"product_cat":[1505,1511,1512],"product_tag":[1190,1194,359,579,1193,1151,1150,385,578,1152,1196,1195,1191,585,590],"class_list":{"0":"post-7788","1":"product","2":"type-product","3":"status-publish","4":"has-post-thumbnail","6":"product_cat-rotweine","7":"product_cat-italien-zypern","8":"product_cat-der-norden-vom-trentino-bis-zur-toskana","9":"product_tag-chianti","10":"product_tag-docg","11":"product_tag-essen","12":"product_tag-fachhandel","13":"product_tag-il-palagio","14":"product_tag-italien","15":"product_tag-italienisch","16":"product_tag-kaspar","17":"product_tag-nrw","18":"product_tag-rolf","19":"product_tag-sangiovese","20":"product_tag-sting","21":"product_tag-wein","22":"product_tag-weine","23":"product_tag-weinversand","25":"first","26":"instock","27":"taxable","28":"shipping-taxable","29":"purchasable","30":"product-type-simple"},"acf":[],"_links":{"self":[{"href":"https:\/\/www.kaspar-spirituosen.de\/shop\/wp-json\/wp\/v2\/product\/7788","targetHints":{"allow":["GET"]}}],"collection":[{"href":"https:\/\/www.kaspar-spirituosen.de\/shop\/wp-json\/wp\/v2\/product"}],"about":[{"href":"https:\/\/www.kaspar-spirituosen.de\/shop\/wp-json\/wp\/v2\/types\/product"}],"replies":[{"embeddable":true,"href":"https:\/\/www.kaspar-spirituosen.de\/shop\/wp-json\/wp\/v2\/comments?post=7788"}],"wp:featuredmedia":[{"embeddable":true,"href":"https:\/\/www.kaspar-spirituosen.de\/shop\/wp-json\/wp\/v2\/media\/31385"}],"wp:attachment":[{"href":"https:\/\/www.kaspar-spirituosen.de\/shop\/wp-json\/wp\/v2\/media?parent=7788"}],"wp:term":[{"taxonomy":"product_brand","embeddable":true,"href":"https:\/\/www.kaspar-spirituosen.de\/shop\/wp-json\/wp\/v2\/product_brand?post=7788"},{"taxonomy":"product_cat","embeddable":true,"href":"https:\/\/www.kaspar-spirituosen.de\/shop\/wp-json\/wp\/v2\/product_cat?post=7788"},{"taxonomy":"product_tag","embeddable":true,"href":"https:\/\/www.kaspar-spirituosen.de\/shop\/wp-json\/wp\/v2\/product_tag?post=7788"}],"curies":[{"name":"wp","href":"https:\/\/api.w.org\/{rel}","templated":true}]}}