{"id":7798,"date":"2025-05-05T16:52:37","date_gmt":"2025-05-05T14:52:37","guid":{"rendered":"https:\/\/www.kaspar-spirituosen.de\/shop\/produkt\/2018-olivini-notte-a-san-martino-075-lt\/"},"modified":"2025-10-24T16:15:20","modified_gmt":"2025-10-24T14:15:20","slug":"2018-olivini-notte-a-san-martino-075-lt","status":"publish","type":"product","link":"https:\/\/www.kaspar-spirituosen.de\/shop\/produkt\/2018-olivini-notte-a-san-martino-075-lt\/","title":{"rendered":"2018 Olivini Notte a San Martino 0,75 lt"},"content":{"rendered":"<p><strong>Venetien, Italien<\/strong><\/p>\n<p>Dort, wo andere Ferien machen, ist das Weingut Olivini zu Hause: in San Martino delle Battaglie am Gardasee, im Herzen des Lugana-Gebietes. In den sch\u00f6nsten Hanglagen am s\u00fcdlichen Zipfel des Sees besitzt die Familie Olivini rund 26 ha Rebfl\u00e4che. \u00a0Mit ins Boot holte sie den jungen \u00d6nologen Antonio Crescini, der wie kaum ein anderer innerhalb der gro\u00dfen Gemeinde der \u201eLuganisti\u201c den Umgang mit dem Trebbiano di Lugana beherrscht. Unter seiner Aegide entstehen Wei\u00dfweine, die durch mineralische Frische, elegante Fruchtnoten und eine sch\u00f6ne L\u00e4nge \u00fcberzeugen.<\/p>\n<p><strong>Notte a San Martino:<\/strong> 18 Monate in Barrique ausgebaut, 100% Merlot, Noten von reifen Fr\u00fcchten, Kaffee und dunkler Schokolade, samtweich, elegant, \u00e4therisch!<\/p>\n<p>Wein<br \/>\nAlkoholgehalt 14,5 %vol.<br \/>\nEnth\u00e4lt Sulfite<br \/>\nSociet\u00e0 Agricola Olivini s.s., Desenzano del Garda &#8211; Italien<\/p>\n","protected":false},"excerpt":{"rendered":"<p><strong>Venetien, Italien<\/strong><\/p>\n<p>Dort, wo andere Ferien machen, ist das Weingut Olivini zu Hause: in San Martino delle Battaglie am Gardasee, im Herzen des Lugana-Gebietes. In den sch\u00f6nsten Hanglagen am s\u00fcdlichen Zipfel des Sees besitzt die Familie Olivini rund 26 ha Rebfl\u00e4che. \u00a0Mit ins Boot holte sie den jungen \u00d6nologen Antonio Crescini, der wie kaum ein anderer innerhalb der gro\u00dfen Gemeinde der \u201eLuganisti\u201c den Umgang mit dem Trebbiano di Lugana beherrscht. Unter seiner Aegide entstehen Wei\u00dfweine, die durch mineralische Frische, elegante Fruchtnoten und eine sch\u00f6ne L\u00e4nge \u00fcberzeugen.<\/p>\n<p><strong>Notte a San Martino:<\/strong> 18 Monate in Barrique ausgebaut, 100% Merlot, Noten von reifen Fr\u00fcchten, Kaffee und dunkler Schokolade, samtweich, elegant, \u00e4therisch!<\/p>\n<p>Wein<br \/>\nAlkoholgehalt 14,5 %vol.<br \/>\nEnth\u00e4lt Sulfite<br \/>\nSociet\u00e0 Agricola Olivini s.s., Desenzano del Garda &#8211; Italien<\/p>\n","protected":false},"featured_media":31389,"comment_status":"closed","ping_status":"closed","template":"","meta":{"_acf_changed":false},"product_brand":[],"product_cat":[1505,1511,1512],"product_tag":[1205],"class_list":{"0":"post-7798","1":"product","2":"type-product","3":"status-publish","4":"has-post-thumbnail","6":"product_cat-rotweine","7":"product_cat-italien-zypern","8":"product_cat-der-norden-vom-trentino-bis-zur-toskana","9":"product_tag-veneto-lago-di-garda-wein-weine-weinversand-rolf-kaspar-essen-nrw-italien-italienisch-rot-rotwein","11":"first","12":"instock","13":"taxable","14":"shipping-taxable","15":"purchasable","16":"product-type-simple"},"acf":[],"_links":{"self":[{"href":"https:\/\/www.kaspar-spirituosen.de\/shop\/wp-json\/wp\/v2\/product\/7798","targetHints":{"allow":["GET"]}}],"collection":[{"href":"https:\/\/www.kaspar-spirituosen.de\/shop\/wp-json\/wp\/v2\/product"}],"about":[{"href":"https:\/\/www.kaspar-spirituosen.de\/shop\/wp-json\/wp\/v2\/types\/product"}],"replies":[{"embeddable":true,"href":"https:\/\/www.kaspar-spirituosen.de\/shop\/wp-json\/wp\/v2\/comments?post=7798"}],"wp:featuredmedia":[{"embeddable":true,"href":"https:\/\/www.kaspar-spirituosen.de\/shop\/wp-json\/wp\/v2\/media\/31389"}],"wp:attachment":[{"href":"https:\/\/www.kaspar-spirituosen.de\/shop\/wp-json\/wp\/v2\/media?parent=7798"}],"wp:term":[{"taxonomy":"product_brand","embeddable":true,"href":"https:\/\/www.kaspar-spirituosen.de\/shop\/wp-json\/wp\/v2\/product_brand?post=7798"},{"taxonomy":"product_cat","embeddable":true,"href":"https:\/\/www.kaspar-spirituosen.de\/shop\/wp-json\/wp\/v2\/product_cat?post=7798"},{"taxonomy":"product_tag","embeddable":true,"href":"https:\/\/www.kaspar-spirituosen.de\/shop\/wp-json\/wp\/v2\/product_tag?post=7798"}],"curies":[{"name":"wp","href":"https:\/\/api.w.org\/{rel}","templated":true}]}}