{"id":7804,"date":"2025-05-05T16:52:37","date_gmt":"2025-05-05T14:52:37","guid":{"rendered":"https:\/\/www.kaspar-spirituosen.de\/shop\/produkt\/2021-olivini-il-guardiano-075-lt\/"},"modified":"2025-10-24T16:15:21","modified_gmt":"2025-10-24T14:15:21","slug":"2021-olivini-il-guardiano-075-lt","status":"publish","type":"product","link":"https:\/\/www.kaspar-spirituosen.de\/shop\/produkt\/2021-olivini-il-guardiano-075-lt\/","title":{"rendered":"2021 Olivini Il Guardiano 0,75 lt"},"content":{"rendered":"<p><b>Venetien, Italien<\/b><\/p>\n<p>Dort, wo andere Ferien machen, ist das Weingut Olivini zu Hause: in San Martino delle Battaglie am Gardasee, im Herzen des Lugana-Gebietes. In den sch\u00f6nsten Hanglagen am s\u00fcdlichen Zipfel des Sees besitzt die Familie Olivini rund 26 ha Rebfl\u00e4che. \u00a0Mit ins Boot holte sie den jungen \u00d6nologen Antonio Crescini, der wie kaum ein anderer innerhalb der gro\u00dfen Gemeinde der \u201eLuganisti\u201c den Umgang mit dem Trebbiano di Lugana beherrscht. Unter seiner Aegide entstehen Wei\u00dfweine, die durch mineralische Frische, elegante Fruchtnoten und eine sch\u00f6ne L\u00e4nge \u00fcberzeugen.<\/p>\n<p>&nbsp;<\/p>\n<h1>Il Guardiano<\/h1>\n<p>Harmonische Cuv\u00e9e der Rebsorten Gropello, Marzemino, Barbera und Sangiovese. Intensive Farbe mit violetten Reflexen und Aromen von Beerenfr\u00fcchten.<\/p>\n<p>Wein<br \/>\nAlkoholgehalt 13%vol.<br \/>\nEnth\u00e4lt Sulfite<br \/>\nSociet\u00e0 Agricola Olivini s.s., Desenzano del Garda &#8211; Italien<\/p>\n","protected":false},"excerpt":{"rendered":"<p><span style=\"font-size: 16px;\">Harmonische Cuv\u00e9e der Rebsorten Gropello, Marzemino, Barbera und Sangiovese. Intensive Farbe mit violetten Reflexen und Aromen von Beerenfr\u00fcchten.<\/span><\/p>\n<p>Wein<br \/>\nAlkoholgehalt 13%vol.<br \/>\nEnth\u00e4lt Sulfite<br \/>\nSociet\u00e0 Agricola Olivini s.s., Desenzano del Garda &#8211; Italien<\/p>\n","protected":false},"featured_media":31392,"comment_status":"closed","ping_status":"closed","template":"","meta":{"_acf_changed":false},"product_brand":[],"product_cat":[1505,1511,1512],"product_tag":[1207],"class_list":{"0":"post-7804","1":"product","2":"type-product","3":"status-publish","4":"has-post-thumbnail","6":"product_cat-rotweine","7":"product_cat-italien-zypern","8":"product_cat-der-norden-vom-trentino-bis-zur-toskana","9":"product_tag-veneto-lago-di-garda-wein-weine-weinversand-rolf-kaspar-essen-nrw-italien-italienisch-weisswein-weisswein","11":"first","12":"instock","13":"taxable","14":"shipping-taxable","15":"purchasable","16":"product-type-simple"},"acf":[],"_links":{"self":[{"href":"https:\/\/www.kaspar-spirituosen.de\/shop\/wp-json\/wp\/v2\/product\/7804","targetHints":{"allow":["GET"]}}],"collection":[{"href":"https:\/\/www.kaspar-spirituosen.de\/shop\/wp-json\/wp\/v2\/product"}],"about":[{"href":"https:\/\/www.kaspar-spirituosen.de\/shop\/wp-json\/wp\/v2\/types\/product"}],"replies":[{"embeddable":true,"href":"https:\/\/www.kaspar-spirituosen.de\/shop\/wp-json\/wp\/v2\/comments?post=7804"}],"wp:featuredmedia":[{"embeddable":true,"href":"https:\/\/www.kaspar-spirituosen.de\/shop\/wp-json\/wp\/v2\/media\/31392"}],"wp:attachment":[{"href":"https:\/\/www.kaspar-spirituosen.de\/shop\/wp-json\/wp\/v2\/media?parent=7804"}],"wp:term":[{"taxonomy":"product_brand","embeddable":true,"href":"https:\/\/www.kaspar-spirituosen.de\/shop\/wp-json\/wp\/v2\/product_brand?post=7804"},{"taxonomy":"product_cat","embeddable":true,"href":"https:\/\/www.kaspar-spirituosen.de\/shop\/wp-json\/wp\/v2\/product_cat?post=7804"},{"taxonomy":"product_tag","embeddable":true,"href":"https:\/\/www.kaspar-spirituosen.de\/shop\/wp-json\/wp\/v2\/product_tag?post=7804"}],"curies":[{"name":"wp","href":"https:\/\/api.w.org\/{rel}","templated":true}]}}