{"id":7820,"date":"2025-05-05T16:52:50","date_gmt":"2025-05-05T14:52:50","guid":{"rendered":"https:\/\/www.kaspar-spirituosen.de\/shop\/produkt\/2021-capcanes-lasendal-075-lt\/"},"modified":"2026-01-09T17:06:59","modified_gmt":"2026-01-09T16:06:59","slug":"2021-capcanes-lasendal-075-lt","status":"publish","type":"product","link":"https:\/\/www.kaspar-spirituosen.de\/shop\/produkt\/2021-capcanes-lasendal-075-lt\/","title":{"rendered":"2021 Cap\u00e7anes Lasendal 0,75 lt."},"content":{"rendered":"","protected":false},"excerpt":{"rendered":"<p>Intensiv rubinrot mit violetten Reflexen. Der Wein pr\u00e4sentiert bereits heute ein sch\u00f6n komplexes Aromen-Zusammenspiel, welches Prim\u00e4raromen mit Ausbaunoten verbindet. Sie werden in ihm Aromen schwarzer und roter Fr\u00fcchte wie schwarzen Kirschen und Cassis entdecken. Dazu gesellen sich Noten von Pfingstrosen und Fresien sowie w\u00fcrzige Aromen von Pfeffer und Zimt. Abgerundet wird das Duftbild durch toastige Noten von Rauch und hellem Tabak.<br \/>\nNachdem der Lasendal etwas Sauerstoff geatmet hat, bekommt er einen etwas animalischeren Charakter mit einer ledrigen Note. Ein weicher Auftakt mit konfit\u00fcrigen Fruchtaromen wiederholen das bereits erlebte Duftbild. Die S\u00e4ure ist noch jugendlich und verschmilzt mit dem reichen und schmelzigen K\u00f6rper. Etwas sp\u00e4ter \u00fcbernehmen die fein seidigen Tannine das Sagen und verleihen dem Wein eine gute L\u00e4nge. Der Wein klingt mit w\u00fcrzigen und ledrigen Noten aus, die ihm seinen spanischen Charakter verleihen.<\/p>\n<pre id=\"tw-target-text\" class=\"tw-data-text vk_txt tw-ta tw-text-small\" dir=\"ltr\" style=\"text-align: left; height: 480px;\" data-fulltext=\"\" data-placeholder=\"\u00dcbersetzung\"><span lang=\"de\">Enth\u00e4lt Sulfite, 14,5 % vol., 0,75 L\r\n\r\n<\/span>Celler de Capcanes\r\nC\/ Llaberia 4.\r\n43776 Cap\u00e7anes - Tarragona (Spain)\r\nTel. (+34) 977 178 319\r\nES-ECO-019-CT<\/pre>\n","protected":false},"featured_media":31399,"comment_status":"closed","ping_status":"closed","template":"","meta":{"_acf_changed":false},"product_brand":[],"product_cat":[1505,1518,1520],"product_tag":[1215],"class_list":{"0":"post-7820","1":"product","2":"type-product","3":"status-publish","4":"has-post-thumbnail","6":"product_cat-rotweine","7":"product_cat-spanien-2","8":"product_cat-montsant-priorat","9":"product_tag-lasendal-garnacha-celler-de-capcanes-rolf-kaspar-essen-nrw-montsant-rotwein-wein-weine-spanien-spanischer-spanisch","11":"first","12":"instock","13":"taxable","14":"shipping-taxable","15":"purchasable","16":"product-type-simple"},"acf":[],"_links":{"self":[{"href":"https:\/\/www.kaspar-spirituosen.de\/shop\/wp-json\/wp\/v2\/product\/7820","targetHints":{"allow":["GET"]}}],"collection":[{"href":"https:\/\/www.kaspar-spirituosen.de\/shop\/wp-json\/wp\/v2\/product"}],"about":[{"href":"https:\/\/www.kaspar-spirituosen.de\/shop\/wp-json\/wp\/v2\/types\/product"}],"replies":[{"embeddable":true,"href":"https:\/\/www.kaspar-spirituosen.de\/shop\/wp-json\/wp\/v2\/comments?post=7820"}],"wp:featuredmedia":[{"embeddable":true,"href":"https:\/\/www.kaspar-spirituosen.de\/shop\/wp-json\/wp\/v2\/media\/31399"}],"wp:attachment":[{"href":"https:\/\/www.kaspar-spirituosen.de\/shop\/wp-json\/wp\/v2\/media?parent=7820"}],"wp:term":[{"taxonomy":"product_brand","embeddable":true,"href":"https:\/\/www.kaspar-spirituosen.de\/shop\/wp-json\/wp\/v2\/product_brand?post=7820"},{"taxonomy":"product_cat","embeddable":true,"href":"https:\/\/www.kaspar-spirituosen.de\/shop\/wp-json\/wp\/v2\/product_cat?post=7820"},{"taxonomy":"product_tag","embeddable":true,"href":"https:\/\/www.kaspar-spirituosen.de\/shop\/wp-json\/wp\/v2\/product_tag?post=7820"}],"curies":[{"name":"wp","href":"https:\/\/api.w.org\/{rel}","templated":true}]}}