{"id":7828,"date":"2025-05-05T16:52:50","date_gmt":"2025-05-05T14:52:50","guid":{"rendered":"https:\/\/www.kaspar-spirituosen.de\/shop\/produkt\/2020-capcanes-costers-del-gravet-075-lt\/"},"modified":"2025-10-24T16:14:20","modified_gmt":"2025-10-24T14:14:20","slug":"2020-capcanes-costers-del-gravet-075-lt","status":"publish","type":"product","link":"https:\/\/www.kaspar-spirituosen.de\/shop\/produkt\/2020-capcanes-costers-del-gravet-075-lt\/","title":{"rendered":"2020 Cap\u00e7anes Costers del Gravet 0,75 lt."},"content":{"rendered":"","protected":false},"excerpt":{"rendered":"<p>Im Glas funkelt ein leuchtendes schwarzrotes Rubin mit violetten Reflexen. In der Nase explosiv geladenes Bukett von edlem Eichenholz, dunkler Schokolade und viel reifer, dunkler Frucht. Im Mund sowohl warm und mollig (Brombeeren, schwarze Kirschen, Schoko, Tabak und Zedern), als auch erfrischend mineralisch. Die Tannine sind reif und regen zum Kauen an! Der Ausklang ist erstaunlich lang. Er zieht sich lange Zeit hin und hinterl\u00e4sst einen angenehm trockenen Eindruck. Das faszinierende an diesem Wein ist, dass er eine au\u00dfergew\u00f6hnlich gut Statur besitzt. Toll durchtrainiert und vielschichtig.<br \/>\nEiner der Weine des Montsants mit dem \u00fcberragendsten Trinkvergn\u00fcgnen.<\/p>\n<pre id=\"tw-target-text\" class=\"tw-data-text vk_txt tw-ta tw-text-small\" dir=\"ltr\" style=\"text-align: left; height: 480px;\" data-fulltext=\"\" data-placeholder=\"\u00dcbersetzung\"><span lang=\"de\">Enth\u00e4lt Sulfite, 14,5 % vol., 0,75 L<\/span>\r\n\r\nCeller de Capcanes\r\nC\/ Llaberia 4.\r\n43776 Cap\u00e7anes - Tarragona (Spain)\r\nTel. (+34) 977 178 319\r\n<\/pre>\n","protected":false},"featured_media":31401,"comment_status":"closed","ping_status":"closed","template":"","meta":{"_acf_changed":false},"product_brand":[],"product_cat":[1505,1518,1520],"product_tag":[1219],"class_list":{"0":"post-7828","1":"product","2":"type-product","3":"status-publish","4":"has-post-thumbnail","6":"product_cat-rotweine","7":"product_cat-spanien-2","8":"product_cat-montsant-priorat","9":"product_tag-costers-del-gravet-celler-de-capcanes-rolf-kaspar-essen-nrw-montsant-rotweine-wein-weine-spanien-spanischer-spanisch","11":"first","12":"instock","13":"taxable","14":"shipping-taxable","15":"purchasable","16":"product-type-simple"},"acf":[],"_links":{"self":[{"href":"https:\/\/www.kaspar-spirituosen.de\/shop\/wp-json\/wp\/v2\/product\/7828","targetHints":{"allow":["GET"]}}],"collection":[{"href":"https:\/\/www.kaspar-spirituosen.de\/shop\/wp-json\/wp\/v2\/product"}],"about":[{"href":"https:\/\/www.kaspar-spirituosen.de\/shop\/wp-json\/wp\/v2\/types\/product"}],"replies":[{"embeddable":true,"href":"https:\/\/www.kaspar-spirituosen.de\/shop\/wp-json\/wp\/v2\/comments?post=7828"}],"wp:featuredmedia":[{"embeddable":true,"href":"https:\/\/www.kaspar-spirituosen.de\/shop\/wp-json\/wp\/v2\/media\/31401"}],"wp:attachment":[{"href":"https:\/\/www.kaspar-spirituosen.de\/shop\/wp-json\/wp\/v2\/media?parent=7828"}],"wp:term":[{"taxonomy":"product_brand","embeddable":true,"href":"https:\/\/www.kaspar-spirituosen.de\/shop\/wp-json\/wp\/v2\/product_brand?post=7828"},{"taxonomy":"product_cat","embeddable":true,"href":"https:\/\/www.kaspar-spirituosen.de\/shop\/wp-json\/wp\/v2\/product_cat?post=7828"},{"taxonomy":"product_tag","embeddable":true,"href":"https:\/\/www.kaspar-spirituosen.de\/shop\/wp-json\/wp\/v2\/product_tag?post=7828"}],"curies":[{"name":"wp","href":"https:\/\/api.w.org\/{rel}","templated":true}]}}