{"id":7830,"date":"2025-05-05T16:52:50","date_gmt":"2025-05-05T14:52:50","guid":{"rendered":"https:\/\/www.kaspar-spirituosen.de\/shop\/produkt\/2021-capcanes-vall-del-calas-075-lt\/"},"modified":"2025-10-24T16:14:21","modified_gmt":"2025-10-24T14:14:21","slug":"2021-capcanes-vall-del-calas-075-lt","status":"publish","type":"product","link":"https:\/\/www.kaspar-spirituosen.de\/shop\/produkt\/2021-capcanes-vall-del-calas-075-lt\/","title":{"rendered":"2021 Cap\u00e7anes Vall del Cal\u00e0s 0,75 lt."},"content":{"rendered":"","protected":false},"excerpt":{"rendered":"<p>Dieser fabelhafte Wein ist eine Cuv\u00e9e aus 50% Merlot, 30% Garnacha und 20% Tempranillo. Der Vall del Cal\u00e0s ist die klassische Mittelklasse bei Cap\u00e7anes. Und das was hier Mittelklasse ist, erreichen viele andere Weing\u00fcter nicht einmal in ihrer teuren Oberklasse! In der Nase gro\u00dfz\u00fcgig, tiefgr\u00fcndig und mit viel Schmelz. Die \u00fcppige Frucht signalisiert die Dominanz des Merlots. Die eleganten und genau definierten Aromen werden getragen von dem sehr gut eingebundenen Holz. Dieser tolle Stoff durfte sich 12 Monate in Barriques austoben und sich selbst finden.<\/p>\n<p>Gehobene Trinkkultur f\u00fcr kleines Geld!<\/p>\n<pre id=\"tw-target-text\" class=\"tw-data-text vk_txt tw-ta tw-text-small\" dir=\"ltr\" style=\"text-align: left; height: 480px;\" data-fulltext=\"\" data-placeholder=\"\u00dcbersetzung\"><span lang=\"de\">Enth\u00e4lt Sulfite, 14,5 % vol., 0,75 L\r\n\r\n<\/span>Celler de Capcanes\r\nC\/ Llaberia 4.\r\n43776 Cap\u00e7anes - Tarragona (Spain)\r\nTel. (+34) 977 178 319\r\n\r\n<\/pre>\n<p dir=\"ltr\">\n<p dir=\"ltr\">\n","protected":false},"featured_media":31402,"comment_status":"closed","ping_status":"closed","template":"","meta":{"_acf_changed":false},"product_brand":[],"product_cat":[1505,1518,1520],"product_tag":[1220],"class_list":{"0":"post-7830","1":"product","2":"type-product","3":"status-publish","4":"has-post-thumbnail","6":"product_cat-rotweine","7":"product_cat-spanien-2","8":"product_cat-montsant-priorat","9":"product_tag-vall-del-calas-calas-capcanes-capcanes-rolf-kaspar-essen-montsant-rotwein-wein-spanien-spanischer-spanisch","11":"first","12":"instock","13":"taxable","14":"shipping-taxable","15":"purchasable","16":"product-type-simple"},"acf":[],"_links":{"self":[{"href":"https:\/\/www.kaspar-spirituosen.de\/shop\/wp-json\/wp\/v2\/product\/7830","targetHints":{"allow":["GET"]}}],"collection":[{"href":"https:\/\/www.kaspar-spirituosen.de\/shop\/wp-json\/wp\/v2\/product"}],"about":[{"href":"https:\/\/www.kaspar-spirituosen.de\/shop\/wp-json\/wp\/v2\/types\/product"}],"replies":[{"embeddable":true,"href":"https:\/\/www.kaspar-spirituosen.de\/shop\/wp-json\/wp\/v2\/comments?post=7830"}],"wp:featuredmedia":[{"embeddable":true,"href":"https:\/\/www.kaspar-spirituosen.de\/shop\/wp-json\/wp\/v2\/media\/31402"}],"wp:attachment":[{"href":"https:\/\/www.kaspar-spirituosen.de\/shop\/wp-json\/wp\/v2\/media?parent=7830"}],"wp:term":[{"taxonomy":"product_brand","embeddable":true,"href":"https:\/\/www.kaspar-spirituosen.de\/shop\/wp-json\/wp\/v2\/product_brand?post=7830"},{"taxonomy":"product_cat","embeddable":true,"href":"https:\/\/www.kaspar-spirituosen.de\/shop\/wp-json\/wp\/v2\/product_cat?post=7830"},{"taxonomy":"product_tag","embeddable":true,"href":"https:\/\/www.kaspar-spirituosen.de\/shop\/wp-json\/wp\/v2\/product_tag?post=7830"}],"curies":[{"name":"wp","href":"https:\/\/api.w.org\/{rel}","templated":true}]}}