{"id":7834,"date":"2025-05-05T16:52:50","date_gmt":"2025-05-05T14:52:50","guid":{"rendered":"https:\/\/www.kaspar-spirituosen.de\/shop\/produkt\/capcanes-flor-de-maig-blanc-30-lt\/"},"modified":"2026-05-06T10:04:05","modified_gmt":"2026-05-06T08:04:05","slug":"capcanes-flor-de-maig-blanc-30-lt","status":"publish","type":"product","link":"https:\/\/www.kaspar-spirituosen.de\/shop\/produkt\/capcanes-flor-de-maig-blanc-30-lt\/","title":{"rendered":"Cap\u00e7anes Flor de Maig Blanc 3,0 lt."},"content":{"rendered":"","protected":false},"excerpt":{"rendered":"<p><strong>Montsant, Spanien<\/strong><\/p>\n<p>Junger, frischer Wei\u00dfwein der Top-Kellerei Capcanes vom Montsant in Nordspanien. Perfekt f\u00fcr den Segelt\u00f6rn oder das Campingwochende mit Freunden.<\/p>\n<pre id=\"tw-target-text\" class=\"tw-data-text vk_txt tw-ta tw-text-small\" dir=\"ltr\" style=\"text-align: left;height: 480px\" data-fulltext=\"\" data-placeholder=\"\u00dcbersetzung\"><span lang=\"de\">Enth\u00e4lt Sulfite, 12,5 % vol., 3,0 L\r\n\r\nCeller de Capcanes\r\nC\/ Llaberia 4.\r\n43776 Cap\u00e7anes - Tarragona (Spain)\r\nTel. (+34) 977 178 319<\/span><\/pre>\n","protected":false},"featured_media":31404,"comment_status":"closed","ping_status":"closed","template":"","meta":{"_acf_changed":false},"product_brand":[],"product_cat":[1526,1535],"product_tag":[1222],"class_list":{"0":"post-7834","1":"product","2":"type-product","3":"status-publish","4":"has-post-thumbnail","6":"product_cat-weissweine","7":"product_cat-spanien","8":"product_tag-bag-in-box-flor-de-maig-celler-de-capcanes-spanien-spanischer-spanisch-rolf-kaspar-essen-nrw-montsant-weisswein-weisswein-wein","10":"first","11":"instock","12":"taxable","13":"shipping-taxable","14":"purchasable","15":"product-type-simple"},"acf":[],"_links":{"self":[{"href":"https:\/\/www.kaspar-spirituosen.de\/shop\/wp-json\/wp\/v2\/product\/7834","targetHints":{"allow":["GET"]}}],"collection":[{"href":"https:\/\/www.kaspar-spirituosen.de\/shop\/wp-json\/wp\/v2\/product"}],"about":[{"href":"https:\/\/www.kaspar-spirituosen.de\/shop\/wp-json\/wp\/v2\/types\/product"}],"replies":[{"embeddable":true,"href":"https:\/\/www.kaspar-spirituosen.de\/shop\/wp-json\/wp\/v2\/comments?post=7834"}],"wp:featuredmedia":[{"embeddable":true,"href":"https:\/\/www.kaspar-spirituosen.de\/shop\/wp-json\/wp\/v2\/media\/31404"}],"wp:attachment":[{"href":"https:\/\/www.kaspar-spirituosen.de\/shop\/wp-json\/wp\/v2\/media?parent=7834"}],"wp:term":[{"taxonomy":"product_brand","embeddable":true,"href":"https:\/\/www.kaspar-spirituosen.de\/shop\/wp-json\/wp\/v2\/product_brand?post=7834"},{"taxonomy":"product_cat","embeddable":true,"href":"https:\/\/www.kaspar-spirituosen.de\/shop\/wp-json\/wp\/v2\/product_cat?post=7834"},{"taxonomy":"product_tag","embeddable":true,"href":"https:\/\/www.kaspar-spirituosen.de\/shop\/wp-json\/wp\/v2\/product_tag?post=7834"}],"curies":[{"name":"wp","href":"https:\/\/api.w.org\/{rel}","templated":true}]}}