{"id":7836,"date":"2025-05-05T16:52:50","date_gmt":"2025-05-05T14:52:50","guid":{"rendered":"https:\/\/www.kaspar-spirituosen.de\/shop\/produkt\/2013-capcanes-pansal-del-calas-05-lt\/"},"modified":"2025-10-24T16:14:22","modified_gmt":"2025-10-24T14:14:22","slug":"2013-capcanes-pansal-del-calas-05-lt","status":"publish","type":"product","link":"https:\/\/www.kaspar-spirituosen.de\/shop\/produkt\/2013-capcanes-pansal-del-calas-05-lt\/","title":{"rendered":"2013 Cap\u00e7anes Pansal del Cal\u00e0s 0,5 lt."},"content":{"rendered":"","protected":false},"excerpt":{"rendered":"<p><strong>Montsant, Spanien<\/strong><\/p>\n<p>Der Pansal del Cal\u00e0s ist f\u00fcr uns der rote Dessertwein \u00fcberhaupt. Verf\u00fchrerisch, ausdrucksstark und geheimnisvoll. Ganz im Stile eines Vintage-Ports, nur wesentlich fr\u00fcher zug\u00e4nglich, etwas g\u00fcnstiger, aber mit viel mehr Sexappeal \ud83d\ude09<\/p>\n<p>Er duftet verschwenderisch nach einem gro\u00dfen Potpourri von dunklen Beeren, dunkler Schokolade und Mokka. Seine 70 gr. Restzucker machen unerh\u00f6rt viel Freude auf der Zungenspitze, bevor der Wein dann auf der Mitte der Zunge seine Herkunft, das Montsant, zur Geltung bringt. Diesem Wein merken Sie die hohe Alkoholgradation fast nicht an! Fulminant im Abgang, unendlich lang im Nachhall!<\/p>\n<p>14 Monate Barriqueausbau sorgen f\u00fcr die n\u00f6tige Textur. Eine Cuv\u00e9e aus 60% Garnacha und 40% Carinena.<\/p>\n<pre id=\"tw-target-text\" class=\"tw-data-text vk_txt tw-ta tw-text-small\" dir=\"ltr\" style=\"text-align: left; height: 480px;\" data-fulltext=\"\" data-placeholder=\"\u00dcbersetzung\"><span lang=\"de\">Enth\u00e4lt Sulfite, 16,5 % vol., 0,5 L\r\n\r\nCeller de Capcanes\r\nC\/ Llaberia 4.\r\n43776 Cap\u00e7anes - Tarragona (Spain)\r\nTel. (+34) 977 178 319<\/span><\/pre>\n","protected":false},"featured_media":31405,"comment_status":"closed","ping_status":"closed","template":"","meta":{"_acf_changed":false},"product_brand":[],"product_cat":[1505,1518,1520],"product_tag":[1223],"class_list":{"0":"post-7836","1":"product","2":"type-product","3":"status-publish","4":"has-post-thumbnail","6":"product_cat-rotweine","7":"product_cat-spanien-2","8":"product_cat-montsant-priorat","9":"product_tag-pansal-del-calas-dessert-suess-suesswein-suesswein-suess-wein-roter-garnacha-carinena-celler-de-capcanes-rolf-kaspar-essen-nrw-montsant-rotwein-wein-weinbau-weine","11":"first","12":"instock","13":"taxable","14":"shipping-taxable","15":"purchasable","16":"product-type-simple"},"acf":[],"_links":{"self":[{"href":"https:\/\/www.kaspar-spirituosen.de\/shop\/wp-json\/wp\/v2\/product\/7836","targetHints":{"allow":["GET"]}}],"collection":[{"href":"https:\/\/www.kaspar-spirituosen.de\/shop\/wp-json\/wp\/v2\/product"}],"about":[{"href":"https:\/\/www.kaspar-spirituosen.de\/shop\/wp-json\/wp\/v2\/types\/product"}],"replies":[{"embeddable":true,"href":"https:\/\/www.kaspar-spirituosen.de\/shop\/wp-json\/wp\/v2\/comments?post=7836"}],"wp:featuredmedia":[{"embeddable":true,"href":"https:\/\/www.kaspar-spirituosen.de\/shop\/wp-json\/wp\/v2\/media\/31405"}],"wp:attachment":[{"href":"https:\/\/www.kaspar-spirituosen.de\/shop\/wp-json\/wp\/v2\/media?parent=7836"}],"wp:term":[{"taxonomy":"product_brand","embeddable":true,"href":"https:\/\/www.kaspar-spirituosen.de\/shop\/wp-json\/wp\/v2\/product_brand?post=7836"},{"taxonomy":"product_cat","embeddable":true,"href":"https:\/\/www.kaspar-spirituosen.de\/shop\/wp-json\/wp\/v2\/product_cat?post=7836"},{"taxonomy":"product_tag","embeddable":true,"href":"https:\/\/www.kaspar-spirituosen.de\/shop\/wp-json\/wp\/v2\/product_tag?post=7836"}],"curies":[{"name":"wp","href":"https:\/\/api.w.org\/{rel}","templated":true}]}}