{"id":7875,"date":"2025-05-05T16:53:03","date_gmt":"2025-05-05T14:53:03","guid":{"rendered":"https:\/\/www.kaspar-spirituosen.de\/shop\/produkt\/2020-el-puno-white-075-lt\/"},"modified":"2025-10-24T16:14:17","modified_gmt":"2025-10-24T14:14:17","slug":"2020-el-puno-white-075-lt","status":"publish","type":"product","link":"https:\/\/www.kaspar-spirituosen.de\/shop\/produkt\/2020-el-puno-white-075-lt\/","title":{"rendered":"2020 El Pu\u00f1o White 0,75 lt."},"content":{"rendered":"","protected":false},"excerpt":{"rendered":"<p><strong>Calatayud, Spanien<\/strong><\/p>\n<p>Norrel Robertson, umtriebiger Master of Wine und seines Zeichens in Spanien lebender Schotte, zeichnet f\u00fcr diese &#8222;Faust&#8220; verantwortlich.<\/p>\n<p>Aus 100% Viognier, zun\u00e4chst im Barrique gereift, anschlie\u00dfend 3 Monate auf der Hefe weitergereift. In der Farbe bla\u00dfgelb, in der Nase \u00fcppiger Pfirsich, toll integrierte Eichennoten und ein Hauch Ingwer &amp; Jasmin. Im Mund kommt er prall und \u00fcppig daher, elegante mit guter S\u00e4ure und feiner Frucht! Ein klasse Spanier!<\/p>\n<p><a href=\"http:\/\/weindeuter.blogspot.com\/2010\/06\/pompaelo-weine.html#links\">Hier ein Artikel des Weinbloggers &#8222;Weindeuter&#8220; zu Pompaelo- &amp; El Puno-Weinen<\/a><\/p>\n<p>Enth\u00e4lt Sulfite, 0,75 L, 12,5 % vol.<\/p>\n<p>Invisus Wines UG<br \/>\nEupener Str. 29<br \/>\n40549 D\u00fcsseldorf<br \/>\nDeutschland<br \/>\n+ 49 211 99368182<br \/>\ninfo@invisuswines.de<\/p>\n","protected":false},"featured_media":31414,"comment_status":"closed","ping_status":"closed","template":"","meta":{"_acf_changed":false},"product_brand":[],"product_cat":[1526,1535],"product_tag":[1243],"class_list":{"0":"post-7875","1":"product","2":"type-product","3":"status-publish","4":"has-post-thumbnail","6":"product_cat-weissweine","7":"product_cat-spanien","8":"product_tag-puno-puno-calatayud-rotweine-rolf-kaspar-nrw-essen-spanien-spanischer-spanisch-trocken-red-faust","10":"first","11":"instock","12":"taxable","13":"shipping-taxable","14":"purchasable","15":"product-type-simple"},"acf":[],"_links":{"self":[{"href":"https:\/\/www.kaspar-spirituosen.de\/shop\/wp-json\/wp\/v2\/product\/7875","targetHints":{"allow":["GET"]}}],"collection":[{"href":"https:\/\/www.kaspar-spirituosen.de\/shop\/wp-json\/wp\/v2\/product"}],"about":[{"href":"https:\/\/www.kaspar-spirituosen.de\/shop\/wp-json\/wp\/v2\/types\/product"}],"replies":[{"embeddable":true,"href":"https:\/\/www.kaspar-spirituosen.de\/shop\/wp-json\/wp\/v2\/comments?post=7875"}],"wp:featuredmedia":[{"embeddable":true,"href":"https:\/\/www.kaspar-spirituosen.de\/shop\/wp-json\/wp\/v2\/media\/31414"}],"wp:attachment":[{"href":"https:\/\/www.kaspar-spirituosen.de\/shop\/wp-json\/wp\/v2\/media?parent=7875"}],"wp:term":[{"taxonomy":"product_brand","embeddable":true,"href":"https:\/\/www.kaspar-spirituosen.de\/shop\/wp-json\/wp\/v2\/product_brand?post=7875"},{"taxonomy":"product_cat","embeddable":true,"href":"https:\/\/www.kaspar-spirituosen.de\/shop\/wp-json\/wp\/v2\/product_cat?post=7875"},{"taxonomy":"product_tag","embeddable":true,"href":"https:\/\/www.kaspar-spirituosen.de\/shop\/wp-json\/wp\/v2\/product_tag?post=7875"}],"curies":[{"name":"wp","href":"https:\/\/api.w.org\/{rel}","templated":true}]}}