{"id":7891,"date":"2025-05-05T16:53:16","date_gmt":"2025-05-05T14:53:16","guid":{"rendered":"https:\/\/www.kaspar-spirituosen.de\/shop\/produkt\/2023-stairway-to-heaven-rosado-075-lt\/"},"modified":"2026-03-14T10:48:34","modified_gmt":"2026-03-14T09:48:34","slug":"2023-stairway-to-heaven-rosado-075-lt","status":"publish","type":"product","link":"https:\/\/www.kaspar-spirituosen.de\/shop\/produkt\/2023-stairway-to-heaven-rosado-075-lt\/","title":{"rendered":"2025 Stairway to Heaven Rosado 0,75 lt."},"content":{"rendered":"<p style=\"font-size: 16px;font-family: Arial, Verdana, Helvetica\"><b>Spanien<\/b><\/p>\n<p style=\"font-size: 16px;font-family: Arial, Verdana, Helvetica\">Im eigentlichen Leben ist Prof. Dr. Michael Popp Pharmazeut und leitet bereits in der dritten Generation das Familienunternehmen Bionorica AG im oberpf\u00e4lzischen Neumarkt. Inspiriert von der Idee, &#8222;Trauben unter wissenschaftlichen Gesichtspunkten anzubauen, zu verarbeiten und so einen Wein herzustellen, der in seiner sinnlichen Dimension einmalig ist&#8220;, hat Michael Popp den Einstieg ins Winzerleben gewagt. Mit durchschlagendem Erfolg!<\/p>\n<p style=\"font-size: 16px;font-family: Arial, Verdana, Helvetica\">Der Rosado ist eine Cuv\u00e9e aus Shiraz und Cabernet Sauvignon mit dichter Farbe, die einen kr\u00e4ftigen, fruchtigen Duft zeigt, in dem Beerenfr\u00fcchte und Sauerkirscharomen dominieren. Am Gaumen wiederholen sich die fruchtigen Aromen und verbinden sich mit einem kraftvollen K\u00f6rper und dezenter S\u00e4ure zu einem angenehmen, sommerlichen Trinkerlebnis.<\/p>\n<p style=\"font-size: 16px;font-family: Arial, Verdana, Helvetica\">Enth\u00e4lt Sulfite, 0,75 L, 13 % vol.<\/p>\n<p>BODEGAS CASTELL MIQUEL<br \/>\nApdo. Correos 11<br \/>\nCtra. Alar\u00f3-Lloseta, Km 8.7<br \/>\nE-07340 Alar\u00f3, Mallorca<br \/>\nTelefon: +34 971 510 698<br \/>\nFax:+34 971 510 669<br \/>\nE-Mail:info@castellmiquel.co<\/p>\n","protected":false},"excerpt":{"rendered":"<p style=\"font-size: 16px;font-family: Arial, Verdana, Helvetica\"><b>Spanien<\/b><\/p>\n<p style=\"font-size: 16px;font-family: Arial, Verdana, Helvetica\">Im eigentlichen Leben ist Prof. Dr. Michael Popp Pharmazeut und leitet bereits in der dritten Generation das Familienunternehmen Bionorica AG im oberpf\u00e4lzischen Neumarkt. Inspiriert von der Idee, &#8222;Trauben unter wissenschaftlichen Gesichtspunkten anzubauen, zu verarbeiten und so einen Wein herzustellen, der in seiner sinnlichen Dimension einmalig ist&#8220;, hat Michael Popp den Einstieg ins Winzerleben gewagt. Mit durchschlagendem Erfolg!<\/p>\n<p style=\"font-size: 16px;font-family: Arial, Verdana, Helvetica\">Der Rosado ist eine Cuv\u00e9e aus Shiraz und Cabernet Sauvignon mit dichter Farbe, die einen kr\u00e4ftigen, fruchtigen Duft zeigt, in dem Beerenfr\u00fcchte und Sauerkirscharomen dominieren. Am Gaumen wiederholen sich die fruchtigen Aromen und verbinden sich mit einem kraftvollen K\u00f6rper und dezenter S\u00e4ure zu einem angenehmen, sommerlichen Trinkerlebnis.<\/p>\n<p style=\"font-size: 16px;font-family: Arial, Verdana, Helvetica\">Enth\u00e4lt Sulfite, 0,75 L, 13 % vol.<\/p>\n<p>BODEGAS CASTELL MIQUEL<br \/>\nApdo. Correos 11<br \/>\nCtra. Alar\u00f3-Lloseta, Km 8.7<br \/>\nE-07340 Alar\u00f3, Mallorca<br \/>\nTelefon: +34 971 510 698<br \/>\nFax:+34 971 510 669<br \/>\nE-Mail:info@castellmiquel.co<\/p>\n<p>&nbsp;<\/p>\n","protected":false},"featured_media":31418,"comment_status":"closed","ping_status":"closed","template":"","meta":{"_acf_changed":false},"product_brand":[],"product_cat":[1537],"product_tag":[1257],"class_list":{"0":"post-7891","1":"product","2":"type-product","3":"status-publish","4":"has-post-thumbnail","6":"product_cat-roseweine","7":"product_tag-castell-miquel-stairway-to-heaven-mallorca-spanien-spanischer-wein-rotwein-rolf-kaspar-essen-nrw-fachhaendler-weine","9":"first","10":"outofstock","11":"taxable","12":"shipping-taxable","13":"purchasable","14":"product-type-simple"},"acf":[],"_links":{"self":[{"href":"https:\/\/www.kaspar-spirituosen.de\/shop\/wp-json\/wp\/v2\/product\/7891","targetHints":{"allow":["GET"]}}],"collection":[{"href":"https:\/\/www.kaspar-spirituosen.de\/shop\/wp-json\/wp\/v2\/product"}],"about":[{"href":"https:\/\/www.kaspar-spirituosen.de\/shop\/wp-json\/wp\/v2\/types\/product"}],"replies":[{"embeddable":true,"href":"https:\/\/www.kaspar-spirituosen.de\/shop\/wp-json\/wp\/v2\/comments?post=7891"}],"wp:featuredmedia":[{"embeddable":true,"href":"https:\/\/www.kaspar-spirituosen.de\/shop\/wp-json\/wp\/v2\/media\/31418"}],"wp:attachment":[{"href":"https:\/\/www.kaspar-spirituosen.de\/shop\/wp-json\/wp\/v2\/media?parent=7891"}],"wp:term":[{"taxonomy":"product_brand","embeddable":true,"href":"https:\/\/www.kaspar-spirituosen.de\/shop\/wp-json\/wp\/v2\/product_brand?post=7891"},{"taxonomy":"product_cat","embeddable":true,"href":"https:\/\/www.kaspar-spirituosen.de\/shop\/wp-json\/wp\/v2\/product_cat?post=7891"},{"taxonomy":"product_tag","embeddable":true,"href":"https:\/\/www.kaspar-spirituosen.de\/shop\/wp-json\/wp\/v2\/product_tag?post=7891"}],"curies":[{"name":"wp","href":"https:\/\/api.w.org\/{rel}","templated":true}]}}