{"id":7935,"date":"2025-05-05T16:53:28","date_gmt":"2025-05-05T14:53:28","guid":{"rendered":"https:\/\/www.kaspar-spirituosen.de\/shop\/produkt\/2024-martin-reinfeld-gruener-veltliner-burgenland-oesterreich-075-lt\/"},"modified":"2025-10-24T16:14:09","modified_gmt":"2025-10-24T14:14:09","slug":"2024-martin-reinfeld-gruener-veltliner-burgenland-oesterreich-075-lt","status":"publish","type":"product","link":"https:\/\/www.kaspar-spirituosen.de\/shop\/produkt\/2024-martin-reinfeld-gruener-veltliner-burgenland-oesterreich-075-lt\/","title":{"rendered":"2024 Martin Reinfeld Gr\u00fcner Veltliner (Burgenland\/\u00d6sterreich) 0,75 lt."},"content":{"rendered":"","protected":false},"excerpt":{"rendered":"<p><b>Burgenland, \u00d6sterreich<\/b><\/p>\n<p><strong>Gr\u00fcner Veltliner. <\/strong>Die Trauben f\u00fcr diesen Wein wachsen auf sandigem, kalkhaltigem und von Schiefer durchzogenem Boden. Mittlerweile wird diese Sorte verh\u00e4ltnism\u00e4\u00dfig sp\u00e4t gelesen, weil das Ergebnis bei fr\u00fcherer Ernte \u2013 obwohl sch\u00f6n duftig \u2013 f\u00fcr den Geschmack von Martin Reinfeld insgesamt zu flach war und zu wenig Struktur hatte. Beim Gr\u00fcnen Veltliner ist dem Winzer ein ausgewogenes Verh\u00e4ltnis zwischen Duftigkeit und der f\u00fcr diese Sorte typischen W\u00fcrze wichtig.<\/p>\n<p>Enth\u00e4lt Sulfite, 0,75 L, 13,50 % vol.<\/p>\n<p><a data-link-type=\"external\" data-type=\"linkpicker\" href=\"https:\/\/www.martinreinfeld.at\/kennzeichnung\/2024-2\/gruener-veltliner-2024\/\">Zutaten und N\u00e4hrwerttabelle<\/a><\/p>\n<p>Weingut Martin Reinfeld<br \/>\nHauptstra\u00dfe 19<br \/>\n7081 Sch\u00fctzen am Gebirge<br \/>\n\u00d6STERREICH<br \/>\n+43 699 11 50 62 64<br \/>\noffice@martinreinfeld.at | www.martinreinfeld.at<\/p>\n","protected":false},"featured_media":31427,"comment_status":"closed","ping_status":"closed","template":"","meta":{"_acf_changed":false},"product_brand":[],"product_cat":[1526,1532],"product_tag":[1283],"class_list":{"0":"post-7935","1":"product","2":"type-product","3":"status-publish","4":"has-post-thumbnail","6":"product_cat-weissweine","7":"product_cat-oesterreich-02-2","8":"product_tag-martin-reinfeld-gruener-veltliner-burgenland-oesterreich-oesterreich-weingut-rolf-kaspar-essen-nrw","10":"first","11":"instock","12":"taxable","13":"shipping-taxable","14":"purchasable","15":"product-type-simple"},"acf":[],"_links":{"self":[{"href":"https:\/\/www.kaspar-spirituosen.de\/shop\/wp-json\/wp\/v2\/product\/7935","targetHints":{"allow":["GET"]}}],"collection":[{"href":"https:\/\/www.kaspar-spirituosen.de\/shop\/wp-json\/wp\/v2\/product"}],"about":[{"href":"https:\/\/www.kaspar-spirituosen.de\/shop\/wp-json\/wp\/v2\/types\/product"}],"replies":[{"embeddable":true,"href":"https:\/\/www.kaspar-spirituosen.de\/shop\/wp-json\/wp\/v2\/comments?post=7935"}],"wp:featuredmedia":[{"embeddable":true,"href":"https:\/\/www.kaspar-spirituosen.de\/shop\/wp-json\/wp\/v2\/media\/31427"}],"wp:attachment":[{"href":"https:\/\/www.kaspar-spirituosen.de\/shop\/wp-json\/wp\/v2\/media?parent=7935"}],"wp:term":[{"taxonomy":"product_brand","embeddable":true,"href":"https:\/\/www.kaspar-spirituosen.de\/shop\/wp-json\/wp\/v2\/product_brand?post=7935"},{"taxonomy":"product_cat","embeddable":true,"href":"https:\/\/www.kaspar-spirituosen.de\/shop\/wp-json\/wp\/v2\/product_cat?post=7935"},{"taxonomy":"product_tag","embeddable":true,"href":"https:\/\/www.kaspar-spirituosen.de\/shop\/wp-json\/wp\/v2\/product_tag?post=7935"}],"curies":[{"name":"wp","href":"https:\/\/api.w.org\/{rel}","templated":true}]}}