{"id":7941,"date":"2025-05-05T16:53:28","date_gmt":"2025-05-05T14:53:28","guid":{"rendered":"https:\/\/www.kaspar-spirituosen.de\/shop\/produkt\/2018-unger-zweigelt-fuchaberg-075-lt\/"},"modified":"2025-10-24T16:14:09","modified_gmt":"2025-10-24T14:14:09","slug":"2021-unger-zweigelt-fuchaberg-075-lt","status":"publish","type":"product","link":"https:\/\/www.kaspar-spirituosen.de\/shop\/produkt\/2021-unger-zweigelt-fuchaberg-075-lt\/","title":{"rendered":"2021 Unger Zweigelt &#8222;Furth&#8220; 0,75 lt."},"content":{"rendered":"","protected":false},"excerpt":{"rendered":"<p><strong>Kremstal, \u00d6sterreich<\/strong><\/p>\n<p>Die Ried (der Weinberg) <strong>Fuchaberg<\/strong> liegt am s\u00fcdlichen Donauufer, \u00f6stlich des G\u00f6ttweiger Berges gelegen, Hangneigung Richtung Westen. Der Zweigelt wurde zu 50% im Stahltank und zu 50% f\u00fcr 4 Monate in gebrauchten franz\u00f6sischen Barriques gereift. Intensiver Duft nach schwarzen Kirschen und etwas schwarze Ribiseln, mit w\u00fcrzigen Noten unterlegt. Am Gaumen ebenfalls juvenile Fruchtnoten schwarzer Kirsche, auch Weichsel, etwas Ribisel, mittelkr\u00e4ftiger K\u00f6rper, weiche Tannine, fruchtiger Abgang.<\/p>\n<p>Speisenempfehlung: leichte Fleischgerichte, Hausmannskost, Lamm, Pasta, K\u00e4se.<\/p>\n<p>Abbildung \u00e4hnlich<\/p>\n<p>Enth\u00e4lt Sulfite, 0,75 L, 13,00 % vol.<\/p>\n<p>Weingut Petra Unger<br \/>\nZELLERGRABEN 245, 3511 FURTH, AUSTRIA<br \/>\nTEL. +43 676-848 622 822, FAX 02732-76801<br \/>\nE-MAIL: office@ungerwein.at<\/p>\n","protected":false},"featured_media":31429,"comment_status":"closed","ping_status":"closed","template":"","meta":{"_acf_changed":false},"product_brand":[],"product_cat":[1505,1510],"product_tag":[1286],"class_list":{"0":"post-7941","1":"product","2":"type-product","3":"status-publish","4":"has-post-thumbnail","6":"product_cat-rotweine","7":"product_cat-oesterreich","8":"product_tag-petra-furth-niederoesterreich-oesterreich-oesterreich-weingut-rolf-kaspar-essen-nrw","10":"first","11":"instock","12":"taxable","13":"shipping-taxable","14":"purchasable","15":"product-type-simple"},"acf":[],"_links":{"self":[{"href":"https:\/\/www.kaspar-spirituosen.de\/shop\/wp-json\/wp\/v2\/product\/7941","targetHints":{"allow":["GET"]}}],"collection":[{"href":"https:\/\/www.kaspar-spirituosen.de\/shop\/wp-json\/wp\/v2\/product"}],"about":[{"href":"https:\/\/www.kaspar-spirituosen.de\/shop\/wp-json\/wp\/v2\/types\/product"}],"replies":[{"embeddable":true,"href":"https:\/\/www.kaspar-spirituosen.de\/shop\/wp-json\/wp\/v2\/comments?post=7941"}],"wp:featuredmedia":[{"embeddable":true,"href":"https:\/\/www.kaspar-spirituosen.de\/shop\/wp-json\/wp\/v2\/media\/31429"}],"wp:attachment":[{"href":"https:\/\/www.kaspar-spirituosen.de\/shop\/wp-json\/wp\/v2\/media?parent=7941"}],"wp:term":[{"taxonomy":"product_brand","embeddable":true,"href":"https:\/\/www.kaspar-spirituosen.de\/shop\/wp-json\/wp\/v2\/product_brand?post=7941"},{"taxonomy":"product_cat","embeddable":true,"href":"https:\/\/www.kaspar-spirituosen.de\/shop\/wp-json\/wp\/v2\/product_cat?post=7941"},{"taxonomy":"product_tag","embeddable":true,"href":"https:\/\/www.kaspar-spirituosen.de\/shop\/wp-json\/wp\/v2\/product_tag?post=7941"}],"curies":[{"name":"wp","href":"https:\/\/api.w.org\/{rel}","templated":true}]}}