{"id":7943,"date":"2025-05-05T16:53:28","date_gmt":"2025-05-05T14:53:28","guid":{"rendered":"https:\/\/www.kaspar-spirituosen.de\/shop\/produkt\/2020-martin-reinfeld-zweigelt-burgenland-oesterreich-075-lt\/"},"modified":"2025-10-24T16:14:10","modified_gmt":"2025-10-24T14:14:10","slug":"2020-martin-reinfeld-zweigelt-burgenland-oesterreich-075-lt","status":"publish","type":"product","link":"https:\/\/www.kaspar-spirituosen.de\/shop\/produkt\/2020-martin-reinfeld-zweigelt-burgenland-oesterreich-075-lt\/","title":{"rendered":"2020 Martin Reinfeld Zweigelt, Burgenland\/\u00d6sterreich 0,75 lt."},"content":{"rendered":"","protected":false},"excerpt":{"rendered":"<p><strong>Burgenland, \u00d6sterreich<\/strong><\/p>\n<p><strong>Zweigelt. <\/strong>Braunlehm ist ein idealer Boden f\u00fcr Zweigelt. Lehm ist ein guter Feuchtigkeitsspeicher \u2013 der Rebstock ist dadurch weniger anf\u00e4llig f\u00fcr Trockenstress. Dazu kommt, dass Braunlehm diesem Zweigelt durch seinen hohen Eisengehalt eine sch\u00f6ne W\u00fcrze mitgibt. Ausgebaut wird er im gro\u00dfen Fass, um diese W\u00fcrze nicht hinter zu viel Holz zu verstecken.<\/p>\n<p>Enth\u00e4lt Sulfite, 0,75 L, 13,5 % vol.<\/p>\n<p>Weingut Martin Reinfeld<br \/>\nHauptstra\u00dfe 19<br \/>\n7081 Sch\u00fctzen am Gebirge<br \/>\n\u00d6STERREICH<br \/>\n+43 699 11 50 62 64<br \/>\noffice@martinreinfeld.at | www.martinreinfeld.at<\/p>\n","protected":false},"featured_media":31430,"comment_status":"closed","ping_status":"closed","template":"","meta":{"_acf_changed":false},"product_brand":[],"product_cat":[1505,1510],"product_tag":[1287],"class_list":{"0":"post-7943","1":"product","2":"type-product","3":"status-publish","4":"has-post-thumbnail","6":"product_cat-rotweine","7":"product_cat-oesterreich","8":"product_tag-martin-reinfeld-burgenland-zweigelt-oesterreich-oesterreich-weingut-rolf-kaspar-essen-nrw","10":"first","11":"instock","12":"taxable","13":"shipping-taxable","14":"purchasable","15":"product-type-simple"},"acf":[],"_links":{"self":[{"href":"https:\/\/www.kaspar-spirituosen.de\/shop\/wp-json\/wp\/v2\/product\/7943","targetHints":{"allow":["GET"]}}],"collection":[{"href":"https:\/\/www.kaspar-spirituosen.de\/shop\/wp-json\/wp\/v2\/product"}],"about":[{"href":"https:\/\/www.kaspar-spirituosen.de\/shop\/wp-json\/wp\/v2\/types\/product"}],"replies":[{"embeddable":true,"href":"https:\/\/www.kaspar-spirituosen.de\/shop\/wp-json\/wp\/v2\/comments?post=7943"}],"wp:featuredmedia":[{"embeddable":true,"href":"https:\/\/www.kaspar-spirituosen.de\/shop\/wp-json\/wp\/v2\/media\/31430"}],"wp:attachment":[{"href":"https:\/\/www.kaspar-spirituosen.de\/shop\/wp-json\/wp\/v2\/media?parent=7943"}],"wp:term":[{"taxonomy":"product_brand","embeddable":true,"href":"https:\/\/www.kaspar-spirituosen.de\/shop\/wp-json\/wp\/v2\/product_brand?post=7943"},{"taxonomy":"product_cat","embeddable":true,"href":"https:\/\/www.kaspar-spirituosen.de\/shop\/wp-json\/wp\/v2\/product_cat?post=7943"},{"taxonomy":"product_tag","embeddable":true,"href":"https:\/\/www.kaspar-spirituosen.de\/shop\/wp-json\/wp\/v2\/product_tag?post=7943"}],"curies":[{"name":"wp","href":"https:\/\/api.w.org\/{rel}","templated":true}]}}