{"id":7956,"date":"2025-05-05T16:53:28","date_gmt":"2025-05-05T14:53:28","guid":{"rendered":"https:\/\/www.kaspar-spirituosen.de\/shop\/produkt\/2011-craft-sauvignon-blanc-075-lt\/"},"modified":"2025-10-24T16:14:12","modified_gmt":"2025-10-24T14:14:12","slug":"2011-craft-sauvignon-blanc-075-lt","status":"publish","type":"product","link":"https:\/\/www.kaspar-spirituosen.de\/shop\/produkt\/2011-craft-sauvignon-blanc-075-lt\/","title":{"rendered":"2011 Craft Sauvignon Blanc 0,75 lt."},"content":{"rendered":"<p><strong style=\"font-family: Arial, Verdana, Helvetica; font-size: 16px;\">Craft Series PRIDE &amp; GLORY Sauvignon Blanc<\/strong><span style=\"font-family: Arial, Verdana, Helvetica; font-size: 16px;\">\u00a0von Marisco Vineyards<\/span><\/p>\n<p>Grapefruit mit Spuren von mineralischer Zitrone verst\u00e4rkt durch kr\u00e4ftig, w\u00fcrzige Elemente von Rauch, Feuerstein, nach Verg\u00e4rung im Stahltank und langer Lagerung in gebrauchten Barriques auf der Feinhefe f\u00fcr mehr Schmelz, Volumen und Komplexit\u00e4t. <strong>Craft Series<\/strong> <strong style=\"font-size: 16px; font-family: Arial, Verdana, Helvetica;\">PRIDE &amp; GLORY \u00a0<\/strong>&#8211; der ganze Stolz des Weinbaus und der Weinherstellung von <strong>Marisco Vineyards<\/strong>.<\/p>\n<p>Wein, enth\u00e4lt Sulfite, 0,75 L, 13%vol.<br \/>\nMarisco Vineyards Limited, Guernsey Rd, Marlborough, New Zealand<\/p>\n","protected":false},"excerpt":{"rendered":"<p><strong>The Craft Series PRIDE &amp; GLORY Sauvignon Blanc<\/strong> von Marisco Vineyards, Marlborough, Neuseeland<\/p>\n","protected":false},"featured_media":31435,"comment_status":"closed","ping_status":"closed","template":"","meta":{"_acf_changed":false},"product_brand":[],"product_cat":[1526,1536],"product_tag":[1294],"class_list":{"0":"post-7956","1":"product","2":"type-product","3":"status-publish","4":"has-post-thumbnail","6":"product_cat-weissweine","7":"product_cat-uebersee","8":"product_tag-neuseeland-sauvignon-blanc-marisco-vineyards-marlborough-rolf-kaspar-nrw-essen-wein-weine-neuseelaendisch-weisswein-fernlands-the-ned-the-kings-craft-series","10":"first","11":"outofstock","12":"taxable","13":"shipping-taxable","14":"purchasable","15":"product-type-simple"},"acf":[],"_links":{"self":[{"href":"https:\/\/www.kaspar-spirituosen.de\/shop\/wp-json\/wp\/v2\/product\/7956","targetHints":{"allow":["GET"]}}],"collection":[{"href":"https:\/\/www.kaspar-spirituosen.de\/shop\/wp-json\/wp\/v2\/product"}],"about":[{"href":"https:\/\/www.kaspar-spirituosen.de\/shop\/wp-json\/wp\/v2\/types\/product"}],"replies":[{"embeddable":true,"href":"https:\/\/www.kaspar-spirituosen.de\/shop\/wp-json\/wp\/v2\/comments?post=7956"}],"wp:featuredmedia":[{"embeddable":true,"href":"https:\/\/www.kaspar-spirituosen.de\/shop\/wp-json\/wp\/v2\/media\/31435"}],"wp:attachment":[{"href":"https:\/\/www.kaspar-spirituosen.de\/shop\/wp-json\/wp\/v2\/media?parent=7956"}],"wp:term":[{"taxonomy":"product_brand","embeddable":true,"href":"https:\/\/www.kaspar-spirituosen.de\/shop\/wp-json\/wp\/v2\/product_brand?post=7956"},{"taxonomy":"product_cat","embeddable":true,"href":"https:\/\/www.kaspar-spirituosen.de\/shop\/wp-json\/wp\/v2\/product_cat?post=7956"},{"taxonomy":"product_tag","embeddable":true,"href":"https:\/\/www.kaspar-spirituosen.de\/shop\/wp-json\/wp\/v2\/product_tag?post=7956"}],"curies":[{"name":"wp","href":"https:\/\/api.w.org\/{rel}","templated":true}]}}