{"id":7958,"date":"2025-05-05T16:53:28","date_gmt":"2025-05-05T14:53:28","guid":{"rendered":"https:\/\/www.kaspar-spirituosen.de\/shop\/produkt\/2020-the-ned-pinot-gris-075-lt\/"},"modified":"2025-10-24T16:14:12","modified_gmt":"2025-10-24T14:14:12","slug":"2020-the-ned-pinot-gris-075-lt","status":"publish","type":"product","link":"https:\/\/www.kaspar-spirituosen.de\/shop\/produkt\/2020-the-ned-pinot-gris-075-lt\/","title":{"rendered":"2020 The Ned Pinot Gris 0,75 lt."},"content":{"rendered":"<p><strong>The Ned Pinot Grigio<\/strong><\/p>\n<p>Ein Bouquet von Ingwer, Nektarine und goldene Haut \u00c4pfel mit den zarten, floralen Notenvon frisch geschnittenen Fr\u00fchlingsblumen.<\/p>\n<p>Um die lachsrote Farbe des Ned Pinot Grigio zu intensivieren, ist ein intensiver Kontakt der Beerenh\u00e4ute ausgew\u00e4hlter, sehr reifer Trauben unerl\u00e4sslich. Ebenso wichtig ist der positive Effekt, den diese Technik auf die Tiefe, Komplexit\u00e4t und den Geschmack des Weines hat.<\/p>\n<p>Wein, enth\u00e4lt Sulfite, 0,75 L, 13,5%vol.<br \/>\nMarisco Vineyards Limited, Guernsey Rd, Marlborough, New Zealand<\/p>\n","protected":false},"excerpt":{"rendered":"<p><span style=\"font-family: Arial, Verdana, Helvetica; font-size: 16px;\">Ein Bouquet von Ingwer, Nektarine und goldene Haut \u00c4pfel mit den zarten, floralen Notenvon frisch geschnittenen Fr\u00fchlingsblumen.<\/span><\/p>\n","protected":false},"featured_media":31436,"comment_status":"closed","ping_status":"closed","template":"","meta":{"_acf_changed":false},"product_brand":[],"product_cat":[1526,1536],"product_tag":[1295],"class_list":{"0":"post-7958","1":"product","2":"type-product","3":"status-publish","4":"has-post-thumbnail","6":"product_cat-weissweine","7":"product_cat-uebersee","8":"product_tag-neuseeland-pinot-gris-marisco-vineyards-marlborough-rolf-kaspar-nrw-essen-wein-weine-neuseelaendisch-weisswein-fernlands-the-ned-the-kings-craft-series-grauburgunder","10":"first","11":"outofstock","12":"taxable","13":"shipping-taxable","14":"purchasable","15":"product-type-simple"},"acf":[],"_links":{"self":[{"href":"https:\/\/www.kaspar-spirituosen.de\/shop\/wp-json\/wp\/v2\/product\/7958","targetHints":{"allow":["GET"]}}],"collection":[{"href":"https:\/\/www.kaspar-spirituosen.de\/shop\/wp-json\/wp\/v2\/product"}],"about":[{"href":"https:\/\/www.kaspar-spirituosen.de\/shop\/wp-json\/wp\/v2\/types\/product"}],"replies":[{"embeddable":true,"href":"https:\/\/www.kaspar-spirituosen.de\/shop\/wp-json\/wp\/v2\/comments?post=7958"}],"wp:featuredmedia":[{"embeddable":true,"href":"https:\/\/www.kaspar-spirituosen.de\/shop\/wp-json\/wp\/v2\/media\/31436"}],"wp:attachment":[{"href":"https:\/\/www.kaspar-spirituosen.de\/shop\/wp-json\/wp\/v2\/media?parent=7958"}],"wp:term":[{"taxonomy":"product_brand","embeddable":true,"href":"https:\/\/www.kaspar-spirituosen.de\/shop\/wp-json\/wp\/v2\/product_brand?post=7958"},{"taxonomy":"product_cat","embeddable":true,"href":"https:\/\/www.kaspar-spirituosen.de\/shop\/wp-json\/wp\/v2\/product_cat?post=7958"},{"taxonomy":"product_tag","embeddable":true,"href":"https:\/\/www.kaspar-spirituosen.de\/shop\/wp-json\/wp\/v2\/product_tag?post=7958"}],"curies":[{"name":"wp","href":"https:\/\/api.w.org\/{rel}","templated":true}]}}