{"id":7960,"date":"2025-05-05T16:53:28","date_gmt":"2025-05-05T14:53:28","guid":{"rendered":"https:\/\/www.kaspar-spirituosen.de\/shop\/produkt\/2012-craft-viognier-075-lt\/"},"modified":"2025-10-24T16:14:13","modified_gmt":"2025-10-24T14:14:13","slug":"2012-craft-viognier-075-lt","status":"publish","type":"product","link":"https:\/\/www.kaspar-spirituosen.de\/shop\/produkt\/2012-craft-viognier-075-lt\/","title":{"rendered":"2012 Craft Viognier 0,75 lt."},"content":{"rendered":"<p><strong>Craft Series THE EXEMPLAR Viognier<\/strong><\/p>\n<p>9 monatiger Verg\u00e4rung und lagerung auf der Feinhefen in franz\u00f6sischen Eichenf\u00e4ssern.<\/p>\n<p>Vollmundig und aromatisch mit Noten getrockneter Aprikose, frischer Zitrusfr\u00fcchte und von cremigem, wei\u00dfen Nougat. Berauschender Moschus und eine dezente Holznote liefern eine exotische Welle von Aromen. Der lange Nachhall und das seidige Mundgef\u00fchl liefern ein wahrlich raffiniertes und begl\u00fcckendes Geschmackserlebnis.<\/p>\n<p>Wein, enth\u00e4lt Sulfite, 0,75 L, 13%vol.<br \/>\nMarisco Vineyards Limited, Guernsey Rd, Marlborough, New Zealand<\/p>\n","protected":false},"excerpt":{"rendered":"<p><span style=\"font-family: Arial, Verdana, Helvetica; font-size: 16px;\">Craft Series<strong> THE EXEMPLAR <\/strong>Viognier<\/span> von Marisco Vineyards, Marlborough, Neuseeland<\/p>\n","protected":false},"featured_media":31437,"comment_status":"closed","ping_status":"closed","template":"","meta":{"_acf_changed":false},"product_brand":[],"product_cat":[1526,1536],"product_tag":[1294],"class_list":{"0":"post-7960","1":"product","2":"type-product","3":"status-publish","4":"has-post-thumbnail","6":"product_cat-weissweine","7":"product_cat-uebersee","8":"product_tag-neuseeland-sauvignon-blanc-marisco-vineyards-marlborough-rolf-kaspar-nrw-essen-wein-weine-neuseelaendisch-weisswein-fernlands-the-ned-the-kings-craft-series","10":"first","11":"instock","12":"taxable","13":"shipping-taxable","14":"purchasable","15":"product-type-simple"},"acf":[],"_links":{"self":[{"href":"https:\/\/www.kaspar-spirituosen.de\/shop\/wp-json\/wp\/v2\/product\/7960","targetHints":{"allow":["GET"]}}],"collection":[{"href":"https:\/\/www.kaspar-spirituosen.de\/shop\/wp-json\/wp\/v2\/product"}],"about":[{"href":"https:\/\/www.kaspar-spirituosen.de\/shop\/wp-json\/wp\/v2\/types\/product"}],"replies":[{"embeddable":true,"href":"https:\/\/www.kaspar-spirituosen.de\/shop\/wp-json\/wp\/v2\/comments?post=7960"}],"wp:featuredmedia":[{"embeddable":true,"href":"https:\/\/www.kaspar-spirituosen.de\/shop\/wp-json\/wp\/v2\/media\/31437"}],"wp:attachment":[{"href":"https:\/\/www.kaspar-spirituosen.de\/shop\/wp-json\/wp\/v2\/media?parent=7960"}],"wp:term":[{"taxonomy":"product_brand","embeddable":true,"href":"https:\/\/www.kaspar-spirituosen.de\/shop\/wp-json\/wp\/v2\/product_brand?post=7960"},{"taxonomy":"product_cat","embeddable":true,"href":"https:\/\/www.kaspar-spirituosen.de\/shop\/wp-json\/wp\/v2\/product_cat?post=7960"},{"taxonomy":"product_tag","embeddable":true,"href":"https:\/\/www.kaspar-spirituosen.de\/shop\/wp-json\/wp\/v2\/product_tag?post=7960"}],"curies":[{"name":"wp","href":"https:\/\/api.w.org\/{rel}","templated":true}]}}