{"id":7962,"date":"2025-05-05T16:53:28","date_gmt":"2025-05-05T14:53:28","guid":{"rendered":"https:\/\/www.kaspar-spirituosen.de\/shop\/produkt\/2021-the-ned-pinot-noir-075l\/"},"modified":"2025-10-24T16:14:13","modified_gmt":"2025-10-24T14:14:13","slug":"2021-the-ned-pinot-noir-075l","status":"publish","type":"product","link":"https:\/\/www.kaspar-spirituosen.de\/shop\/produkt\/2021-the-ned-pinot-noir-075l\/","title":{"rendered":"2021 The Ned Pinot Noir 0,75l"},"content":{"rendered":"<p style=\"font-size: 16px; font-family: Arial, Verdana, Helvetica;\">The Ned Pinot Noir ist ein klassisch-fruchtbetonter <strong>Marlborough Pinot Noir <\/strong>mit Aromen von Himbeere, Erdbeere und roter Pflaume. Dieser lebendige Fruchtaromatik wird durch herzhafte Noten von gr\u00fcnem Tee, Gew\u00fcrzen und einer feinen vanillig-getoasteten Note franz\u00f6sischer Eiche unterlegt. Sch\u00f6ne Fruchtkonzentration am Gaumen, erg\u00e4nzt durch feines Tannin und ausgewogene S\u00e4ure sorgen f\u00fcr einen k\u00f6stlich langen Abgang.<\/p>\n<p style=\"font-size: 16px; font-family: Arial, Verdana, Helvetica;\">Wein, enth\u00e4lt Sulfite, 0,75l, 14%vol.<br \/>\nMarisco Vineyards Limited, Guernsey Rd, Marlborough, New Zealand<\/p>\n","protected":false},"excerpt":{"rendered":"<p>Ein klassisch-fruchtbetonter <strong>Marlborough Pinot Noir<\/strong>\u00a0mit weichen, vollmundigen Holznoten<\/p>\n","protected":false},"featured_media":31438,"comment_status":"closed","ping_status":"closed","template":"","meta":{"_acf_changed":false},"product_brand":[],"product_cat":[1505,1524],"product_tag":[1294],"class_list":{"0":"post-7962","1":"product","2":"type-product","3":"status-publish","4":"has-post-thumbnail","6":"product_cat-rotweine","7":"product_cat-australien-neuseeland","8":"product_tag-neuseeland-sauvignon-blanc-marisco-vineyards-marlborough-rolf-kaspar-nrw-essen-wein-weine-neuseelaendisch-weisswein-fernlands-the-ned-the-kings-craft-series","10":"first","11":"instock","12":"taxable","13":"shipping-taxable","14":"purchasable","15":"product-type-simple"},"acf":[],"_links":{"self":[{"href":"https:\/\/www.kaspar-spirituosen.de\/shop\/wp-json\/wp\/v2\/product\/7962","targetHints":{"allow":["GET"]}}],"collection":[{"href":"https:\/\/www.kaspar-spirituosen.de\/shop\/wp-json\/wp\/v2\/product"}],"about":[{"href":"https:\/\/www.kaspar-spirituosen.de\/shop\/wp-json\/wp\/v2\/types\/product"}],"replies":[{"embeddable":true,"href":"https:\/\/www.kaspar-spirituosen.de\/shop\/wp-json\/wp\/v2\/comments?post=7962"}],"wp:featuredmedia":[{"embeddable":true,"href":"https:\/\/www.kaspar-spirituosen.de\/shop\/wp-json\/wp\/v2\/media\/31438"}],"wp:attachment":[{"href":"https:\/\/www.kaspar-spirituosen.de\/shop\/wp-json\/wp\/v2\/media?parent=7962"}],"wp:term":[{"taxonomy":"product_brand","embeddable":true,"href":"https:\/\/www.kaspar-spirituosen.de\/shop\/wp-json\/wp\/v2\/product_brand?post=7962"},{"taxonomy":"product_cat","embeddable":true,"href":"https:\/\/www.kaspar-spirituosen.de\/shop\/wp-json\/wp\/v2\/product_cat?post=7962"},{"taxonomy":"product_tag","embeddable":true,"href":"https:\/\/www.kaspar-spirituosen.de\/shop\/wp-json\/wp\/v2\/product_tag?post=7962"}],"curies":[{"name":"wp","href":"https:\/\/api.w.org\/{rel}","templated":true}]}}