{"id":7970,"date":"2025-05-05T16:53:40","date_gmt":"2025-05-05T14:53:40","guid":{"rendered":"https:\/\/www.kaspar-spirituosen.de\/shop\/produkt\/2017-thorn-clarke-terra-barossa-shiraz-cabernet-petit-verdot-075-lt\/"},"modified":"2025-10-24T16:14:03","modified_gmt":"2025-10-24T14:14:03","slug":"2017-thorn-clarke-terra-barossa-shiraz-cabernet-petit-verdot-075-lt","status":"publish","type":"product","link":"https:\/\/www.kaspar-spirituosen.de\/shop\/produkt\/2017-thorn-clarke-terra-barossa-shiraz-cabernet-petit-verdot-075-lt\/","title":{"rendered":"2017 Thorn-Clarke Terra Barossa Shiraz Cabernet Petit Verdot 0,75 lt."},"content":{"rendered":"","protected":false},"excerpt":{"rendered":"<p>Seit 1870 betreibt die Thorn-Clarke-Familie Weinbau in Australiens ber\u00fchmtester Weinregion &#8211; dem Barossa-Valley. Das hervorragende Mikroklima, die gesch\u00fctzten Lagen und die mineralischen B\u00f6den garantieren Jahr f\u00fcr Jahr optimale Reife der Weintrauben.<\/p>\n<p>Tiefes Purpur, in der Nase eine komplexe Mischung aus beeriger Frucht, Bleistiftsp\u00e4nen und reifen Pflaumen. Ein leichter floraler Touch durch den Anteil an Petit Verdot. Am Gaumen mittelschwerer K\u00f6rper, Gew\u00fcrznoten und Brombeeren, gefolgt von sanften, leicht s\u00fc\u00dflichen Tanninen. 12 Monate in kleinen Eichenf\u00e4ssern gereift; Rebsorten: Shiraz<span style=\"font-family: Arial, Verdana, Helvetica; font-size: 16px;\">\/Cabernet Sauvignon<\/span>\/Petit Verdot<\/p>\n<p>Enth\u00e4lt Sulfite, 0,75 L, 14,5 % vol.<\/p>\n<p>Thorn-Clarke Wines<br \/>\nGawler Park Rd, Angaston SA 5353, Australien<br \/>\nTelefon:+61 8 8564 3036<\/p>\n","protected":false},"featured_media":31441,"comment_status":"closed","ping_status":"closed","template":"","meta":{"_acf_changed":false},"product_brand":[],"product_cat":[1505,1524],"product_tag":[1300],"class_list":{"0":"post-7970","1":"product","2":"type-product","3":"status-publish","4":"has-post-thumbnail","6":"product_cat-rotweine","7":"product_cat-australien-neuseeland","8":"product_tag-cuvee-cuvee-barossa-thorn-clarke-australien-valley-australischer-rolf-kaspar-nrw-essen-fachhandel-wein-weine-weinprobe-weinversand","10":"first","11":"instock","12":"taxable","13":"shipping-taxable","14":"purchasable","15":"product-type-simple"},"acf":[],"_links":{"self":[{"href":"https:\/\/www.kaspar-spirituosen.de\/shop\/wp-json\/wp\/v2\/product\/7970","targetHints":{"allow":["GET"]}}],"collection":[{"href":"https:\/\/www.kaspar-spirituosen.de\/shop\/wp-json\/wp\/v2\/product"}],"about":[{"href":"https:\/\/www.kaspar-spirituosen.de\/shop\/wp-json\/wp\/v2\/types\/product"}],"replies":[{"embeddable":true,"href":"https:\/\/www.kaspar-spirituosen.de\/shop\/wp-json\/wp\/v2\/comments?post=7970"}],"wp:featuredmedia":[{"embeddable":true,"href":"https:\/\/www.kaspar-spirituosen.de\/shop\/wp-json\/wp\/v2\/media\/31441"}],"wp:attachment":[{"href":"https:\/\/www.kaspar-spirituosen.de\/shop\/wp-json\/wp\/v2\/media?parent=7970"}],"wp:term":[{"taxonomy":"product_brand","embeddable":true,"href":"https:\/\/www.kaspar-spirituosen.de\/shop\/wp-json\/wp\/v2\/product_brand?post=7970"},{"taxonomy":"product_cat","embeddable":true,"href":"https:\/\/www.kaspar-spirituosen.de\/shop\/wp-json\/wp\/v2\/product_cat?post=7970"},{"taxonomy":"product_tag","embeddable":true,"href":"https:\/\/www.kaspar-spirituosen.de\/shop\/wp-json\/wp\/v2\/product_tag?post=7970"}],"curies":[{"name":"wp","href":"https:\/\/api.w.org\/{rel}","templated":true}]}}