{"id":7984,"date":"2025-05-05T16:53:40","date_gmt":"2025-05-05T14:53:40","guid":{"rendered":"https:\/\/www.kaspar-spirituosen.de\/shop\/produkt\/2019-allee-bleue-starlette-rouge-075-lt\/"},"modified":"2026-03-15T15:51:08","modified_gmt":"2026-03-15T14:51:08","slug":"2021-allee-bleue-starlette-rouge-075-lt","status":"publish","type":"product","link":"https:\/\/www.kaspar-spirituosen.de\/shop\/produkt\/2021-allee-bleue-starlette-rouge-075-lt\/","title":{"rendered":"2021 All\u00e9e Bleue Starlette Rouge 0,75 lt."},"content":{"rendered":"","protected":false},"excerpt":{"rendered":"<p>Cuv\u00e9e aus Pinotage, Cabernet-Sauvignon, Merlot und Shiraz &#8211; purpurrote Farbe mit violetten Reflexen und gute Viskosit\u00e4t sind typisch f\u00fcr diesen Wein. Im Duft deutliche R\u00f6staromen, die durch reife Fruchtnoten von schwarzen Johannisbeeren, reifen Brombeeren und einer dezenten, mineralisch-erdigen Note erg\u00e4nzt werden. Am Gaumen zur\u00fcckhaltende Tabakaromen und eine pfeffrige W\u00fcrze, dazu ein gutes Finale mit angenehm eingebundenen Tanninen.<\/p>\n<p>Enth\u00e4lt Sulfite, 0,75 L, 13,5% vol.<\/p>\n<p>ALL\u00c9E BLEUE International GmbH &amp; Co. KG<br \/>\nIndustriestra\u00dfe 11<br \/>\n91217 Hersbruck<br \/>\nTel. +49 (0) 91 51 &#8211; 814 8930<br \/>\nFax +49 (0) 91 51 &#8211; 814 8999<\/p>\n","protected":false},"featured_media":31444,"comment_status":"closed","ping_status":"closed","template":"","meta":{"_acf_changed":false},"product_brand":[],"product_cat":[1505,1523],"product_tag":[1311],"class_list":{"0":"post-7984","1":"product","2":"type-product","3":"status-publish","4":"has-post-thumbnail","6":"product_cat-rotweine","7":"product_cat-suedafrika","8":"product_tag-starlette-rouge-allee-bleue-suedafrika-wein-suedafrikanisch-kap-rolf-kaspar-nrw-essen-fachhandel-wein-rotwein","10":"first","11":"instock","12":"taxable","13":"shipping-taxable","14":"purchasable","15":"product-type-simple"},"acf":[],"_links":{"self":[{"href":"https:\/\/www.kaspar-spirituosen.de\/shop\/wp-json\/wp\/v2\/product\/7984","targetHints":{"allow":["GET"]}}],"collection":[{"href":"https:\/\/www.kaspar-spirituosen.de\/shop\/wp-json\/wp\/v2\/product"}],"about":[{"href":"https:\/\/www.kaspar-spirituosen.de\/shop\/wp-json\/wp\/v2\/types\/product"}],"replies":[{"embeddable":true,"href":"https:\/\/www.kaspar-spirituosen.de\/shop\/wp-json\/wp\/v2\/comments?post=7984"}],"wp:featuredmedia":[{"embeddable":true,"href":"https:\/\/www.kaspar-spirituosen.de\/shop\/wp-json\/wp\/v2\/media\/31444"}],"wp:attachment":[{"href":"https:\/\/www.kaspar-spirituosen.de\/shop\/wp-json\/wp\/v2\/media?parent=7984"}],"wp:term":[{"taxonomy":"product_brand","embeddable":true,"href":"https:\/\/www.kaspar-spirituosen.de\/shop\/wp-json\/wp\/v2\/product_brand?post=7984"},{"taxonomy":"product_cat","embeddable":true,"href":"https:\/\/www.kaspar-spirituosen.de\/shop\/wp-json\/wp\/v2\/product_cat?post=7984"},{"taxonomy":"product_tag","embeddable":true,"href":"https:\/\/www.kaspar-spirituosen.de\/shop\/wp-json\/wp\/v2\/product_tag?post=7984"}],"curies":[{"name":"wp","href":"https:\/\/api.w.org\/{rel}","templated":true}]}}