{"id":7988,"date":"2025-05-05T16:53:40","date_gmt":"2025-05-05T14:53:40","guid":{"rendered":"https:\/\/www.kaspar-spirituosen.de\/shop\/produkt\/2017-allee-bleue-shiraz-075-lt\/"},"modified":"2025-10-24T16:14:04","modified_gmt":"2025-10-24T14:14:04","slug":"2017-allee-bleue-shiraz-075-lt","status":"publish","type":"product","link":"https:\/\/www.kaspar-spirituosen.de\/shop\/produkt\/2017-allee-bleue-shiraz-075-lt\/","title":{"rendered":"2017 All\u00e9e Bleue Shiraz 0,75 lt."},"content":{"rendered":"","protected":false},"excerpt":{"rendered":"<p>Dichtes Purpurrot, violette Reflexe und fast schwarzer Kern pr\u00e4gen die intensive Farbe. Kraftvolle Aromen, die an dunkle Fr\u00fcchte wie Schwarzkirschen, Brombeeren und Pflaumen erinnern, unterst\u00fctzt von feinen Gew\u00fcrznoten in Richtung Vanille und Tabak, sowie dezent erdig-mineralische Noten verf\u00fchren die Nase. Feine Bitterschokolade spiegelt den Ausbau im Barrique wider. W\u00fcrzig am Gaumen mit leicht pfeffrigen Noten und saftiger Beerenfrucht.<\/p>\n<p>Enth\u00e4lt Sulfite, 0,75l, 14,5%vol.<\/p>\n<p>ALL\u00c9E BLEUE International GmbH &amp; Co. KG<br \/>\nIndustriestra\u00dfe 11<br \/>\n91217 Hersbruck<br \/>\nTel. +49 (0) 91 51 &#8211; 814 8930<br \/>\nFax +49 (0) 91 51 &#8211; 814 8999<\/p>\n","protected":false},"featured_media":31446,"comment_status":"closed","ping_status":"closed","template":"","meta":{"_acf_changed":false},"product_brand":[],"product_cat":[1505,1523],"product_tag":[1313],"class_list":{"0":"post-7988","1":"product","2":"type-product","3":"status-publish","4":"has-post-thumbnail","6":"product_cat-rotweine","7":"product_cat-suedafrika","8":"product_tag-shiraz-allee-bleue-suedafrika-wein-suedafrikanisch-kap-rolf-kaspar-nrw-essen-fachhandel-wein-rotwein","10":"first","11":"outofstock","12":"taxable","13":"shipping-taxable","14":"purchasable","15":"product-type-simple"},"acf":[],"_links":{"self":[{"href":"https:\/\/www.kaspar-spirituosen.de\/shop\/wp-json\/wp\/v2\/product\/7988","targetHints":{"allow":["GET"]}}],"collection":[{"href":"https:\/\/www.kaspar-spirituosen.de\/shop\/wp-json\/wp\/v2\/product"}],"about":[{"href":"https:\/\/www.kaspar-spirituosen.de\/shop\/wp-json\/wp\/v2\/types\/product"}],"replies":[{"embeddable":true,"href":"https:\/\/www.kaspar-spirituosen.de\/shop\/wp-json\/wp\/v2\/comments?post=7988"}],"wp:featuredmedia":[{"embeddable":true,"href":"https:\/\/www.kaspar-spirituosen.de\/shop\/wp-json\/wp\/v2\/media\/31446"}],"wp:attachment":[{"href":"https:\/\/www.kaspar-spirituosen.de\/shop\/wp-json\/wp\/v2\/media?parent=7988"}],"wp:term":[{"taxonomy":"product_brand","embeddable":true,"href":"https:\/\/www.kaspar-spirituosen.de\/shop\/wp-json\/wp\/v2\/product_brand?post=7988"},{"taxonomy":"product_cat","embeddable":true,"href":"https:\/\/www.kaspar-spirituosen.de\/shop\/wp-json\/wp\/v2\/product_cat?post=7988"},{"taxonomy":"product_tag","embeddable":true,"href":"https:\/\/www.kaspar-spirituosen.de\/shop\/wp-json\/wp\/v2\/product_tag?post=7988"}],"curies":[{"name":"wp","href":"https:\/\/api.w.org\/{rel}","templated":true}]}}