{"id":7998,"date":"2025-05-05T16:53:40","date_gmt":"2025-05-05T14:53:40","guid":{"rendered":"https:\/\/www.kaspar-spirituosen.de\/shop\/produkt\/2020-allee-bleue-sauvignon-blanc-075-lt\/"},"modified":"2025-10-24T16:14:06","modified_gmt":"2025-10-24T14:14:06","slug":"2020-allee-bleue-sauvignon-blanc-075-lt","status":"publish","type":"product","link":"https:\/\/www.kaspar-spirituosen.de\/shop\/produkt\/2020-allee-bleue-sauvignon-blanc-075-lt\/","title":{"rendered":"2020 All\u00e9e Bleue Sauvignon Blanc 0,75 lt."},"content":{"rendered":"","protected":false},"excerpt":{"rendered":"<p><strong>Franschhoek, S\u00fcdafrika<\/strong><\/p>\n<p>Die Farbe ist gepr\u00e4gt von einem hellen Gelb mit gr\u00fcnlichen Reflexen und guter Viskosit\u00e4t. Der Duft zeigt die typischen Sauvignon Blanc-Aromen von Grapefruit, Limone, auch etwas Gras, einen Hauch Passionsfrucht und Ananas. Im Hintergrund eine feine, mineralische und florale Note, die an wei\u00dfe Bl\u00fcten erinnert.<\/p>\n<p>Enth\u00e4lt Sulfite, 0,75 L, 12,5% vol.<\/p>\n<p>ALL\u00c9E BLEUE International GmbH &amp; Co. KG<br \/>\nIndustriestra\u00dfe 11<br \/>\n91217 Hersbruck<br \/>\nTel. +49 (0) 91 51 &#8211; 814 8930<br \/>\nFax +49 (0) 91 51 &#8211; 814 8999<\/p>\n","protected":false},"featured_media":9149,"comment_status":"closed","ping_status":"closed","template":"","meta":{"_acf_changed":false},"product_brand":[],"product_cat":[1526,1536],"product_tag":[1318],"class_list":{"0":"post-7998","1":"product","2":"type-product","3":"status-publish","4":"has-post-thumbnail","6":"product_cat-weissweine","7":"product_cat-uebersee","8":"product_tag-sauvignon-blanc-allee-allee-bleue-suedafrika-wein-suedafrikanisch-kap-rolf-kaspar-nrw-essen-fachhandel","10":"first","11":"outofstock","12":"taxable","13":"shipping-taxable","14":"purchasable","15":"product-type-simple"},"acf":[],"_links":{"self":[{"href":"https:\/\/www.kaspar-spirituosen.de\/shop\/wp-json\/wp\/v2\/product\/7998","targetHints":{"allow":["GET"]}}],"collection":[{"href":"https:\/\/www.kaspar-spirituosen.de\/shop\/wp-json\/wp\/v2\/product"}],"about":[{"href":"https:\/\/www.kaspar-spirituosen.de\/shop\/wp-json\/wp\/v2\/types\/product"}],"replies":[{"embeddable":true,"href":"https:\/\/www.kaspar-spirituosen.de\/shop\/wp-json\/wp\/v2\/comments?post=7998"}],"wp:featuredmedia":[{"embeddable":true,"href":"https:\/\/www.kaspar-spirituosen.de\/shop\/wp-json\/wp\/v2\/media\/9149"}],"wp:attachment":[{"href":"https:\/\/www.kaspar-spirituosen.de\/shop\/wp-json\/wp\/v2\/media?parent=7998"}],"wp:term":[{"taxonomy":"product_brand","embeddable":true,"href":"https:\/\/www.kaspar-spirituosen.de\/shop\/wp-json\/wp\/v2\/product_brand?post=7998"},{"taxonomy":"product_cat","embeddable":true,"href":"https:\/\/www.kaspar-spirituosen.de\/shop\/wp-json\/wp\/v2\/product_cat?post=7998"},{"taxonomy":"product_tag","embeddable":true,"href":"https:\/\/www.kaspar-spirituosen.de\/shop\/wp-json\/wp\/v2\/product_tag?post=7998"}],"curies":[{"name":"wp","href":"https:\/\/api.w.org\/{rel}","templated":true}]}}