{"id":8011,"date":"2025-05-05T16:53:52","date_gmt":"2025-05-05T14:53:52","guid":{"rendered":"https:\/\/www.kaspar-spirituosen.de\/shop\/produkt\/2000-tokaji-botrytis-selection-05-lt\/"},"modified":"2025-10-24T16:13:55","modified_gmt":"2025-10-24T14:13:55","slug":"2000-tokaji-botrytis-selection-05-lt","status":"publish","type":"product","link":"https:\/\/www.kaspar-spirituosen.de\/shop\/produkt\/2000-tokaji-botrytis-selection-05-lt\/","title":{"rendered":"2000 Tokaji Botrytis Selection 0,5 lt."},"content":{"rendered":"","protected":false},"excerpt":{"rendered":"<p><strong>Tokaj, Ungarn<\/strong><\/p>\n<p>Au\u00dfergew\u00f6hnlich: ein rebsortenreiner Tokaij Sp\u00e4tlese aus der Furmint-Traube aus dem Hause Pendits.\u00a0Schon beim ersten Ansetzen des Glases f\u00fchlt man sich in das Tokaj versetzt: R\u00f6staromen, Haselnuss, Lindenbl\u00fcten, Toast, mollig leicht buttrig, dicht und harmonisch. Maracuja, Honig und feiner Rauch folgen. Gro\u00dfes (Gaumen-)Kino!<\/p>\n<div id=\"page-zones__template-widgets__profile-footercolumn2profileaddress\" class=\"widget profile \" data-widget-type=\"profile\">\n<div class=\"bk-profile-address\">\n<p>Enth\u00e4lt Sulfite, 0,5 L, Alkoholgehalt 12 % vol.<\/p>\n<p>Pendits Kft.<br \/>\n3881 Aba\u00fajsz\u00e1nt\u00f3 B\u00e9ke \u00fat 111<br \/>\nUngarn<br \/>\nPhone\/fax: 0036-47-330-567<br \/>\npendits@t-online.hu<\/p>\n<p class=\"country\">\n<\/div>\n<\/div>\n<p>&nbsp;<\/p>\n","protected":false},"featured_media":31455,"comment_status":"closed","ping_status":"closed","template":"","meta":{"_acf_changed":false},"product_brand":[],"product_cat":[1538],"product_tag":[1325],"class_list":{"0":"post-8011","1":"product","2":"type-product","3":"status-publish","4":"has-post-thumbnail","6":"product_cat-suessweine","7":"product_tag-dessertwein-suesswein-suesswein-suess-suess-tokajer-tokaier-tokaj-tokai-tokaji-ungarn-aszu-putten-ungarisch-weine-wein-rolf-kaspar-essen-nrw","9":"first","10":"instock","11":"taxable","12":"shipping-taxable","13":"purchasable","14":"product-type-simple"},"acf":[],"_links":{"self":[{"href":"https:\/\/www.kaspar-spirituosen.de\/shop\/wp-json\/wp\/v2\/product\/8011","targetHints":{"allow":["GET"]}}],"collection":[{"href":"https:\/\/www.kaspar-spirituosen.de\/shop\/wp-json\/wp\/v2\/product"}],"about":[{"href":"https:\/\/www.kaspar-spirituosen.de\/shop\/wp-json\/wp\/v2\/types\/product"}],"replies":[{"embeddable":true,"href":"https:\/\/www.kaspar-spirituosen.de\/shop\/wp-json\/wp\/v2\/comments?post=8011"}],"wp:featuredmedia":[{"embeddable":true,"href":"https:\/\/www.kaspar-spirituosen.de\/shop\/wp-json\/wp\/v2\/media\/31455"}],"wp:attachment":[{"href":"https:\/\/www.kaspar-spirituosen.de\/shop\/wp-json\/wp\/v2\/media?parent=8011"}],"wp:term":[{"taxonomy":"product_brand","embeddable":true,"href":"https:\/\/www.kaspar-spirituosen.de\/shop\/wp-json\/wp\/v2\/product_brand?post=8011"},{"taxonomy":"product_cat","embeddable":true,"href":"https:\/\/www.kaspar-spirituosen.de\/shop\/wp-json\/wp\/v2\/product_cat?post=8011"},{"taxonomy":"product_tag","embeddable":true,"href":"https:\/\/www.kaspar-spirituosen.de\/shop\/wp-json\/wp\/v2\/product_tag?post=8011"}],"curies":[{"name":"wp","href":"https:\/\/api.w.org\/{rel}","templated":true}]}}