{"id":8013,"date":"2025-05-05T16:53:52","date_gmt":"2025-05-05T14:53:52","guid":{"rendered":"https:\/\/www.kaspar-spirituosen.de\/shop\/produkt\/raumland-riesling-sekt-brut-075-l\/"},"modified":"2025-10-24T16:13:56","modified_gmt":"2025-10-24T14:13:56","slug":"raumland-riesling-sekt-brut-075-l","status":"publish","type":"product","link":"https:\/\/www.kaspar-spirituosen.de\/shop\/produkt\/raumland-riesling-sekt-brut-075-l\/","title":{"rendered":"Raumland Riesling Sekt Brut 0,75 l"},"content":{"rendered":"<p>In der Weinbaugemeinde Fl\u00f6rsheim-Dalsheim, bekannt f\u00fcr ihr mildes Klima und den kalkreichen B\u00f6den, ist die Familie Raumland seit 1990 beheimatet. Mit viel Fingerspitzengef\u00fchl, M\u00fchen und Freude am Genuss entstehen hier berauschende Sekte, wie sie in Deutschland wohl nirgendwo anders produziert werden. Wahrhaft gro\u00dfer Sekt entsteht erst durch die Kunst des Kellermeisters. Schonendste Ganztraubenpressung sorgen f\u00fcr den Erhalt der charakteristischen Aromen und Merkmale. Gro\u00dfer Sekt ben\u00f6tigt viel Zeit, um sp\u00e4ter mit feiner Perlage und sanfter Eleganz zu verw\u00f6hnen. Es vergehen auch schon mal 12 Jahre, ehe ein Wein durch R\u00fctteln und Degorgieren durch m\u00fchsame Handarbeit dann von der Hefe getrennt und schlie\u00dflich sich selbst und dem Genuss im Glas \u00fcberlassen wird. Da l\u00e4sst uns so manch ein blasser Champagner kalt!<\/p>\n<p>Frisch-fruchtiger Riesling-Sekt mit feinem und aromatischem Duft!<\/p>\n<p>0,75l<br \/>\nAlkoholgehalt 12%vol.<br \/>\nDeutscher Sekt<br \/>\nEnth\u00e4lt Sulfite<br \/>\nSekthaus Raumland, 67592 Fl\u00f6rsheim-Dalsheim<\/p>\n","protected":false},"excerpt":{"rendered":"<p>In der Weinbaugemeinde Fl\u00f6rsheim-Dalsheim, bekannt f\u00fcr ihr mildes Klima und den kalkreichen B\u00f6den, ist die Familie Raumland seit 1990 beheimatet. Mit viel Fingerspitzengef\u00fchl, M\u00fchen und Freude am Genuss entstehen hier berauschende Sekte, wie sie in Deutschland wohl nirgendwo anders produziert werden. Wahrhaft gro\u00dfer Sekt entsteht erst durch die Kunst des Kellermeisters. Schonendste Ganztraubenpressung sorgen f\u00fcr den Erhalt der charakteristischen Aromen und Merkmale. Gro\u00dfer Sekt ben\u00f6tigt viel Zeit, um sp\u00e4ter mit feiner Perlage und sanfter Eleganz zu verw\u00f6hnen. Es vergehen auch schon mal 12 Jahre, ehe ein Wein durch R\u00fctteln und Degorgieren durch m\u00fchsame Handarbeit dann von der Hefe getrennt und schlie\u00dflich sich selbst und dem Genuss im Glas \u00fcberlassen wird. Da l\u00e4sst uns so manch ein blasser Champagner kalt!<\/p>\n<p>Frisch-fruchtiger Riesling-Sekt mit feinem und aromatischem Duft!<\/p>\n<p>0,75l<br \/>\nAlkoholgehalt 12%vol.<br \/>\nDeutscher Sekt<br \/>\nEnth\u00e4lt Sulfite<br \/>\nSekthaus Raumland, 67592 Fl\u00f6rsheim-Dalsheim<\/p>\n","protected":false},"featured_media":31456,"comment_status":"closed","ping_status":"closed","template":"","meta":{"_acf_changed":false},"product_brand":[],"product_cat":[1539,1540],"product_tag":[1326],"class_list":{"0":"post-8013","1":"product","2":"type-product","3":"status-publish","4":"has-post-thumbnail","6":"product_cat-sekt-champagner-prosecco-co","7":"product_cat-deutschland-2","8":"product_tag-raumland-riesling-sekt-brut-sekthaus-raumland-sekt-sektverkostung-sektherstellung-winzer-floersheim-dalsheim-wonnegau-kellermeister-rolf-kaspar-essen-nrw","10":"first","11":"instock","12":"taxable","13":"shipping-taxable","14":"purchasable","15":"product-type-simple"},"acf":[],"_links":{"self":[{"href":"https:\/\/www.kaspar-spirituosen.de\/shop\/wp-json\/wp\/v2\/product\/8013","targetHints":{"allow":["GET"]}}],"collection":[{"href":"https:\/\/www.kaspar-spirituosen.de\/shop\/wp-json\/wp\/v2\/product"}],"about":[{"href":"https:\/\/www.kaspar-spirituosen.de\/shop\/wp-json\/wp\/v2\/types\/product"}],"replies":[{"embeddable":true,"href":"https:\/\/www.kaspar-spirituosen.de\/shop\/wp-json\/wp\/v2\/comments?post=8013"}],"wp:featuredmedia":[{"embeddable":true,"href":"https:\/\/www.kaspar-spirituosen.de\/shop\/wp-json\/wp\/v2\/media\/31456"}],"wp:attachment":[{"href":"https:\/\/www.kaspar-spirituosen.de\/shop\/wp-json\/wp\/v2\/media?parent=8013"}],"wp:term":[{"taxonomy":"product_brand","embeddable":true,"href":"https:\/\/www.kaspar-spirituosen.de\/shop\/wp-json\/wp\/v2\/product_brand?post=8013"},{"taxonomy":"product_cat","embeddable":true,"href":"https:\/\/www.kaspar-spirituosen.de\/shop\/wp-json\/wp\/v2\/product_cat?post=8013"},{"taxonomy":"product_tag","embeddable":true,"href":"https:\/\/www.kaspar-spirituosen.de\/shop\/wp-json\/wp\/v2\/product_tag?post=8013"}],"curies":[{"name":"wp","href":"https:\/\/api.w.org\/{rel}","templated":true}]}}