{"id":8015,"date":"2025-05-05T16:53:52","date_gmt":"2025-05-05T14:53:52","guid":{"rendered":"https:\/\/www.kaspar-spirituosen.de\/shop\/produkt\/raumland-rose-reserve-sekt-brut-075-lt\/"},"modified":"2025-10-24T16:13:56","modified_gmt":"2025-10-24T14:13:56","slug":"raumland-rose-reserve-sekt-brut-075-lt","status":"publish","type":"product","link":"https:\/\/www.kaspar-spirituosen.de\/shop\/produkt\/raumland-rose-reserve-sekt-brut-075-lt\/","title":{"rendered":"Raumland Ros\u00e9 Reserve Sekt Brut 0,75 lt"},"content":{"rendered":"<p>Frisch, fruchtbetont, etwas rote Fr\u00fcchte, harmonisch, f\u00fcllig, reife Frucht, feine Frische und Biss gepaart mit einer eleganten Mineralik. &#8211; 100% Sp\u00e4tburgunder<\/p>\n<p>In der Weinbaugemeinde Fl\u00f6rsheim-Dalsheim, bekannt f\u00fcr ihr mildes Klima und den kalkreichen B\u00f6den, ist die Familie Raumland seit 1990 beheimatet. Mit viel Fingerspitzengef\u00fchl, M\u00fchen und Freude am Genuss entstehen hier berauschende Sekte, wie sie in Deutschland wohl nirgendwo anders produziert werden. Wahrhaft gro\u00dfer Sekt entsteht erst durch die Kunst des Kellermeisters. Schonendste Ganztraubenpressung sorgen f\u00fcr den Erhalt der charakteristischen Aromen und Merkmale. Gro\u00dfer Sekt ben\u00f6tigt viel Zeit, um sp\u00e4ter mit feiner Perlage und sanfter Eleganz zu verw\u00f6hnen. Da l\u00e4sst uns so manch ein blasser Champagner kalt!<\/p>\n<p>0,75l<br \/>\nAlkoholgehalt 12%vol.<br \/>\nDeutscher Sekt<br \/>\nEnth\u00e4lt Sulfite<br \/>\nSekthaus Raumland, 67592 Fl\u00f6rsheim-Dalsheim<\/p>\n","protected":false},"excerpt":{"rendered":"<p>Frisch, fruchtbetont, etwas rote Fr\u00fcchte, harmonisch, f\u00fcllig, reife Frucht, feine Frische und Biss gepaart mit einer eleganten Mineralik. &#8211; 100% Sp\u00e4tburgunder<\/p>\n<p>In der Weinbaugemeinde Fl\u00f6rsheim-Dalsheim, bekannt f\u00fcr ihr mildes Klima und den kalkreichen B\u00f6den, ist die Familie Raumland seit 1990 beheimatet. Mit viel Fingerspitzengef\u00fchl, M\u00fchen und Freude am Genuss entstehen hier berauschende Sekte, wie sie in Deutschland wohl nirgendwo anders produziert werden. Wahrhaft gro\u00dfer Sekt entsteht erst durch die Kunst des Kellermeisters. Schonendste Ganztraubenpressung sorgen f\u00fcr den Erhalt der charakteristischen Aromen und Merkmale. Gro\u00dfer Sekt ben\u00f6tigt viel Zeit, um sp\u00e4ter mit feiner Perlage und sanfter Eleganz zu verw\u00f6hnen. Da l\u00e4sst uns so manch ein blasser Champagner kalt!<\/p>\n<p>0,75l<br \/>\nAlkoholgehalt 12%vol.<br \/>\nDeutscher Sekt<br \/>\nEnth\u00e4lt Sulfite<br \/>\nSekthaus Raumland, 67592 Fl\u00f6rsheim-Dalsheim<\/p>\n","protected":false},"featured_media":31457,"comment_status":"closed","ping_status":"closed","template":"","meta":{"_acf_changed":false},"product_brand":[],"product_cat":[1539,1540],"product_tag":[1327],"class_list":{"0":"post-8015","1":"product","2":"type-product","3":"status-publish","4":"has-post-thumbnail","6":"product_cat-sekt-champagner-prosecco-co","7":"product_cat-deutschland-2","8":"product_tag-raumland-sekt-brut-sekt-rolf-kaspar-essen-nrw-essen-rose-rose","10":"first","11":"instock","12":"taxable","13":"shipping-taxable","14":"purchasable","15":"product-type-simple"},"acf":[],"_links":{"self":[{"href":"https:\/\/www.kaspar-spirituosen.de\/shop\/wp-json\/wp\/v2\/product\/8015","targetHints":{"allow":["GET"]}}],"collection":[{"href":"https:\/\/www.kaspar-spirituosen.de\/shop\/wp-json\/wp\/v2\/product"}],"about":[{"href":"https:\/\/www.kaspar-spirituosen.de\/shop\/wp-json\/wp\/v2\/types\/product"}],"replies":[{"embeddable":true,"href":"https:\/\/www.kaspar-spirituosen.de\/shop\/wp-json\/wp\/v2\/comments?post=8015"}],"wp:featuredmedia":[{"embeddable":true,"href":"https:\/\/www.kaspar-spirituosen.de\/shop\/wp-json\/wp\/v2\/media\/31457"}],"wp:attachment":[{"href":"https:\/\/www.kaspar-spirituosen.de\/shop\/wp-json\/wp\/v2\/media?parent=8015"}],"wp:term":[{"taxonomy":"product_brand","embeddable":true,"href":"https:\/\/www.kaspar-spirituosen.de\/shop\/wp-json\/wp\/v2\/product_brand?post=8015"},{"taxonomy":"product_cat","embeddable":true,"href":"https:\/\/www.kaspar-spirituosen.de\/shop\/wp-json\/wp\/v2\/product_cat?post=8015"},{"taxonomy":"product_tag","embeddable":true,"href":"https:\/\/www.kaspar-spirituosen.de\/shop\/wp-json\/wp\/v2\/product_tag?post=8015"}],"curies":[{"name":"wp","href":"https:\/\/api.w.org\/{rel}","templated":true}]}}