{"id":8021,"date":"2025-05-05T16:53:52","date_gmt":"2025-05-05T14:53:52","guid":{"rendered":"https:\/\/www.kaspar-spirituosen.de\/shop\/produkt\/raumland-cuvee-marie-luise-blanc-de-noir-brut-075-lt\/"},"modified":"2025-10-24T16:13:57","modified_gmt":"2025-10-24T14:13:57","slug":"raumland-cuvee-marie-luise-blanc-de-noir-brut-075-lt","status":"publish","type":"product","link":"https:\/\/www.kaspar-spirituosen.de\/shop\/produkt\/raumland-cuvee-marie-luise-blanc-de-noir-brut-075-lt\/","title":{"rendered":"Raumland Cuv\u00e9e Marie-Luise Blanc de Noir Brut 0,75 lt"},"content":{"rendered":"<p>Aus roten Sp\u00e4tburgundertrauben hell gekeltert, fruchtbetont, wei\u00dfe und gelbe Fr\u00fcchte, fein w\u00fcrzig, f\u00fcllig, kraftvoll, viel Substanz. Bereits jetzt gro\u00dfe Aromenvielfalt und Tiefgang.<\/p>\n<p>In der Weinbaugemeinde Fl\u00f6rsheim-Dalsheim, bekannt f\u00fcr ihr mildes Klima und den kalkreichen B\u00f6den, ist die Familie Raumland seit 1990 beheimatet. Mit viel Fingerspitzengef\u00fchl, M\u00fchen und Freude am Genuss entstehen hier berauschende Sekte, wie sie in Deutschland wohl nirgendwo anders produziert werden. Wahrhaft gro\u00dfer Sekt entsteht erst durch die Kunst des Kellermeisters. Schonendste Ganztraubenpressung sorgen f\u00fcr den Erhalt der charakteristischen Aromen und Merkmale. Gro\u00dfer Sekt ben\u00f6tigt viel Zeit, um sp\u00e4ter mit feiner Perlage und sanfter Eleganz zu verw\u00f6hnen. Da l\u00e4sst uns so manch ein blasser Champagner kalt!<\/p>\n<p>0,75l<br \/>\nAlkoholgehalt 12%vol.<br \/>\nDeutscher Sekt<br \/>\nEnth\u00e4lt Sulfite<br \/>\nSekthaus Raumland, 67592 Fl\u00f6rsheim-Dalsheim<\/p>\n","protected":false},"excerpt":{"rendered":"<p>Aus roten Sp\u00e4tburgundertrauben hell gekeltert, fruchtbetont, wei\u00dfe und gelbe Fr\u00fcchte, fein w\u00fcrzig, f\u00fcllig, kraftvoll, viel Substanz. Bereits jetzt gro\u00dfe Aromenvielfalt und Tiefgang.<\/p>\n<p>In der Weinbaugemeinde Fl\u00f6rsheim-Dalsheim, bekannt f\u00fcr ihr mildes Klima und den kalkreichen B\u00f6den, ist die Familie Raumland seit 1990 beheimatet. Mit viel Fingerspitzengef\u00fchl, M\u00fchen und Freude am Genuss entstehen hier berauschende Sekte, wie sie in Deutschland wohl nirgendwo anders produziert werden. Wahrhaft gro\u00dfer Sekt entsteht erst durch die Kunst des Kellermeisters. Schonendste Ganztraubenpressung sorgen f\u00fcr den Erhalt der charakteristischen Aromen und Merkmale. Gro\u00dfer Sekt ben\u00f6tigt viel Zeit, um sp\u00e4ter mit feiner Perlage und sanfter Eleganz zu verw\u00f6hnen. Da l\u00e4sst uns so manch ein blasser Champagner kalt!<\/p>\n<p>0,75l<br \/>\nAlkoholgehalt 12%vol.<br \/>\nDeutscher Sekt<br \/>\nEnth\u00e4lt Sulfite<br \/>\nSekthaus Raumland, 67592 Fl\u00f6rsheim-Dalsheim<\/p>\n","protected":false},"featured_media":31459,"comment_status":"closed","ping_status":"closed","template":"","meta":{"_acf_changed":false},"product_brand":[],"product_cat":[1539,1540],"product_tag":[1331],"class_list":{"0":"post-8021","1":"product","2":"type-product","3":"status-publish","4":"has-post-thumbnail","6":"product_cat-sekt-champagner-prosecco-co","7":"product_cat-deutschland-2","8":"product_tag-raumland-sekt-cuvee-marie-luise-marie-luise-brut-blanc-de-noir-rolf-kaspar-essen-nrw-methode-traditionelle-champenoise-klassische-traditionelle-flaschengaerung-cuvee","10":"first","11":"instock","12":"taxable","13":"shipping-taxable","14":"purchasable","15":"product-type-simple"},"acf":[],"_links":{"self":[{"href":"https:\/\/www.kaspar-spirituosen.de\/shop\/wp-json\/wp\/v2\/product\/8021","targetHints":{"allow":["GET"]}}],"collection":[{"href":"https:\/\/www.kaspar-spirituosen.de\/shop\/wp-json\/wp\/v2\/product"}],"about":[{"href":"https:\/\/www.kaspar-spirituosen.de\/shop\/wp-json\/wp\/v2\/types\/product"}],"replies":[{"embeddable":true,"href":"https:\/\/www.kaspar-spirituosen.de\/shop\/wp-json\/wp\/v2\/comments?post=8021"}],"wp:featuredmedia":[{"embeddable":true,"href":"https:\/\/www.kaspar-spirituosen.de\/shop\/wp-json\/wp\/v2\/media\/31459"}],"wp:attachment":[{"href":"https:\/\/www.kaspar-spirituosen.de\/shop\/wp-json\/wp\/v2\/media?parent=8021"}],"wp:term":[{"taxonomy":"product_brand","embeddable":true,"href":"https:\/\/www.kaspar-spirituosen.de\/shop\/wp-json\/wp\/v2\/product_brand?post=8021"},{"taxonomy":"product_cat","embeddable":true,"href":"https:\/\/www.kaspar-spirituosen.de\/shop\/wp-json\/wp\/v2\/product_cat?post=8021"},{"taxonomy":"product_tag","embeddable":true,"href":"https:\/\/www.kaspar-spirituosen.de\/shop\/wp-json\/wp\/v2\/product_tag?post=8021"}],"curies":[{"name":"wp","href":"https:\/\/api.w.org\/{rel}","templated":true}]}}