{"id":8027,"date":"2025-05-05T16:53:52","date_gmt":"2025-05-05T14:53:52","guid":{"rendered":"https:\/\/www.kaspar-spirituosen.de\/shop\/produkt\/raumland-secco-075-lt\/"},"modified":"2025-10-24T16:13:58","modified_gmt":"2025-10-24T14:13:58","slug":"raumland-secco-075-lt","status":"publish","type":"product","link":"https:\/\/www.kaspar-spirituosen.de\/shop\/produkt\/raumland-secco-075-lt\/","title":{"rendered":"Raumland Secco 0,75 lt"},"content":{"rendered":"<p>Jederzeit eine Versuchung wert. Frisch und fruchtbetont f\u00fcr den allt\u00e4glichen, unkomplizierten Genu\u00df!<\/p>\n<p><em>0,75l<br \/>\nAlkoholgehalt 10,5%vol.<br \/>\nDeutscher Perwein mit zugesetzter Kohlens\u00e4ure<br \/>\nEnth\u00e4lt Sulfite<br \/>\nSekthaus <strong>Raumland<\/strong>, 67592 Fl\u00f6rsheim-Dalsheim<\/em><\/p>\n","protected":false},"excerpt":{"rendered":"<p>Jederzeit eine Versuchung wert. Frisch und fruchtbetont f\u00fcr den allt\u00e4glichen, unkomplizierten Genu\u00df!<\/p>\n<p><em>0,75l<br \/>\nAlkoholgehalt 10,5%vol.<br \/>\nDeutscher Perwein mit zugesetzter Kohlens\u00e4ure<br \/>\nEnth\u00e4lt Sulfite<br \/>\nSekthaus <strong>Raumland<\/strong>, 67592 Fl\u00f6rsheim-Dalsheim<\/em><\/p>\n","protected":false},"featured_media":31462,"comment_status":"closed","ping_status":"closed","template":"","meta":{"_acf_changed":false},"product_brand":[],"product_cat":[1539,1540],"product_tag":[1334],"class_list":{"0":"post-8027","1":"product","2":"type-product","3":"status-publish","4":"has-post-thumbnail","6":"product_cat-sekt-champagner-prosecco-co","7":"product_cat-deutschland-2","8":"product_tag-raumland-secco-sekthaus-raumland-rolf-kaspar-essen-nrw-fachhandel-methode-traditionelle-champenoise-klassische-tradtionelle-flaschengaerung-cuvee-brut","10":"first","11":"instock","12":"taxable","13":"shipping-taxable","14":"purchasable","15":"product-type-simple"},"acf":[],"_links":{"self":[{"href":"https:\/\/www.kaspar-spirituosen.de\/shop\/wp-json\/wp\/v2\/product\/8027","targetHints":{"allow":["GET"]}}],"collection":[{"href":"https:\/\/www.kaspar-spirituosen.de\/shop\/wp-json\/wp\/v2\/product"}],"about":[{"href":"https:\/\/www.kaspar-spirituosen.de\/shop\/wp-json\/wp\/v2\/types\/product"}],"replies":[{"embeddable":true,"href":"https:\/\/www.kaspar-spirituosen.de\/shop\/wp-json\/wp\/v2\/comments?post=8027"}],"wp:featuredmedia":[{"embeddable":true,"href":"https:\/\/www.kaspar-spirituosen.de\/shop\/wp-json\/wp\/v2\/media\/31462"}],"wp:attachment":[{"href":"https:\/\/www.kaspar-spirituosen.de\/shop\/wp-json\/wp\/v2\/media?parent=8027"}],"wp:term":[{"taxonomy":"product_brand","embeddable":true,"href":"https:\/\/www.kaspar-spirituosen.de\/shop\/wp-json\/wp\/v2\/product_brand?post=8027"},{"taxonomy":"product_cat","embeddable":true,"href":"https:\/\/www.kaspar-spirituosen.de\/shop\/wp-json\/wp\/v2\/product_cat?post=8027"},{"taxonomy":"product_tag","embeddable":true,"href":"https:\/\/www.kaspar-spirituosen.de\/shop\/wp-json\/wp\/v2\/product_tag?post=8027"}],"curies":[{"name":"wp","href":"https:\/\/api.w.org\/{rel}","templated":true}]}}