{"id":8043,"date":"2025-05-05T16:53:52","date_gmt":"2025-05-05T14:53:52","guid":{"rendered":"https:\/\/www.kaspar-spirituosen.de\/shop\/produkt\/prosecco-col-vetoraz-extra-dry-075-lt\/"},"modified":"2025-10-24T16:14:01","modified_gmt":"2025-10-24T14:14:01","slug":"prosecco-col-vetoraz-extra-dry-075-lt","status":"publish","type":"product","link":"https:\/\/www.kaspar-spirituosen.de\/shop\/produkt\/prosecco-col-vetoraz-extra-dry-075-lt\/","title":{"rendered":"Prosecco Col Vetoraz Extra Dry 0,75 lt"},"content":{"rendered":"<p>Ruhige, sehr gleichm\u00e4\u00dfige Perlage. Feines, frisches Bouquet mit Noten von Zitrusfr\u00fcchten, \u00c4pfeln und den typischen Mandel- und Nussaromen. Am Gaumen erfrischend, dezente, frische Frucht. Im Ausklang angenehm f\u00fcllig, weich und cremig. Ein Prosecco Spumante der Spitzenklasse!<\/p>\n<p>Unserer Meinung einer der drei besten Produzenten der Region!<\/p>\n<p><em>Alkoholgehalt 11,5%vol.<br \/>\nEnth\u00e4lt Sulfite<br \/>\nCol Vetoraz, Valdobbiadene Italia TV 10326<\/em><\/p>\n","protected":false},"excerpt":{"rendered":"<p>Ruhige, sehr gleichm\u00e4\u00dfige Perlage. Feines, frisches Bouquet mit Noten von Zitrusfr\u00fcchten, \u00c4pfeln und den typischen Mandel- und Nussaromen. Am Gaumen erfrischend, dezente, frische Frucht. Im Ausklang angenehm f\u00fcllig, weich und cremig. Ein Prosecco Spumante der Spitzenklasse!<\/p>\n<p>Unserer Meinung einer der drei besten Produzenten der Region!<\/p>\n<p><em>Alkoholgehalt 11,5%vol.<br \/>\nEnth\u00e4lt Sulfite<br \/>\nCol Vetoraz, Valdobbiadene Italia TV 10326<\/em><\/p>\n","protected":false},"featured_media":31468,"comment_status":"closed","ping_status":"closed","template":"","meta":{"_acf_changed":false},"product_brand":[],"product_cat":[1539,1541],"product_tag":[1344],"class_list":{"0":"post-8043","1":"product","2":"type-product","3":"status-publish","4":"has-post-thumbnail","6":"product_cat-sekt-champagner-prosecco-co","7":"product_cat-italien","8":"product_tag-col-vetoraz-prosecco-di-valdobbiadene-venetien-veneto-spumante-fachhandel-fachhaendler-rolf-kaspar-trocken","10":"first","11":"instock","12":"taxable","13":"shipping-taxable","14":"purchasable","15":"product-type-simple"},"acf":[],"_links":{"self":[{"href":"https:\/\/www.kaspar-spirituosen.de\/shop\/wp-json\/wp\/v2\/product\/8043","targetHints":{"allow":["GET"]}}],"collection":[{"href":"https:\/\/www.kaspar-spirituosen.de\/shop\/wp-json\/wp\/v2\/product"}],"about":[{"href":"https:\/\/www.kaspar-spirituosen.de\/shop\/wp-json\/wp\/v2\/types\/product"}],"replies":[{"embeddable":true,"href":"https:\/\/www.kaspar-spirituosen.de\/shop\/wp-json\/wp\/v2\/comments?post=8043"}],"wp:featuredmedia":[{"embeddable":true,"href":"https:\/\/www.kaspar-spirituosen.de\/shop\/wp-json\/wp\/v2\/media\/31468"}],"wp:attachment":[{"href":"https:\/\/www.kaspar-spirituosen.de\/shop\/wp-json\/wp\/v2\/media?parent=8043"}],"wp:term":[{"taxonomy":"product_brand","embeddable":true,"href":"https:\/\/www.kaspar-spirituosen.de\/shop\/wp-json\/wp\/v2\/product_brand?post=8043"},{"taxonomy":"product_cat","embeddable":true,"href":"https:\/\/www.kaspar-spirituosen.de\/shop\/wp-json\/wp\/v2\/product_cat?post=8043"},{"taxonomy":"product_tag","embeddable":true,"href":"https:\/\/www.kaspar-spirituosen.de\/shop\/wp-json\/wp\/v2\/product_tag?post=8043"}],"curies":[{"name":"wp","href":"https:\/\/api.w.org\/{rel}","templated":true}]}}