{"id":8061,"date":"2025-05-05T16:54:04","date_gmt":"2025-05-05T14:54:04","guid":{"rendered":"https:\/\/www.kaspar-spirituosen.de\/shop\/produkt\/champagne-pointillart-leroy-fondations-1910-premier-cru-brut-075-lt-neue-ware\/"},"modified":"2025-10-24T16:13:50","modified_gmt":"2025-10-24T14:13:50","slug":"champagne-pointillart-leroy-fondations-1910-premier-cru-brut-075-lt-neue-ware","status":"publish","type":"product","link":"https:\/\/www.kaspar-spirituosen.de\/shop\/produkt\/champagne-pointillart-leroy-fondations-1910-premier-cru-brut-075-lt-neue-ware\/","title":{"rendered":"Champagne Pointillart-Leroy, &#8222;Fondations 1910&#8220;, Premier Cru Brut,  0,75 lt. NEUE WARE"},"content":{"rendered":"","protected":false},"excerpt":{"rendered":"<p><strong>Champagne<\/strong><\/p>\n<p>Champagne Pointillart-Leroy,<strong>&#8222;Fondations 1910&#8220;<\/strong>, Premier Cru, Brut, 12 % vol., 0,75 L, Enth\u00e4lt Sulfite<br \/>\nJuliette Pointillart ist mit dem &#8222;Fondations 1910&#8220; (eine Hommage an das Gr\u00fcndungsjahr), eine Cuv\u00e9e aus Pinot Noir 70 % (Sp\u00e4tburgunder) &amp; Chardonnay 30 %, ein sehr &#8222;klassischer&#8220;, cremiger Champagner gelungen, top in Preis und Leistung &#8211; und das in Premier Cru Qualit\u00e4t !<\/p>\n<p>Pointillart-Leroy<br \/>\n4,rue de villers-aux-n\u0153uds &#8211; 51500 Ecueil \/ Frankreich<br \/>\nT\u00e9l : +33 (0)3.26.49.77.24.<br \/>\ncontact@champagne-pointillart-leroy.com<br \/>\nwww.champagne-pointillart-leroy.com<\/p>\n","protected":false},"featured_media":31475,"comment_status":"closed","ping_status":"closed","template":"","meta":{"_acf_changed":false},"product_brand":[],"product_cat":[1539,1542],"product_tag":[],"class_list":{"0":"post-8061","1":"product","2":"type-product","3":"status-publish","4":"has-post-thumbnail","6":"product_cat-sekt-champagner-prosecco-co","7":"product_cat-frankreich-2","9":"first","10":"outofstock","11":"taxable","12":"shipping-taxable","13":"purchasable","14":"product-type-simple"},"acf":[],"_links":{"self":[{"href":"https:\/\/www.kaspar-spirituosen.de\/shop\/wp-json\/wp\/v2\/product\/8061","targetHints":{"allow":["GET"]}}],"collection":[{"href":"https:\/\/www.kaspar-spirituosen.de\/shop\/wp-json\/wp\/v2\/product"}],"about":[{"href":"https:\/\/www.kaspar-spirituosen.de\/shop\/wp-json\/wp\/v2\/types\/product"}],"replies":[{"embeddable":true,"href":"https:\/\/www.kaspar-spirituosen.de\/shop\/wp-json\/wp\/v2\/comments?post=8061"}],"wp:featuredmedia":[{"embeddable":true,"href":"https:\/\/www.kaspar-spirituosen.de\/shop\/wp-json\/wp\/v2\/media\/31475"}],"wp:attachment":[{"href":"https:\/\/www.kaspar-spirituosen.de\/shop\/wp-json\/wp\/v2\/media?parent=8061"}],"wp:term":[{"taxonomy":"product_brand","embeddable":true,"href":"https:\/\/www.kaspar-spirituosen.de\/shop\/wp-json\/wp\/v2\/product_brand?post=8061"},{"taxonomy":"product_cat","embeddable":true,"href":"https:\/\/www.kaspar-spirituosen.de\/shop\/wp-json\/wp\/v2\/product_cat?post=8061"},{"taxonomy":"product_tag","embeddable":true,"href":"https:\/\/www.kaspar-spirituosen.de\/shop\/wp-json\/wp\/v2\/product_tag?post=8061"}],"curies":[{"name":"wp","href":"https:\/\/api.w.org\/{rel}","templated":true}]}}