{"id":8063,"date":"2025-05-05T16:54:04","date_gmt":"2025-05-05T14:54:04","guid":{"rendered":"https:\/\/www.kaspar-spirituosen.de\/shop\/produkt\/lenoble-cuvee-rich-demi-sec-075-lt\/"},"modified":"2025-10-24T16:13:50","modified_gmt":"2025-10-24T14:13:50","slug":"lenoble-cuvee-rich-demi-sec-075-lt","status":"publish","type":"product","link":"https:\/\/www.kaspar-spirituosen.de\/shop\/produkt\/lenoble-cuvee-rich-demi-sec-075-lt\/","title":{"rendered":"Lenoble Cuv\u00e9e Rich Demi-Sec 0,75 lt"},"content":{"rendered":"<p>Der Markt besagt, dass all die Schaumweine, die etwas weicher als &#8222;staubtrocken&#8220; sind, keine Relevanz bes\u00e4\u00dfen. Nun&#8230; dann k\u00f6nnen wir von uns behaupten unseren eigenen Markt entwickelt zu haben. Unsere Kunden fragen gezielt nach Demi-Champagner und das ist auch gut so, denn wir meinen, dass die franz\u00f6sische Bezeichnung &#8222;Demi-Sec&#8220; h\u00e4ufig f\u00e4lschlicherweise als halbtrocken verstanden wird. Doch ist &#8222;halbtrocken&#8220; gleich &#8222;halbs\u00fc\u00df&#8220;? Probieren Sie doch einfach mal einen &#8222;Demi&#8220;, wir sind uns sicher, Sie werden sich dieses kleine bisschen mehr Frucht in Zukunft aus Ihrem Champagner nicht mehr wegdenken k\u00f6nnen!<\/p>\n<p>Identisch mit der der Cuv\u00e9e Intense, aber mit einer Kellerlagerung von wenigstens 6 Monaten. Dieser sehr reife und fruchtige Champagner zeigt sich harmonisch ausgewogen mit einer sehr gut verschmolzenen Dosage.<\/p>\n<p>Sehr ausdrucksvoll, die Aromen der wei\u00dfen und gelben Fr\u00fcchte zeigen sich rund und elegant, gefolgt von Aromen getrockneter Fr\u00fcchte und s\u00fc\u00dfem Geb\u00e4ck.<\/p>\n<p>Diese Cuv\u00e9e\u00a0 harmoniert hervorragend mit s\u00fc\u00df-sauren Speisen wie einer Wachtel mit Weintrauben oder Seeteufelmedaillons mit Mango. Auch eine feine Birnentarte oder Ziegenk\u00e4se mit Feigen begleiten diesen Champagner mit seiner Mischung aus Frische und S\u00fc\u00dfe. Kalt aber nicht eiskalt servieren, ideal zwischen 8 und 9 \u00b0C.<\/p>\n<p>&#8211; 40 % Chardonnay aus Chouilly, Grand Cru der C\u00f4te des Blancs<br \/>\n&#8211; 30 % Pinot Noir aus Bisseuil, Premier Cru der Vall\u00e9e de la Marne<br \/>\n&#8211; 30 % Pinot Meunier aus Damery<br \/>\n&#8211; Dosage: 32 g\/l<\/p>\n<p><em>Champagner<br \/>\nAlkoholgehalt 12%vol.<br \/>\nEnth\u00e4lt Sulfite<br \/>\nA.R. Lenoble, 51480 Damery, NM 240-001 France<\/em><\/p>\n","protected":false},"excerpt":{"rendered":"<p>Der Markt besagt, dass all die Schaumweine, die etwas weicher als &#8222;staubtrocken&#8220; sind, keine Relevanz bes\u00e4\u00dfen. Nun&#8230; dann k\u00f6nnen wir von uns behaupten unseren eigenen Markt entwickelt zu haben. Unsere Kunden fragen gezielt nach Demi-Champagner und das ist auch gut so, denn wir meinen, dass die franz\u00f6sische Bezeichnung &#8222;Demi-Sec&#8220; h\u00e4ufig f\u00e4lschlicherweise als halbtrocken verstanden wird. Doch ist &#8222;halbtrocken&#8220; gleich &#8222;halbs\u00fc\u00df&#8220;? Probieren Sie doch einfach mal einen &#8222;Demi&#8220;, wir sind uns sicher, Sie werden sich dieses kleine bisschen mehr Frucht in Zukunft aus Ihrem Champagner nicht mehr wegdenken k\u00f6nnen!<\/p>\n<p>Identisch mit der der Cuv\u00e9e Intense, aber mit einer Kellerlagerung von wenigstens 6 Monaten. Dieser sehr reife und fruchtige Champagner zeigt sich harmonisch ausgewogen mit einer sehr gut verschmolzenen Dosage.<\/p>\n<p>Sehr ausdrucksvoll, die Aromen der wei\u00dfen und gelben Fr\u00fcchte zeigen sich rund und elegant, gefolgt von Aromen getrockneter Fr\u00fcchte und s\u00fc\u00dfem Geb\u00e4ck.<\/p>\n<p>Diese Cuv\u00e9e\u00a0 harmoniert hervorragend mit s\u00fc\u00df-sauren Speisen wie einer Wachtel mit Weintrauben oder Seeteufelmedaillons mit Mango. Auch eine feine Birnentarte oder Ziegenk\u00e4se mit Feigen begleiten diesen Champagner mit seiner Mischung aus Frische und S\u00fc\u00dfe. Kalt aber nicht eiskalt servieren, ideal zwischen 8 und 9 \u00b0C.<\/p>\n<p>&#8211; 40 % Chardonnay aus Chouilly, Grand Cru der C\u00f4te des Blancs<br \/>\n&#8211; 30 % Pinot Noir aus Bisseuil, Premier Cru der Vall\u00e9e de la Marne<br \/>\n&#8211; 30 % Pinot Meunier aus Damery<br \/>\n&#8211; Dosage: 32 g\/l<\/p>\n<p><em>Champagner<br \/>\nAlkoholgehalt 12%vol.<br \/>\nEnth\u00e4lt Sulfite<br \/>\nA.R. Lenoble, 51480 Damery, NM 240-001 France<\/em><\/p>\n","protected":false},"featured_media":31476,"comment_status":"closed","ping_status":"closed","template":"","meta":{"_acf_changed":false},"product_brand":[],"product_cat":[1539,1542],"product_tag":[1359],"class_list":{"0":"post-8063","1":"product","2":"type-product","3":"status-publish","4":"has-post-thumbnail","6":"product_cat-sekt-champagner-prosecco-co","7":"product_cat-frankreich-2","8":"product_tag-champagne-lenoble-demi-sec-schaumwein-assemblage-rolf-kaspar-essen-nrw-fachhandel-halbtrocken","10":"first","11":"instock","12":"taxable","13":"shipping-taxable","14":"purchasable","15":"product-type-simple"},"acf":[],"_links":{"self":[{"href":"https:\/\/www.kaspar-spirituosen.de\/shop\/wp-json\/wp\/v2\/product\/8063","targetHints":{"allow":["GET"]}}],"collection":[{"href":"https:\/\/www.kaspar-spirituosen.de\/shop\/wp-json\/wp\/v2\/product"}],"about":[{"href":"https:\/\/www.kaspar-spirituosen.de\/shop\/wp-json\/wp\/v2\/types\/product"}],"replies":[{"embeddable":true,"href":"https:\/\/www.kaspar-spirituosen.de\/shop\/wp-json\/wp\/v2\/comments?post=8063"}],"wp:featuredmedia":[{"embeddable":true,"href":"https:\/\/www.kaspar-spirituosen.de\/shop\/wp-json\/wp\/v2\/media\/31476"}],"wp:attachment":[{"href":"https:\/\/www.kaspar-spirituosen.de\/shop\/wp-json\/wp\/v2\/media?parent=8063"}],"wp:term":[{"taxonomy":"product_brand","embeddable":true,"href":"https:\/\/www.kaspar-spirituosen.de\/shop\/wp-json\/wp\/v2\/product_brand?post=8063"},{"taxonomy":"product_cat","embeddable":true,"href":"https:\/\/www.kaspar-spirituosen.de\/shop\/wp-json\/wp\/v2\/product_cat?post=8063"},{"taxonomy":"product_tag","embeddable":true,"href":"https:\/\/www.kaspar-spirituosen.de\/shop\/wp-json\/wp\/v2\/product_tag?post=8063"}],"curies":[{"name":"wp","href":"https:\/\/api.w.org\/{rel}","templated":true}]}}