{"id":8067,"date":"2025-05-05T16:54:04","date_gmt":"2025-05-05T14:54:04","guid":{"rendered":"https:\/\/www.kaspar-spirituosen.de\/shop\/produkt\/lenoble-grand-cru-blanc-de-blanc-075-lt\/"},"modified":"2025-10-24T16:13:51","modified_gmt":"2025-10-24T14:13:51","slug":"lenoble-grand-cru-blanc-de-blanc-075-lt","status":"publish","type":"product","link":"https:\/\/www.kaspar-spirituosen.de\/shop\/produkt\/lenoble-grand-cru-blanc-de-blanc-075-lt\/","title":{"rendered":"Lenoble Grand Cru Blanc de Blanc 0,75 lt"},"content":{"rendered":"<p>Wie der Name bereits verk\u00fcndet wurden hier zu 100% Chardonnay-Trauben verwendet, die allesamt in Grand Cru Lagen der Ortschaft Chouilly geerntet wurden. Dieser duftige, von wei\u00dfen Fr\u00fcchten und Mineralik gepr\u00e4gte Blanc de Blancs wurde \u00fcber vier Jahre gelagert. Im Bouquet deutliche brotige und leicht hefige Aromen, die etwas an Brioche erinnern. Irgendwo versteckt sich auch noch eine kleine Holznote&#8230;! Viel Kraft mit Schmelz und geradliniger Frische. Ein Chardonnay, der das leicht buttrige mit einer famosen Rasse in Einklang bringt.<\/p>\n<p><strong>95 Punkte im Falstaff-Magazin (Ausgabe : 12\/2014) !<\/strong><\/p>\n<p><em><strong>Champagner<\/strong><br \/>\nAlkoholgehalt 12%vol.<br \/>\nEnth\u00e4lt Sulfite<br \/>\nA.R. Lenoble, 51480 Damery, NM 240-001 France<\/em><\/p>\n<p>&nbsp;<\/p>\n","protected":false},"excerpt":{"rendered":"<p>Wie der Name bereits verk\u00fcndet wurden hier zu 100% Chardonnay-Trauben verwendet, die allesamt in Grand Cru Lagen der Ortschaft Chouilly geerntet wurden. Dieser duftige, von wei\u00dfen Fr\u00fcchten und Mineralik gepr\u00e4gte Blanc de Blancs wurde \u00fcber vier Jahre gelagert. Im Bouquet deutliche brotige und leicht hefige Aromen, die etwas an Brioche erinnern. Irgendwo versteckt sich auch noch eine kleine Holznote&#8230;! Viel Kraft mit Schmelz und geradliniger Frische. Ein Chardonnay, der das leicht buttrige mit einer famosen Rasse in Einklang bringt.<\/p>\n<p><strong>95 Punkte im Falstaff-Magazin (Ausgabe : 12\/2014) !<\/strong><\/p>\n<p><em><strong>Champagner<\/strong><br \/>\nAlkoholgehalt 12%vol.<br \/>\nEnth\u00e4lt Sulfite<br \/>\nA.R. Lenoble, 51480 Damery, NM 240-001 France<\/em><\/p>\n<p>&nbsp;<\/p>\n","protected":false},"featured_media":31477,"comment_status":"closed","ping_status":"closed","template":"","meta":{"_acf_changed":false},"product_brand":[],"product_cat":[1539,1542],"product_tag":[1360],"class_list":{"0":"post-8067","1":"product","2":"type-product","3":"status-publish","4":"has-post-thumbnail","6":"product_cat-sekt-champagner-prosecco-co","7":"product_cat-frankreich-2","8":"product_tag-champagne-lenoble-blanc-de-blancs-grand-cru-reims-methode-traditionnelle-rolf-kaspar-essen-nrw-fachhandel","10":"first","11":"instock","12":"taxable","13":"shipping-taxable","14":"purchasable","15":"product-type-simple"},"acf":[],"_links":{"self":[{"href":"https:\/\/www.kaspar-spirituosen.de\/shop\/wp-json\/wp\/v2\/product\/8067","targetHints":{"allow":["GET"]}}],"collection":[{"href":"https:\/\/www.kaspar-spirituosen.de\/shop\/wp-json\/wp\/v2\/product"}],"about":[{"href":"https:\/\/www.kaspar-spirituosen.de\/shop\/wp-json\/wp\/v2\/types\/product"}],"replies":[{"embeddable":true,"href":"https:\/\/www.kaspar-spirituosen.de\/shop\/wp-json\/wp\/v2\/comments?post=8067"}],"wp:featuredmedia":[{"embeddable":true,"href":"https:\/\/www.kaspar-spirituosen.de\/shop\/wp-json\/wp\/v2\/media\/31477"}],"wp:attachment":[{"href":"https:\/\/www.kaspar-spirituosen.de\/shop\/wp-json\/wp\/v2\/media?parent=8067"}],"wp:term":[{"taxonomy":"product_brand","embeddable":true,"href":"https:\/\/www.kaspar-spirituosen.de\/shop\/wp-json\/wp\/v2\/product_brand?post=8067"},{"taxonomy":"product_cat","embeddable":true,"href":"https:\/\/www.kaspar-spirituosen.de\/shop\/wp-json\/wp\/v2\/product_cat?post=8067"},{"taxonomy":"product_tag","embeddable":true,"href":"https:\/\/www.kaspar-spirituosen.de\/shop\/wp-json\/wp\/v2\/product_tag?post=8067"}],"curies":[{"name":"wp","href":"https:\/\/api.w.org\/{rel}","templated":true}]}}