{"id":8069,"date":"2025-05-05T16:54:04","date_gmt":"2025-05-05T14:54:04","guid":{"rendered":"https:\/\/www.kaspar-spirituosen.de\/shop\/produkt\/lenoble-rose-terroir-075-lt\/"},"modified":"2025-10-24T16:13:51","modified_gmt":"2025-10-24T14:13:51","slug":"lenoble-rose-terroir-075-lt","status":"publish","type":"product","link":"https:\/\/www.kaspar-spirituosen.de\/shop\/produkt\/lenoble-rose-terroir-075-lt\/","title":{"rendered":"Lenoble Ros\u00e9 Terroir, 0,75 lt"},"content":{"rendered":"<p>Der hell kupferfarbene, originelle Cuv\u00e9e aus 85% Grand Cru Chardonnay und 15% Premier Cru Pinot Noir: Dieses Zusammenspiel ergibt einen beeren- und kirschfruchtigen, leicht fleischigen Wein bei spritziger Frische. Der Ros\u00e9 wird bei Lenoble lediglich in allerbesten Jahrg\u00e4ngen produziert, eben nur dann, wenn die Qualit\u00e4t der Trauben es zul\u00e4sst. So ist es auch zu erkl\u00e4ren, das alle abgef\u00fcllten Ros\u00e9s des Hauses als hochwertiger Ausdruck des einzigartigen Terroirs in die Flasche kommen!<\/p>\n<p><em>Champagner<br \/>\nAlkoholgehalt 12%vol.<br \/>\nEnth\u00e4lt Sulfite<br \/>\nA.R. Lenoble, 51480 Damery, NM 240-001 France<\/em><\/p>\n","protected":false},"excerpt":{"rendered":"<p>Der hell kupferfarbene, originelle Cuv\u00e9e aus 85% Grand Cru Chardonnay und 15% Premier Cru Pinot Noir: Dieses Zusammenspiel ergibt einen beeren- und kirschfruchtigen, leicht fleischigen Wein bei spritziger Frische. Der Ros\u00e9 wird bei Lenoble lediglich in allerbesten Jahrg\u00e4ngen produziert, eben nur dann, wenn die Qualit\u00e4t der Trauben es zul\u00e4sst. So ist es auch zu erkl\u00e4ren, das alle abgef\u00fcllten Ros\u00e9s des Hauses als hochwertiger Ausdruck des einzigartigen Terroirs in die Flasche kommen!<\/p>\n<p><em>Champagner<br \/>\nAlkoholgehalt 12%vol.<br \/>\nEnth\u00e4lt Sulfite<br \/>\nA.R. Lenoble, 51480 Damery, NM 240-001 France<\/em><\/p>\n","protected":false},"featured_media":31478,"comment_status":"closed","ping_status":"closed","template":"","meta":{"_acf_changed":false},"product_brand":[],"product_cat":[1539,1542],"product_tag":[1361],"class_list":{"0":"post-8069","1":"product","2":"type-product","3":"status-publish","4":"has-post-thumbnail","6":"product_cat-sekt-champagner-prosecco-co","7":"product_cat-frankreich-2","8":"product_tag-rose-millesime-millesime-lenoble-champagne-rose-schaumwein-reims-assemblage-methode-traditionnelle-ruetteln-degorgieren-dosage-mousseux-kaspar-klassische-flaschengaerung","10":"first","11":"instock","12":"taxable","13":"shipping-taxable","14":"purchasable","15":"product-type-simple"},"acf":[],"_links":{"self":[{"href":"https:\/\/www.kaspar-spirituosen.de\/shop\/wp-json\/wp\/v2\/product\/8069","targetHints":{"allow":["GET"]}}],"collection":[{"href":"https:\/\/www.kaspar-spirituosen.de\/shop\/wp-json\/wp\/v2\/product"}],"about":[{"href":"https:\/\/www.kaspar-spirituosen.de\/shop\/wp-json\/wp\/v2\/types\/product"}],"replies":[{"embeddable":true,"href":"https:\/\/www.kaspar-spirituosen.de\/shop\/wp-json\/wp\/v2\/comments?post=8069"}],"wp:featuredmedia":[{"embeddable":true,"href":"https:\/\/www.kaspar-spirituosen.de\/shop\/wp-json\/wp\/v2\/media\/31478"}],"wp:attachment":[{"href":"https:\/\/www.kaspar-spirituosen.de\/shop\/wp-json\/wp\/v2\/media?parent=8069"}],"wp:term":[{"taxonomy":"product_brand","embeddable":true,"href":"https:\/\/www.kaspar-spirituosen.de\/shop\/wp-json\/wp\/v2\/product_brand?post=8069"},{"taxonomy":"product_cat","embeddable":true,"href":"https:\/\/www.kaspar-spirituosen.de\/shop\/wp-json\/wp\/v2\/product_cat?post=8069"},{"taxonomy":"product_tag","embeddable":true,"href":"https:\/\/www.kaspar-spirituosen.de\/shop\/wp-json\/wp\/v2\/product_tag?post=8069"}],"curies":[{"name":"wp","href":"https:\/\/api.w.org\/{rel}","templated":true}]}}