{"id":8071,"date":"2025-05-05T16:54:04","date_gmt":"2025-05-05T14:54:04","guid":{"rendered":"https:\/\/www.kaspar-spirituosen.de\/shop\/produkt\/lenoble-les-aventures-grand-cru-blanc-de-blancs-075-lt\/"},"modified":"2025-10-24T16:13:52","modified_gmt":"2025-10-24T14:13:52","slug":"lenoble-les-aventures-grand-cru-blanc-de-blancs-075-lt","status":"publish","type":"product","link":"https:\/\/www.kaspar-spirituosen.de\/shop\/produkt\/lenoble-les-aventures-grand-cru-blanc-de-blancs-075-lt\/","title":{"rendered":"Lenoble Les Aventures Grand Cru Blanc de Blancs 0,75 lt"},"content":{"rendered":"<p>Der Name dieser Cuv\u00e9e, &#8222;Les Aventures&#8220;, ist der eines kleinen Fleckchens auf dem Terroir von Chouilly, dieser renommierten Gemeinde der C\u00f4te des Blancs mit einer Klassifizierung als Grand Cru zu F\u00fc\u00dfen des Ch\u00e2teau de Saran. Diese einen halben Hektar gro\u00dfe Parzelle produziert Chardonnays von au\u00dferordentlicher Qualit\u00e4t, deren Geheimnis in der sehr ungew\u00f6hnlichen Kreidestruktur des Bodens liegt. Die Assemblage erfolgt durch die Auswahl von Weinen der besten Lesen verschiedener Jahre mit sich erg\u00e4nzenden Eigenschaften \u00e4lterer und gereifter Jahrg\u00e4nge. Da das Streben nach Perfektion auch kompromisslose Entscheidungen verlangt, werden jedes Jahr nur 2.000 Flaschen verkauft. Eine streng limitierte Cuv\u00e9e, die im Verlauf der Zeit noch an G\u00fcte gewinnen wird.<\/p>\n<p>Diese Cuv\u00e9e mit ihrer eleganten Weinigkeit bietet ihre gener\u00f6sen Aromen zum Aperitif aber auch zu pfannengeschwenkten Jakobsmuscheln mit Sauternes, Wachtelconfit mit Mandarinen oder Steinbuttsouffl\u00e9 mit Waldpilzen. Idealerweise bei Kellertemperatur servieren (11 \u00b0C)<\/p>\n<p>Rebsorten: 100 % Chardonnay des Terroirs \u201eLes Aventures\u201c aus der Gemeinde Chouilly, Grand Cru der C\u00f4te des Blancs (klassifiziert 100 %).<\/p>\n<p>Anteil der in Holz ausgebauten Weine: 30% der in die Zusammenstellung eingehenden Weine wurden in Eichenf\u00e4ssern ausgebaut.<\/p>\n<p>Weinbereitung: Perlenbildung \u201eunter Kork\u201c.<\/p>\n<p>Dosage: beschr\u00e4nkt auf 3 g\/l.<\/p>\n<p><em>Champagner<br \/>\nAlkoholgehalt 12%vol.<br \/>\nEnth\u00e4lt Sulfite<br \/>\nA.R. Lenoble, 51480 Damery, NM 240-001 France<\/em><\/p>\n","protected":false},"excerpt":{"rendered":"<p>Der Name dieser Cuv\u00e9e, &#8222;Les Aventures&#8220;, ist der eines kleinen Fleckchens auf dem Terroir von Chouilly, dieser renommierten Gemeinde der C\u00f4te des Blancs mit einer Klassifizierung als Grand Cru zu F\u00fc\u00dfen des Ch\u00e2teau de Saran. Diese einen halben Hektar gro\u00dfe Parzelle produziert Chardonnays von au\u00dferordentlicher Qualit\u00e4t, deren Geheimnis in der sehr ungew\u00f6hnlichen Kreidestruktur des Bodens liegt. Die Assemblage erfolgt durch die Auswahl von Weinen der besten Lesen verschiedener Jahre mit sich erg\u00e4nzenden Eigenschaften \u00e4lterer und gereifter Jahrg\u00e4nge. Da das Streben nach Perfektion auch kompromisslose Entscheidungen verlangt, werden jedes Jahr nur 2.000 Flaschen verkauft. Eine streng limitierte Cuv\u00e9e, die im Verlauf der Zeit noch an G\u00fcte gewinnen wird.<\/p>\n<p>Diese Cuv\u00e9e mit ihrer eleganten Weinigkeit bietet ihre gener\u00f6sen Aromen zum Aperitif aber auch zu pfannengeschwenkten Jakobsmuscheln mit Sauternes, Wachtelconfit mit Mandarinen oder Steinbuttsouffl\u00e9 mit Waldpilzen. Idealerweise bei Kellertemperatur servieren (11 \u00b0C)<\/p>\n<p>Rebsorten: 100 % Chardonnay des Terroirs \u201eLes Aventures\u201c aus der Gemeinde Chouilly, Grand Cru der C\u00f4te des Blancs (klassifiziert 100 %).<\/p>\n<p>Anteil der in Holz ausgebauten Weine: 30% der in die Zusammenstellung eingehenden Weine wurden in Eichenf\u00e4ssern ausgebaut.<\/p>\n<p>Weinbereitung: Perlenbildung \u201eunter Kork\u201c.<\/p>\n<p>Dosage: beschr\u00e4nkt auf 3 g\/l.<\/p>\n<p><em>Champagner<br \/>\nAlkoholgehalt 12%vol.<br \/>\nEnth\u00e4lt Sulfite<br \/>\nA.R. Lenoble, 51480 Damery, NM 240-001 France<\/em><\/p>\n","protected":false},"featured_media":31479,"comment_status":"closed","ping_status":"closed","template":"","meta":{"_acf_changed":false},"product_brand":[],"product_cat":[1539,1542],"product_tag":[1355],"class_list":{"0":"post-8071","1":"product","2":"type-product","3":"status-publish","4":"has-post-thumbnail","6":"product_cat-sekt-champagner-prosecco-co","7":"product_cat-frankreich-2","8":"product_tag-champagne-lenoble-blanc-de-blancs-grand-cru-millisime-schaumwein-reims-epernay-assemblage-methode-traditionnelle-ruetteln-degorgieren-dosage-mousseux-rolf-kaspar-essen-nrw-fachhandel-fachhaendler","10":"first","11":"instock","12":"taxable","13":"shipping-taxable","14":"purchasable","15":"product-type-simple"},"acf":[],"_links":{"self":[{"href":"https:\/\/www.kaspar-spirituosen.de\/shop\/wp-json\/wp\/v2\/product\/8071","targetHints":{"allow":["GET"]}}],"collection":[{"href":"https:\/\/www.kaspar-spirituosen.de\/shop\/wp-json\/wp\/v2\/product"}],"about":[{"href":"https:\/\/www.kaspar-spirituosen.de\/shop\/wp-json\/wp\/v2\/types\/product"}],"replies":[{"embeddable":true,"href":"https:\/\/www.kaspar-spirituosen.de\/shop\/wp-json\/wp\/v2\/comments?post=8071"}],"wp:featuredmedia":[{"embeddable":true,"href":"https:\/\/www.kaspar-spirituosen.de\/shop\/wp-json\/wp\/v2\/media\/31479"}],"wp:attachment":[{"href":"https:\/\/www.kaspar-spirituosen.de\/shop\/wp-json\/wp\/v2\/media?parent=8071"}],"wp:term":[{"taxonomy":"product_brand","embeddable":true,"href":"https:\/\/www.kaspar-spirituosen.de\/shop\/wp-json\/wp\/v2\/product_brand?post=8071"},{"taxonomy":"product_cat","embeddable":true,"href":"https:\/\/www.kaspar-spirituosen.de\/shop\/wp-json\/wp\/v2\/product_cat?post=8071"},{"taxonomy":"product_tag","embeddable":true,"href":"https:\/\/www.kaspar-spirituosen.de\/shop\/wp-json\/wp\/v2\/product_tag?post=8071"}],"curies":[{"name":"wp","href":"https:\/\/api.w.org\/{rel}","templated":true}]}}